{"id":335,"date":"2016-05-21T09:32:11","date_gmt":"2016-05-21T09:32:11","guid":{"rendered":"http:\/\/leroy.loc\/sr\/?page_id=335"},"modified":"2017-12-14T07:19:14","modified_gmt":"2017-12-14T07:19:14","slug":"leroy-istrazivanje-trzista","status":"publish","type":"page","link":"https:\/\/leroy.rs\/sr\/leroy-istrazivanje-trzista\/","title":{"rendered":"Istra\u017eivanje &#038; analiza tr\u017ei\u0161ta"},"content":{"rendered":"<p style=\"text-align: justify;\">Profesionalna analiza tr\u017ei\u0161ta je zna\u010dajna komponenta svake poslovne strategije i omogu\u0107ava nam da klijentima pru\u017eimo relevantnu informaciju o trendovima, kao i strate\u0161ki investicioni savet. Na\u0161 tim sprovodi evaluaciju dinamike specifi\u010dnog segmenta tr\u017ei\u0161ta i pravovremeno daje precizan savet neophodan za dono\u0161enje pravih odluka. Koriste\u0107i alate poslovne inteligencije, poznavanje statisti\u010dkih metoda i primenjene matematike, mo\u017eemo pru\u017eiti dodatnu vrednost na\u0161im klijentima kroz identifikaciju novih poslovnih i tr\u017ei\u0161nih mogu\u0107nosti,<\/p>\n<p>Fleksibilna i prilago\u0111ena potrebama, analiza i pra\u0107enje tr\u017ei\u0161ta pomo\u0107i \u0107e da se dobiju odgovori na na\u010din koji zadovoljava Va\u0161e potrebe. Mi dajemo strate\u0161ke savete i predvi\u0111anja razli\u010ditim klijentima, uklju\u010duju\u0107i investitore, izvo\u0111a\u010de, finansijske institucije i javni sektor.<\/p>\n","protected":false},"excerpt":{"rendered":"<p>Profesionalna analiza tr\u017ei\u0161ta je zna\u010dajna komponenta svake poslovne strategije i omogu\u0107ava nam da klijentima pru\u017eimo relevantnu informaciju o trendovima, kao i strate\u0161ki investicioni savet. Na\u0161 tim sprovodi evaluaciju dinamike specifi\u010dnog segmenta tr\u017ei\u0161ta i pravovremeno daje precizan savet neophodan za dono\u0161enje pravih odluka. Koriste\u0107i alate poslovne inteligencije, poznavanje statisti\u010dkih metoda i primenjene matematike, mo\u017eemo pru\u017eiti dodatnu [&hellip;]<\/p>\n","protected":false},"author":1,"featured_media":962,"parent":0,"menu_order":0,"comment_status":"closed","ping_status":"closed","template":"services.php","meta":{"footnotes":""},"class_list":["post-335","page","type-page","status-publish","has-post-thumbnail","hentry"],"yoast_head":"<!-- This site is optimized with the Yoast SEO plugin v25.2 - https:\/\/yoast.com\/wordpress\/plugins\/seo\/ -->\n<title>Istra\u017eivanje tr\u017ei\u0161ta | LeRoy Nekretnine, Pregled trzista nekretnina, Trziste kancelarijskog prostora, Trziste stambenog prostora, Monitoring trzista nekretnina, Beograd, Srbija<\/title>\n<meta name=\"description\" content=\"LeRoy je kompanija koja posluje u sektoru nekretnina pru\u017eaju\u0107i profesionalne konsultantske usluge i usluge posredovanja. Na\u0161 prevashodni cilj je obezbe\u0111ivanje objedinjene usluge, uz po\u0161tovanje poslovne politike individualnog pristupa svakom klijentu i uz puno razumevanje specifi\u010dnosti lokalnog tr\u017ei\u0161ta.\" \/>\n<meta name=\"robots\" content=\"index, follow, max-snippet:-1, max-image-preview:large, max-video-preview:-1\" \/>\n<link rel=\"canonical\" href=\"http:\/\/leroy.rs\/sr\/leroy-istrazivanje-trzista\/\" \/>\n<meta property=\"og:locale\" content=\"sr_RS\" \/>\n<meta property=\"og:type\" content=\"article\" \/>\n<meta property=\"og:title\" content=\"Istra\u017eivanje tr\u017ei\u0161ta | LeRoy Nekretnine, Pregled trzista nekretnina, Trziste kancelarijskog prostora, Trziste stambenog prostora, Monitoring trzista nekretnina, Beograd, Srbija\" \/>\n<meta property=\"og:description\" content=\"LeRoy je kompanija koja posluje u sektoru nekretnina pru\u017eaju\u0107i profesionalne konsultantske usluge i usluge posredovanja. Na\u0161 prevashodni cilj je obezbe\u0111ivanje objedinjene usluge, uz po\u0161tovanje poslovne politike individualnog pristupa svakom klijentu i uz puno razumevanje specifi\u010dnosti lokalnog tr\u017ei\u0161ta.\" \/>\n<meta property=\"og:url\" content=\"http:\/\/leroy.rs\/sr\/leroy-istrazivanje-trzista\/\" \/>\n<meta property=\"og:site_name\" content=\"LeRoy\" \/>\n<meta property=\"article:modified_time\" content=\"2017-12-14T07:19:14+00:00\" \/>\n<meta property=\"og:image\" content=\"http:\/\/leroy.rs\/wp-content\/uploads\/2016\/05\/market-research.jpg\" \/>\n\t<meta property=\"og:image:width\" content=\"1060\" \/>\n\t<meta property=\"og:image:height\" content=\"350\" \/>\n\t<meta property=\"og:image:type\" content=\"image\/jpeg\" \/>\n<meta name=\"twitter:card\" content=\"summary_large_image\" \/>\n<meta name=\"twitter:title\" content=\"Istra\u017eivanje tr\u017ei\u0161ta | LeRoy Nekretnine, Pregled trzista nekretnina, Trziste kancelarijskog prostora, Trziste stambenog prostora, Monitoring trzista nekretnina, Beograd, Srbija\" \/>\n<meta name=\"twitter:description\" content=\"LeRoy je kompanija koja posluje u sektoru nekretnina pru\u017eaju\u0107i profesionalne konsultantske usluge i usluge posredovanja. Na\u0161 prevashodni cilj je obezbe\u0111ivanje objedinjene usluge, uz po\u0161tovanje poslovne politike individualnog pristupa svakom klijentu i uz puno razumevanje specifi\u010dnosti lokalnog tr\u017ei\u0161ta.\" \/>\n<meta name=\"twitter:label1\" content=\"\u041f\u0440\u043e\u0446\u0435\u045a\u0435\u043d\u043e \u0432\u0440\u0435\u043c\u0435 \u0447\u0438\u0442\u0430\u045a\u0430\" \/>\n\t<meta name=\"twitter:data1\" content=\"1 \u043c\u0438\u043d\u0443\u0442\" \/>\n<script type=\"application\/ld+json\" class=\"yoast-schema-graph\">{\"@context\":\"https:\/\/schema.org\",\"@graph\":[{\"@type\":\"WebPage\",\"@id\":\"http:\/\/leroy.rs\/sr\/leroy-istrazivanje-trzista\/\",\"url\":\"http:\/\/leroy.rs\/sr\/leroy-istrazivanje-trzista\/\",\"name\":\"Istra\u017eivanje tr\u017ei\u0161ta | LeRoy Nekretnine, Pregled trzista nekretnina, Trziste kancelarijskog prostora, Trziste stambenog prostora, Monitoring trzista nekretnina, Beograd, Srbija\",\"isPartOf\":{\"@id\":\"http:\/\/leroy.rs\/#website\"},\"primaryImageOfPage\":{\"@id\":\"http:\/\/leroy.rs\/sr\/leroy-istrazivanje-trzista\/#primaryimage\"},\"image\":{\"@id\":\"http:\/\/leroy.rs\/sr\/leroy-istrazivanje-trzista\/#primaryimage\"},\"thumbnailUrl\":\"https:\/\/leroy.rs\/wp-content\/uploads\/2016\/05\/market-research.jpg\",\"datePublished\":\"2016-05-21T09:32:11+00:00\",\"dateModified\":\"2017-12-14T07:19:14+00:00\",\"description\":\"LeRoy je kompanija koja posluje u sektoru nekretnina pru\u017eaju\u0107i profesionalne konsultantske usluge i usluge posredovanja. Na\u0161 prevashodni cilj je obezbe\u0111ivanje objedinjene usluge, uz po\u0161tovanje poslovne politike individualnog pristupa svakom klijentu i uz puno razumevanje specifi\u010dnosti lokalnog tr\u017ei\u0161ta.\",\"breadcrumb\":{\"@id\":\"http:\/\/leroy.rs\/sr\/leroy-istrazivanje-trzista\/#breadcrumb\"},\"inLanguage\":\"sr-RS\",\"potentialAction\":[{\"@type\":\"ReadAction\",\"target\":[\"http:\/\/leroy.rs\/sr\/leroy-istrazivanje-trzista\/\"]}]},{\"@type\":\"ImageObject\",\"inLanguage\":\"sr-RS\",\"@id\":\"http:\/\/leroy.rs\/sr\/leroy-istrazivanje-trzista\/#primaryimage\",\"url\":\"https:\/\/leroy.rs\/wp-content\/uploads\/2016\/05\/market-research.jpg\",\"contentUrl\":\"https:\/\/leroy.rs\/wp-content\/uploads\/2016\/05\/market-research.jpg\",\"width\":1060,\"height\":350,\"caption\":\"istrazivanje trzista\"},{\"@type\":\"BreadcrumbList\",\"@id\":\"http:\/\/leroy.rs\/sr\/leroy-istrazivanje-trzista\/#breadcrumb\",\"itemListElement\":[{\"@type\":\"ListItem\",\"position\":1,\"name\":\"Home\",\"item\":\"http:\/\/leroy.rs\/sr\/\"},{\"@type\":\"ListItem\",\"position\":2,\"name\":\"Istra\u017eivanje &#038; analiza tr\u017ei\u0161ta\"}]},{\"@type\":\"WebSite\",\"@id\":\"http:\/\/leroy.rs\/#website\",\"url\":\"http:\/\/leroy.rs\/\",\"name\":\"LeRoy\",\"description\":\"Real Estate company\",\"publisher\":{\"@id\":\"http:\/\/leroy.rs\/#organization\"},\"potentialAction\":[{\"@type\":\"SearchAction\",\"target\":{\"@type\":\"EntryPoint\",\"urlTemplate\":\"http:\/\/leroy.rs\/?s={search_term_string}\"},\"query-input\":{\"@type\":\"PropertyValueSpecification\",\"valueRequired\":true,\"valueName\":\"search_term_string\"}}],\"inLanguage\":\"sr-RS\"},{\"@type\":\"Organization\",\"@id\":\"http:\/\/leroy.rs\/#organization\",\"name\":\"LeRoy, Real Estate company\",\"url\":\"http:\/\/leroy.rs\/\",\"logo\":{\"@type\":\"ImageObject\",\"inLanguage\":\"sr-RS\",\"@id\":\"http:\/\/leroy.rs\/#\/schema\/logo\/image\/\",\"url\":\"https:\/\/leroy.rs\/wp-content\/uploads\/2016\/05\/LEROY_logo.jpg\",\"contentUrl\":\"https:\/\/leroy.rs\/wp-content\/uploads\/2016\/05\/LEROY_logo.jpg\",\"width\":480,\"height\":334,\"caption\":\"LeRoy, Real Estate company\"},\"image\":{\"@id\":\"http:\/\/leroy.rs\/#\/schema\/logo\/image\/\"}}]}<\/script>\n<!-- \/ Yoast SEO plugin. -->","yoast_head_json":{"title":"Istra\u017eivanje tr\u017ei\u0161ta | LeRoy Nekretnine, Pregled trzista nekretnina, Trziste kancelarijskog prostora, Trziste stambenog prostora, Monitoring trzista nekretnina, Beograd, Srbija","description":"LeRoy je kompanija koja posluje u sektoru nekretnina pru\u017eaju\u0107i profesionalne konsultantske usluge i usluge posredovanja. Na\u0161 prevashodni cilj je obezbe\u0111ivanje objedinjene usluge, uz po\u0161tovanje poslovne politike individualnog pristupa svakom klijentu i uz puno razumevanje specifi\u010dnosti lokalnog tr\u017ei\u0161ta.","robots":{"index":"index","follow":"follow","max-snippet":"max-snippet:-1","max-image-preview":"max-image-preview:large","max-video-preview":"max-video-preview:-1"},"canonical":"http:\/\/leroy.rs\/sr\/leroy-istrazivanje-trzista\/","og_locale":"sr_RS","og_type":"article","og_title":"Istra\u017eivanje tr\u017ei\u0161ta | LeRoy Nekretnine, Pregled trzista nekretnina, Trziste kancelarijskog prostora, Trziste stambenog prostora, Monitoring trzista nekretnina, Beograd, Srbija","og_description":"LeRoy je kompanija koja posluje u sektoru nekretnina pru\u017eaju\u0107i profesionalne konsultantske usluge i usluge posredovanja. Na\u0161 prevashodni cilj je obezbe\u0111ivanje objedinjene usluge, uz po\u0161tovanje poslovne politike individualnog pristupa svakom klijentu i uz puno razumevanje specifi\u010dnosti lokalnog tr\u017ei\u0161ta.","og_url":"http:\/\/leroy.rs\/sr\/leroy-istrazivanje-trzista\/","og_site_name":"LeRoy","article_modified_time":"2017-12-14T07:19:14+00:00","og_image":[{"width":1060,"height":350,"url":"http:\/\/leroy.rs\/wp-content\/uploads\/2016\/05\/market-research.jpg","type":"image\/jpeg"}],"twitter_card":"summary_large_image","twitter_title":"Istra\u017eivanje tr\u017ei\u0161ta | LeRoy Nekretnine, Pregled trzista nekretnina, Trziste kancelarijskog prostora, Trziste stambenog prostora, Monitoring trzista nekretnina, Beograd, Srbija","twitter_description":"LeRoy je kompanija koja posluje u sektoru nekretnina pru\u017eaju\u0107i profesionalne konsultantske usluge i usluge posredovanja. Na\u0161 prevashodni cilj je obezbe\u0111ivanje objedinjene usluge, uz po\u0161tovanje poslovne politike individualnog pristupa svakom klijentu i uz puno razumevanje specifi\u010dnosti lokalnog tr\u017ei\u0161ta.","twitter_misc":{"\u041f\u0440\u043e\u0446\u0435\u045a\u0435\u043d\u043e \u0432\u0440\u0435\u043c\u0435 \u0447\u0438\u0442\u0430\u045a\u0430":"1 \u043c\u0438\u043d\u0443\u0442"},"schema":{"@context":"https:\/\/schema.org","@graph":[{"@type":"WebPage","@id":"http:\/\/leroy.rs\/sr\/leroy-istrazivanje-trzista\/","url":"http:\/\/leroy.rs\/sr\/leroy-istrazivanje-trzista\/","name":"Istra\u017eivanje tr\u017ei\u0161ta | LeRoy Nekretnine, Pregled trzista nekretnina, Trziste kancelarijskog prostora, Trziste stambenog prostora, Monitoring trzista nekretnina, Beograd, Srbija","isPartOf":{"@id":"http:\/\/leroy.rs\/#website"},"primaryImageOfPage":{"@id":"http:\/\/leroy.rs\/sr\/leroy-istrazivanje-trzista\/#primaryimage"},"image":{"@id":"http:\/\/leroy.rs\/sr\/leroy-istrazivanje-trzista\/#primaryimage"},"thumbnailUrl":"https:\/\/leroy.rs\/wp-content\/uploads\/2016\/05\/market-research.jpg","datePublished":"2016-05-21T09:32:11+00:00","dateModified":"2017-12-14T07:19:14+00:00","description":"LeRoy je kompanija koja posluje u sektoru nekretnina pru\u017eaju\u0107i profesionalne konsultantske usluge i usluge posredovanja. Na\u0161 prevashodni cilj je obezbe\u0111ivanje objedinjene usluge, uz po\u0161tovanje poslovne politike individualnog pristupa svakom klijentu i uz puno razumevanje specifi\u010dnosti lokalnog tr\u017ei\u0161ta.","breadcrumb":{"@id":"http:\/\/leroy.rs\/sr\/leroy-istrazivanje-trzista\/#breadcrumb"},"inLanguage":"sr-RS","potentialAction":[{"@type":"ReadAction","target":["http:\/\/leroy.rs\/sr\/leroy-istrazivanje-trzista\/"]}]},{"@type":"ImageObject","inLanguage":"sr-RS","@id":"http:\/\/leroy.rs\/sr\/leroy-istrazivanje-trzista\/#primaryimage","url":"https:\/\/leroy.rs\/wp-content\/uploads\/2016\/05\/market-research.jpg","contentUrl":"https:\/\/leroy.rs\/wp-content\/uploads\/2016\/05\/market-research.jpg","width":1060,"height":350,"caption":"istrazivanje trzista"},{"@type":"BreadcrumbList","@id":"http:\/\/leroy.rs\/sr\/leroy-istrazivanje-trzista\/#breadcrumb","itemListElement":[{"@type":"ListItem","position":1,"name":"Home","item":"http:\/\/leroy.rs\/sr\/"},{"@type":"ListItem","position":2,"name":"Istra\u017eivanje &#038; analiza tr\u017ei\u0161ta"}]},{"@type":"WebSite","@id":"http:\/\/leroy.rs\/#website","url":"http:\/\/leroy.rs\/","name":"LeRoy","description":"Real Estate company","publisher":{"@id":"http:\/\/leroy.rs\/#organization"},"potentialAction":[{"@type":"SearchAction","target":{"@type":"EntryPoint","urlTemplate":"http:\/\/leroy.rs\/?s={search_term_string}"},"query-input":{"@type":"PropertyValueSpecification","valueRequired":true,"valueName":"search_term_string"}}],"inLanguage":"sr-RS"},{"@type":"Organization","@id":"http:\/\/leroy.rs\/#organization","name":"LeRoy, Real Estate company","url":"http:\/\/leroy.rs\/","logo":{"@type":"ImageObject","inLanguage":"sr-RS","@id":"http:\/\/leroy.rs\/#\/schema\/logo\/image\/","url":"https:\/\/leroy.rs\/wp-content\/uploads\/2016\/05\/LEROY_logo.jpg","contentUrl":"https:\/\/leroy.rs\/wp-content\/uploads\/2016\/05\/LEROY_logo.jpg","width":480,"height":334,"caption":"LeRoy, Real Estate company"},"image":{"@id":"http:\/\/leroy.rs\/#\/schema\/logo\/image\/"}}]}},"_links":{"self":[{"href":"https:\/\/leroy.rs\/sr\/wp-json\/wp\/v2\/pages\/335","targetHints":{"allow":["GET"]}}],"collection":[{"href":"https:\/\/leroy.rs\/sr\/wp-json\/wp\/v2\/pages"}],"about":[{"href":"https:\/\/leroy.rs\/sr\/wp-json\/wp\/v2\/types\/page"}],"author":[{"embeddable":true,"href":"https:\/\/leroy.rs\/sr\/wp-json\/wp\/v2\/users\/1"}],"replies":[{"embeddable":true,"href":"https:\/\/leroy.rs\/sr\/wp-json\/wp\/v2\/comments?post=335"}],"version-history":[{"count":5,"href":"https:\/\/leroy.rs\/sr\/wp-json\/wp\/v2\/pages\/335\/revisions"}],"predecessor-version":[{"id":769,"href":"https:\/\/leroy.rs\/sr\/wp-json\/wp\/v2\/pages\/335\/revisions\/769"}],"wp:featuredmedia":[{"embeddable":true,"href":"https:\/\/leroy.rs\/sr\/wp-json\/wp\/v2\/media\/962"}],"wp:attachment":[{"href":"https:\/\/leroy.rs\/sr\/wp-json\/wp\/v2\/media?parent=335"}],"curies":[{"name":"wp","href":"https:\/\/api.w.org\/{rel}","templated":true}]}}