{"id":395,"date":"2016-05-21T15:28:03","date_gmt":"2016-05-21T15:28:03","guid":{"rendered":"http:\/\/leroy.loc\/sr\/?page_id=395"},"modified":"2016-05-29T11:38:29","modified_gmt":"2016-05-29T11:38:29","slug":"sitemap","status":"publish","type":"page","link":"http:\/\/leroy.rs\/sr\/sitemap\/","title":{"rendered":"Mapa sajta"},"content":{"rendered":"<ul>\n<li><a class=\"poseban_link\" href=\"http:\/\/leroy.rs\/sr\/\">Po\u010detna<\/a><\/li>\n<li><a class=\"poseban_link\" href=\"http:\/\/leroy.rs\/sr\/leroy-usluge\/\">Usluge<\/a>\n<ul>\n<li><a class=\"poseban_link\" href=\"http:\/\/leroy.rs\/sr\/leroy-konsultantske-usluge\/\">Konsultatntske usluge<\/a><\/li>\n<li><a class=\"poseban_link\" href=\"http:\/\/leroy.rs\/sr\/leroy-procena-vrednosti\/\">Procena vrednosti<\/a><\/li>\n<li><a class=\"poseban_link\" href=\"http:\/\/leroy.rs\/sr\/leroy-istrazivanje-trzista\/\">Istra\u017eivanje tr\u017ei\u0161ta<\/a><\/li>\n<li><a class=\"poseban_link\" href=\"\/?page_id=337\">Zastupanje zakupca<\/a><\/li>\n<li><a class=\"poseban_link\" href=\"\/?page_id=341\">Zastupanje zakupodavca<\/a><\/li>\n<li><a class=\"poseban_link\" href=\"http:\/\/leroy.rs\/sr\/leroy-investiciona-prodaja-kupovina\/\">Investiciona prodaja &amp; kupovina<\/a><\/li>\n<\/ul>\n<\/li>\n<li><a class=\"poseban_link\" href=\"http:\/\/leroy.rs\/sr\/leroy-konsalting-projekti\/\">Projekti<\/a><\/li>\n<li><a class=\"poseban_link\" href=\"http:\/\/leroy.rs\/sr\/istrazivanje-i-publikacije\/\">Istra\u017eivanje &amp; publikacije<\/a><\/li>\n<li><a class=\"poseban_link\" href=\"http:\/\/leroy.rs\/sr\/leroy-o-nama\/\">O nama<\/a>\n<ul>\n<li>  <a href=\"http:\/\/leroy.rs\/mitar-bulatovic\/\">Mitar Bulatovi\u0107<\/a><\/li>\n<li>  <a href=\"http:\/\/leroy.rs\/zana-sipovac\/\">\u017dana \u0160ipovac<\/a><\/li>\n<\/ul>\n<\/li>\n<li>  <a href=\"http:\/\/leroy.rs\/sr\/references\/\">Reference<\/a><\/li>\n<li><a class=\"poseban_link\" href=\"http:\/\/leroy.rs\/sr\/leroy-karijera\/\">Karijera<\/a><\/li>\n<li><a class=\"poseban_link\" href=\"http:\/\/leroy.rs\/sr\/leroy-kontakt\/\">Kontakt<\/a><\/li>\n<li>  <a href=\"http:\/\/leroy.rs\/sr\/vesti\/\">Vesti<\/a>\n<ul>\n<li>  <a href=\"http:\/\/leroy.rs\/sr\/sve-vesti\/\">Sve vesti<\/a><\/li>\n<\/ul>\n<\/li>\n<li><a class=\"poseban_link\" href=\"http:\/\/leroy.rs\/sr\/sitemap\/\">Mapa sajta<\/a><\/li>\n<li><a class=\"poseban_link\" href=\"http:\/\/leroy.rs\">English<\/a><\/li>\n<\/ul>\n","protected":false},"excerpt":{"rendered":"<p>Po\u010detna Usluge Konsultatntske usluge Procena vrednosti Istra\u017eivanje tr\u017ei\u0161ta Zastupanje zakupca Zastupanje zakupodavca Investiciona prodaja &amp; kupovina Projekti Istra\u017eivanje &amp; publikacije O nama Mitar Bulatovi\u0107 \u017dana \u0160ipovac Reference Karijera Kontakt Vesti Sve vesti Mapa sajta English<\/p>\n","protected":false},"author":1,"featured_media":0,"parent":0,"menu_order":0,"comment_status":"closed","ping_status":"closed","template":"","meta":{"footnotes":""},"class_list":["post-395","page","type-page","status-publish","hentry"],"yoast_head":"<!-- This site is optimized with the Yoast SEO plugin v25.2 - https:\/\/yoast.com\/wordpress\/plugins\/seo\/ -->\n<title>Mapa sajta | Lista svih strana, LeRoy Konsultantske usluge<\/title>\n<meta name=\"description\" content=\"Mapa sajta | Struktuirana lista svih stranica dostupnih na sajtu LeRoy.rs. Idite na bilo koju stranu koja je u va\u0161em interesu.\" \/>\n<meta name=\"robots\" content=\"index, follow, max-snippet:-1, max-image-preview:large, max-video-preview:-1\" \/>\n<link rel=\"canonical\" href=\"http:\/\/leroy.rs\/sr\/sitemap\/\" \/>\n<meta property=\"og:locale\" content=\"sr_RS\" \/>\n<meta property=\"og:type\" content=\"article\" \/>\n<meta property=\"og:title\" content=\"Mapa sajta | Lista svih strana, LeRoy Konsultantske usluge\" \/>\n<meta property=\"og:description\" content=\"Mapa sajta | Struktuirana lista svih stranica dostupnih na sajtu LeRoy.rs. Idite na bilo koju stranu koja je u va\u0161em interesu.\" \/>\n<meta property=\"og:url\" content=\"http:\/\/leroy.rs\/sr\/sitemap\/\" \/>\n<meta property=\"og:site_name\" content=\"LeRoy\" \/>\n<meta property=\"article:modified_time\" content=\"2016-05-29T11:38:29+00:00\" \/>\n<meta name=\"twitter:card\" content=\"summary_large_image\" \/>\n<script type=\"application\/ld+json\" class=\"yoast-schema-graph\">{\"@context\":\"https:\/\/schema.org\",\"@graph\":[{\"@type\":\"WebPage\",\"@id\":\"http:\/\/leroy.rs\/sr\/sitemap\/\",\"url\":\"http:\/\/leroy.rs\/sr\/sitemap\/\",\"name\":\"Mapa sajta | Lista svih strana, LeRoy Konsultantske usluge\",\"isPartOf\":{\"@id\":\"http:\/\/leroy.rs\/#website\"},\"datePublished\":\"2016-05-21T15:28:03+00:00\",\"dateModified\":\"2016-05-29T11:38:29+00:00\",\"description\":\"Mapa sajta | Struktuirana lista svih stranica dostupnih na sajtu LeRoy.rs. Idite na bilo koju stranu koja je u va\u0161em interesu.\",\"breadcrumb\":{\"@id\":\"http:\/\/leroy.rs\/sr\/sitemap\/#breadcrumb\"},\"inLanguage\":\"sr-RS\",\"potentialAction\":[{\"@type\":\"ReadAction\",\"target\":[\"http:\/\/leroy.rs\/sr\/sitemap\/\"]}]},{\"@type\":\"BreadcrumbList\",\"@id\":\"http:\/\/leroy.rs\/sr\/sitemap\/#breadcrumb\",\"itemListElement\":[{\"@type\":\"ListItem\",\"position\":1,\"name\":\"Home\",\"item\":\"http:\/\/leroy.rs\/sr\/\"},{\"@type\":\"ListItem\",\"position\":2,\"name\":\"Mapa sajta\"}]},{\"@type\":\"WebSite\",\"@id\":\"http:\/\/leroy.rs\/#website\",\"url\":\"http:\/\/leroy.rs\/\",\"name\":\"LeRoy\",\"description\":\"Real Estate company\",\"publisher\":{\"@id\":\"http:\/\/leroy.rs\/#organization\"},\"potentialAction\":[{\"@type\":\"SearchAction\",\"target\":{\"@type\":\"EntryPoint\",\"urlTemplate\":\"http:\/\/leroy.rs\/?s={search_term_string}\"},\"query-input\":{\"@type\":\"PropertyValueSpecification\",\"valueRequired\":true,\"valueName\":\"search_term_string\"}}],\"inLanguage\":\"sr-RS\"},{\"@type\":\"Organization\",\"@id\":\"http:\/\/leroy.rs\/#organization\",\"name\":\"LeRoy, Real Estate company\",\"url\":\"http:\/\/leroy.rs\/\",\"logo\":{\"@type\":\"ImageObject\",\"inLanguage\":\"sr-RS\",\"@id\":\"http:\/\/leroy.rs\/#\/schema\/logo\/image\/\",\"url\":\"https:\/\/leroy.rs\/wp-content\/uploads\/2016\/05\/LEROY_logo.jpg\",\"contentUrl\":\"https:\/\/leroy.rs\/wp-content\/uploads\/2016\/05\/LEROY_logo.jpg\",\"width\":480,\"height\":334,\"caption\":\"LeRoy, Real Estate company\"},\"image\":{\"@id\":\"http:\/\/leroy.rs\/#\/schema\/logo\/image\/\"}}]}<\/script>\n<!-- \/ Yoast SEO plugin. -->","yoast_head_json":{"title":"Mapa sajta | Lista svih strana, LeRoy Konsultantske usluge","description":"Mapa sajta | Struktuirana lista svih stranica dostupnih na sajtu LeRoy.rs. Idite na bilo koju stranu koja je u va\u0161em interesu.","robots":{"index":"index","follow":"follow","max-snippet":"max-snippet:-1","max-image-preview":"max-image-preview:large","max-video-preview":"max-video-preview:-1"},"canonical":"http:\/\/leroy.rs\/sr\/sitemap\/","og_locale":"sr_RS","og_type":"article","og_title":"Mapa sajta | Lista svih strana, LeRoy Konsultantske usluge","og_description":"Mapa sajta | Struktuirana lista svih stranica dostupnih na sajtu LeRoy.rs. Idite na bilo koju stranu koja je u va\u0161em interesu.","og_url":"http:\/\/leroy.rs\/sr\/sitemap\/","og_site_name":"LeRoy","article_modified_time":"2016-05-29T11:38:29+00:00","twitter_card":"summary_large_image","schema":{"@context":"https:\/\/schema.org","@graph":[{"@type":"WebPage","@id":"http:\/\/leroy.rs\/sr\/sitemap\/","url":"http:\/\/leroy.rs\/sr\/sitemap\/","name":"Mapa sajta | Lista svih strana, LeRoy Konsultantske usluge","isPartOf":{"@id":"http:\/\/leroy.rs\/#website"},"datePublished":"2016-05-21T15:28:03+00:00","dateModified":"2016-05-29T11:38:29+00:00","description":"Mapa sajta | Struktuirana lista svih stranica dostupnih na sajtu LeRoy.rs. Idite na bilo koju stranu koja je u va\u0161em interesu.","breadcrumb":{"@id":"http:\/\/leroy.rs\/sr\/sitemap\/#breadcrumb"},"inLanguage":"sr-RS","potentialAction":[{"@type":"ReadAction","target":["http:\/\/leroy.rs\/sr\/sitemap\/"]}]},{"@type":"BreadcrumbList","@id":"http:\/\/leroy.rs\/sr\/sitemap\/#breadcrumb","itemListElement":[{"@type":"ListItem","position":1,"name":"Home","item":"http:\/\/leroy.rs\/sr\/"},{"@type":"ListItem","position":2,"name":"Mapa sajta"}]},{"@type":"WebSite","@id":"http:\/\/leroy.rs\/#website","url":"http:\/\/leroy.rs\/","name":"LeRoy","description":"Real Estate company","publisher":{"@id":"http:\/\/leroy.rs\/#organization"},"potentialAction":[{"@type":"SearchAction","target":{"@type":"EntryPoint","urlTemplate":"http:\/\/leroy.rs\/?s={search_term_string}"},"query-input":{"@type":"PropertyValueSpecification","valueRequired":true,"valueName":"search_term_string"}}],"inLanguage":"sr-RS"},{"@type":"Organization","@id":"http:\/\/leroy.rs\/#organization","name":"LeRoy, Real Estate company","url":"http:\/\/leroy.rs\/","logo":{"@type":"ImageObject","inLanguage":"sr-RS","@id":"http:\/\/leroy.rs\/#\/schema\/logo\/image\/","url":"https:\/\/leroy.rs\/wp-content\/uploads\/2016\/05\/LEROY_logo.jpg","contentUrl":"https:\/\/leroy.rs\/wp-content\/uploads\/2016\/05\/LEROY_logo.jpg","width":480,"height":334,"caption":"LeRoy, Real Estate company"},"image":{"@id":"http:\/\/leroy.rs\/#\/schema\/logo\/image\/"}}]}},"_links":{"self":[{"href":"http:\/\/leroy.rs\/sr\/wp-json\/wp\/v2\/pages\/395","targetHints":{"allow":["GET"]}}],"collection":[{"href":"http:\/\/leroy.rs\/sr\/wp-json\/wp\/v2\/pages"}],"about":[{"href":"http:\/\/leroy.rs\/sr\/wp-json\/wp\/v2\/types\/page"}],"author":[{"embeddable":true,"href":"http:\/\/leroy.rs\/sr\/wp-json\/wp\/v2\/users\/1"}],"replies":[{"embeddable":true,"href":"http:\/\/leroy.rs\/sr\/wp-json\/wp\/v2\/comments?post=395"}],"version-history":[{"count":7,"href":"http:\/\/leroy.rs\/sr\/wp-json\/wp\/v2\/pages\/395\/revisions"}],"predecessor-version":[{"id":572,"href":"http:\/\/leroy.rs\/sr\/wp-json\/wp\/v2\/pages\/395\/revisions\/572"}],"wp:attachment":[{"href":"http:\/\/leroy.rs\/sr\/wp-json\/wp\/v2\/media?parent=395"}],"curies":[{"name":"wp","href":"https:\/\/api.w.org\/{rel}","templated":true}]}}