{"id":363,"date":"2016-05-21T09:58:18","date_gmt":"2016-05-21T09:58:18","guid":{"rendered":"http:\/\/leroy.loc\/sr\/?page_id=363"},"modified":"2025-06-10T11:18:59","modified_gmt":"2025-06-10T11:18:59","slug":"mitar-bulatovic","status":"publish","type":"page","link":"http:\/\/leroy.rs\/sr\/mitar-bulatovic\/","title":{"rendered":"Mitar Bulatovi\u0107"},"content":{"rendered":"<table class=\"top20 about-table\" border=\"0\">\n<tbody>\n<tr>\n<td><a href=\"http:\/\/leroy.rs\/mitar-bulatovic\/\"> <img loading=\"lazy\" decoding=\"async\" class=\"alignnone size-full wp-image-671\" src=\"http:\/\/leroy.rs\/wp-content\/uploads\/2016\/05\/mitar-bulatovic.png\" alt=\"Mitar Bulatovic\" width=\"212\" height=\"256\" \/><\/a><\/td>\n<td width=\"25\"><\/td>\n<td width=\"170\">\n<h2><a href=\"http:\/\/leroy.rs\/mitar-bulatovic\/\">Mitar Bulatovic<\/a><\/h2>\n<p>Managing Director<\/p>\n<p>T: <a href=\"tel:+38111242632300\">+381 69 123 11 55<\/a><br \/>\nE: <a href=\"mailto:mitar.bulatovic@leroy.rs\">mitar.bulatovic@leroy.rs<\/a><\/p>\n<p><a title=\"Mitar Bulatovic on LinkedIn\" href=\"http:\/\/rs.linkedin.com\/in\/mitarbulatovic\" target=\"_blank\" rel=\"noopener\"> <img loading=\"lazy\" decoding=\"async\" class=\"ikonica\" src=\"http:\/\/leroy.rs\/wp-content\/uploads\/2016\/05\/linkedin.jpg\" alt=\"Mitar Bulatovic on LinkedIn\" width=\"20\" height=\"20\" border=\"0\" \/><\/a><a title=\"Download VCard: Mitar Bulatovic\" href=\"http:\/\/leroy.rs\/Mitar_Bulatovic.vcf\"> <img loading=\"lazy\" decoding=\"async\" src=\"http:\/\/leroy.rs\/wp-content\/uploads\/2016\/05\/download_vcard.jpg\" alt=\"Download VCard: Mitar Bulatovic\" width=\"122\" height=\"21\" border=\"0\" \/><\/a><\/td>\n<td width=\"50\"><\/td>\n<td align=\"justify\"><strong>Mitar Bulatovi\u0107<\/strong> poseduje skoro dvadeset godina iskustva na tr\u017ei\u0161tu nekretnina u regiji Jugoisto\u010dne Evrope. Mitar je odgovoran za razvoj poslovanja, sa fokusom na razvoj investicionih proizvoda, negovanje odnosa sa klijentima i ostvarivanje uspe\u0161nih transakcija.<\/p>\n<p>Tokom karijere se bavio konsultantskim radom i savetovanjem klijenata u delu investicione prodaje razli\u010ditih tipova imovine.<\/td>\n<\/tr>\n<\/tbody>\n<\/table>\n","protected":false},"excerpt":{"rendered":"<p>Mitar Bulatovic Managing Director T: +381 69 123 11 55 E: mitar.bulatovic@leroy.rs Mitar Bulatovi\u0107 poseduje skoro dvadeset godina iskustva na tr\u017ei\u0161tu nekretnina u regiji Jugoisto\u010dne Evrope. Mitar je odgovoran za razvoj poslovanja, sa fokusom na razvoj investicionih proizvoda, negovanje odnosa sa klijentima i ostvarivanje uspe\u0161nih transakcija. Tokom karijere se bavio konsultantskim radom i savetovanjem klijenata [&hellip;]<\/p>\n","protected":false},"author":4,"featured_media":898,"parent":0,"menu_order":0,"comment_status":"closed","ping_status":"closed","template":"employees.php","meta":{"footnotes":""},"class_list":["post-363","page","type-page","status-publish","has-post-thumbnail","hentry"],"yoast_head":"<!-- This site is optimized with the Yoast SEO plugin v25.2 - https:\/\/yoast.com\/wordpress\/plugins\/seo\/ -->\n<title>Mitar Bulatovi\u0107 | LeRoy Nekretnine, Nekretnine konsalting, Konsultantske usluge nekretnine, Ekspertiza tr\u017ei\u0161ta nekretnina, Razvoj nekretnina, Beograd, Srbija<\/title>\n<meta name=\"description\" content=\"Konsultantske usluge nekretnine, Ekspertiza trzista nekretnina, Nekretnine konsalting, Stambeni, Kancelarijski, Maloprodajni, Industrijski i logistcki, Hotelski, Beograd, Srbija, Razvoj nekretnina.\" \/>\n<meta name=\"robots\" content=\"index, follow, max-snippet:-1, max-image-preview:large, max-video-preview:-1\" \/>\n<link rel=\"canonical\" href=\"http:\/\/leroy.rs\/sr\/mitar-bulatovic\/\" \/>\n<meta property=\"og:locale\" content=\"sr_RS\" \/>\n<meta property=\"og:type\" content=\"article\" \/>\n<meta property=\"og:title\" content=\"Mitar Bulatovi\u0107 | LeRoy Nekretnine, Nekretnine konsalting, Konsultantske usluge nekretnine, Ekspertiza tr\u017ei\u0161ta nekretnina, Razvoj nekretnina, Beograd, Srbija\" \/>\n<meta property=\"og:description\" content=\"Konsultantske usluge nekretnine, Ekspertiza trzista nekretnina, Nekretnine konsalting, Stambeni, Kancelarijski, Maloprodajni, Industrijski i logistcki, Hotelski, Beograd, Srbija, Razvoj nekretnina.\" \/>\n<meta property=\"og:url\" content=\"http:\/\/leroy.rs\/sr\/mitar-bulatovic\/\" \/>\n<meta property=\"og:site_name\" content=\"LeRoy\" \/>\n<meta property=\"article:modified_time\" content=\"2025-06-10T11:18:59+00:00\" \/>\n<meta property=\"og:image\" content=\"http:\/\/leroy.rs\/wp-content\/uploads\/2016\/05\/real_estate_consulting_services_about_us.jpg\" \/>\n\t<meta property=\"og:image:width\" content=\"1060\" \/>\n\t<meta property=\"og:image:height\" content=\"375\" \/>\n\t<meta property=\"og:image:type\" content=\"image\/jpeg\" \/>\n<meta name=\"twitter:card\" content=\"summary_large_image\" \/>\n<meta name=\"twitter:title\" content=\"Mitar Bulatovi\u0107 | LeRoy Nekretnine, Nekretnine konsalting, Konsultantske usluge nekretnine, Ekspertiza tr\u017ei\u0161ta nekretnina, Razvoj nekretnina, Beograd, Srbija\" \/>\n<meta name=\"twitter:description\" content=\"Konsultantske usluge nekretnine, Ekspertiza trzista nekretnina, Nekretnine konsalting, Stambeni, Kancelarijski, Maloprodajni, Industrijski i logistcki, Hotelski, Beograd, Srbija, Razvoj nekretnina.\" \/>\n<meta name=\"twitter:label1\" content=\"\u041f\u0440\u043e\u0446\u0435\u045a\u0435\u043d\u043e \u0432\u0440\u0435\u043c\u0435 \u0447\u0438\u0442\u0430\u045a\u0430\" \/>\n\t<meta name=\"twitter:data1\" content=\"2 \u043c\u0438\u043d\u0443\u0442\u0430\" \/>\n<script type=\"application\/ld+json\" class=\"yoast-schema-graph\">{\"@context\":\"https:\/\/schema.org\",\"@graph\":[{\"@type\":\"WebPage\",\"@id\":\"http:\/\/leroy.rs\/sr\/mitar-bulatovic\/\",\"url\":\"http:\/\/leroy.rs\/sr\/mitar-bulatovic\/\",\"name\":\"Mitar Bulatovi\u0107 | LeRoy Nekretnine, Nekretnine konsalting, Konsultantske usluge nekretnine, Ekspertiza tr\u017ei\u0161ta nekretnina, Razvoj nekretnina, Beograd, Srbija\",\"isPartOf\":{\"@id\":\"http:\/\/leroy.rs\/#website\"},\"primaryImageOfPage\":{\"@id\":\"http:\/\/leroy.rs\/sr\/mitar-bulatovic\/#primaryimage\"},\"image\":{\"@id\":\"http:\/\/leroy.rs\/sr\/mitar-bulatovic\/#primaryimage\"},\"thumbnailUrl\":\"http:\/\/leroy.rs\/wp-content\/uploads\/2016\/05\/real_estate_consulting_services_about_us.jpg\",\"datePublished\":\"2016-05-21T09:58:18+00:00\",\"dateModified\":\"2025-06-10T11:18:59+00:00\",\"description\":\"Konsultantske usluge nekretnine, Ekspertiza trzista nekretnina, Nekretnine konsalting, Stambeni, Kancelarijski, Maloprodajni, Industrijski i logistcki, Hotelski, Beograd, Srbija, Razvoj nekretnina.\",\"breadcrumb\":{\"@id\":\"http:\/\/leroy.rs\/sr\/mitar-bulatovic\/#breadcrumb\"},\"inLanguage\":\"sr-RS\",\"potentialAction\":[{\"@type\":\"ReadAction\",\"target\":[\"http:\/\/leroy.rs\/sr\/mitar-bulatovic\/\"]}]},{\"@type\":\"ImageObject\",\"inLanguage\":\"sr-RS\",\"@id\":\"http:\/\/leroy.rs\/sr\/mitar-bulatovic\/#primaryimage\",\"url\":\"http:\/\/leroy.rs\/wp-content\/uploads\/2016\/05\/real_estate_consulting_services_about_us.jpg\",\"contentUrl\":\"http:\/\/leroy.rs\/wp-content\/uploads\/2016\/05\/real_estate_consulting_services_about_us.jpg\",\"width\":1060,\"height\":375},{\"@type\":\"BreadcrumbList\",\"@id\":\"http:\/\/leroy.rs\/sr\/mitar-bulatovic\/#breadcrumb\",\"itemListElement\":[{\"@type\":\"ListItem\",\"position\":1,\"name\":\"Home\",\"item\":\"http:\/\/leroy.rs\/sr\/\"},{\"@type\":\"ListItem\",\"position\":2,\"name\":\"Mitar Bulatovi\u0107\"}]},{\"@type\":\"WebSite\",\"@id\":\"http:\/\/leroy.rs\/#website\",\"url\":\"http:\/\/leroy.rs\/\",\"name\":\"LeRoy\",\"description\":\"Real Estate company\",\"publisher\":{\"@id\":\"http:\/\/leroy.rs\/#organization\"},\"potentialAction\":[{\"@type\":\"SearchAction\",\"target\":{\"@type\":\"EntryPoint\",\"urlTemplate\":\"http:\/\/leroy.rs\/?s={search_term_string}\"},\"query-input\":{\"@type\":\"PropertyValueSpecification\",\"valueRequired\":true,\"valueName\":\"search_term_string\"}}],\"inLanguage\":\"sr-RS\"},{\"@type\":\"Organization\",\"@id\":\"http:\/\/leroy.rs\/#organization\",\"name\":\"LeRoy, Real Estate company\",\"url\":\"http:\/\/leroy.rs\/\",\"logo\":{\"@type\":\"ImageObject\",\"inLanguage\":\"sr-RS\",\"@id\":\"http:\/\/leroy.rs\/#\/schema\/logo\/image\/\",\"url\":\"https:\/\/leroy.rs\/wp-content\/uploads\/2016\/05\/LEROY_logo.jpg\",\"contentUrl\":\"https:\/\/leroy.rs\/wp-content\/uploads\/2016\/05\/LEROY_logo.jpg\",\"width\":480,\"height\":334,\"caption\":\"LeRoy, Real Estate company\"},\"image\":{\"@id\":\"http:\/\/leroy.rs\/#\/schema\/logo\/image\/\"}}]}<\/script>\n<!-- \/ Yoast SEO plugin. -->","yoast_head_json":{"title":"Mitar Bulatovi\u0107 | LeRoy Nekretnine, Nekretnine konsalting, Konsultantske usluge nekretnine, Ekspertiza tr\u017ei\u0161ta nekretnina, Razvoj nekretnina, Beograd, Srbija","description":"Konsultantske usluge nekretnine, Ekspertiza trzista nekretnina, Nekretnine konsalting, Stambeni, Kancelarijski, Maloprodajni, Industrijski i logistcki, Hotelski, Beograd, Srbija, Razvoj nekretnina.","robots":{"index":"index","follow":"follow","max-snippet":"max-snippet:-1","max-image-preview":"max-image-preview:large","max-video-preview":"max-video-preview:-1"},"canonical":"http:\/\/leroy.rs\/sr\/mitar-bulatovic\/","og_locale":"sr_RS","og_type":"article","og_title":"Mitar Bulatovi\u0107 | LeRoy Nekretnine, Nekretnine konsalting, Konsultantske usluge nekretnine, Ekspertiza tr\u017ei\u0161ta nekretnina, Razvoj nekretnina, Beograd, Srbija","og_description":"Konsultantske usluge nekretnine, Ekspertiza trzista nekretnina, Nekretnine konsalting, Stambeni, Kancelarijski, Maloprodajni, Industrijski i logistcki, Hotelski, Beograd, Srbija, Razvoj nekretnina.","og_url":"http:\/\/leroy.rs\/sr\/mitar-bulatovic\/","og_site_name":"LeRoy","article_modified_time":"2025-06-10T11:18:59+00:00","og_image":[{"width":1060,"height":375,"url":"http:\/\/leroy.rs\/wp-content\/uploads\/2016\/05\/real_estate_consulting_services_about_us.jpg","type":"image\/jpeg"}],"twitter_card":"summary_large_image","twitter_title":"Mitar Bulatovi\u0107 | LeRoy Nekretnine, Nekretnine konsalting, Konsultantske usluge nekretnine, Ekspertiza tr\u017ei\u0161ta nekretnina, Razvoj nekretnina, Beograd, Srbija","twitter_description":"Konsultantske usluge nekretnine, Ekspertiza trzista nekretnina, Nekretnine konsalting, Stambeni, Kancelarijski, Maloprodajni, Industrijski i logistcki, Hotelski, Beograd, Srbija, Razvoj nekretnina.","twitter_misc":{"\u041f\u0440\u043e\u0446\u0435\u045a\u0435\u043d\u043e \u0432\u0440\u0435\u043c\u0435 \u0447\u0438\u0442\u0430\u045a\u0430":"2 \u043c\u0438\u043d\u0443\u0442\u0430"},"schema":{"@context":"https:\/\/schema.org","@graph":[{"@type":"WebPage","@id":"http:\/\/leroy.rs\/sr\/mitar-bulatovic\/","url":"http:\/\/leroy.rs\/sr\/mitar-bulatovic\/","name":"Mitar Bulatovi\u0107 | LeRoy Nekretnine, Nekretnine konsalting, Konsultantske usluge nekretnine, Ekspertiza tr\u017ei\u0161ta nekretnina, Razvoj nekretnina, Beograd, Srbija","isPartOf":{"@id":"http:\/\/leroy.rs\/#website"},"primaryImageOfPage":{"@id":"http:\/\/leroy.rs\/sr\/mitar-bulatovic\/#primaryimage"},"image":{"@id":"http:\/\/leroy.rs\/sr\/mitar-bulatovic\/#primaryimage"},"thumbnailUrl":"http:\/\/leroy.rs\/wp-content\/uploads\/2016\/05\/real_estate_consulting_services_about_us.jpg","datePublished":"2016-05-21T09:58:18+00:00","dateModified":"2025-06-10T11:18:59+00:00","description":"Konsultantske usluge nekretnine, Ekspertiza trzista nekretnina, Nekretnine konsalting, Stambeni, Kancelarijski, Maloprodajni, Industrijski i logistcki, Hotelski, Beograd, Srbija, Razvoj nekretnina.","breadcrumb":{"@id":"http:\/\/leroy.rs\/sr\/mitar-bulatovic\/#breadcrumb"},"inLanguage":"sr-RS","potentialAction":[{"@type":"ReadAction","target":["http:\/\/leroy.rs\/sr\/mitar-bulatovic\/"]}]},{"@type":"ImageObject","inLanguage":"sr-RS","@id":"http:\/\/leroy.rs\/sr\/mitar-bulatovic\/#primaryimage","url":"http:\/\/leroy.rs\/wp-content\/uploads\/2016\/05\/real_estate_consulting_services_about_us.jpg","contentUrl":"http:\/\/leroy.rs\/wp-content\/uploads\/2016\/05\/real_estate_consulting_services_about_us.jpg","width":1060,"height":375},{"@type":"BreadcrumbList","@id":"http:\/\/leroy.rs\/sr\/mitar-bulatovic\/#breadcrumb","itemListElement":[{"@type":"ListItem","position":1,"name":"Home","item":"http:\/\/leroy.rs\/sr\/"},{"@type":"ListItem","position":2,"name":"Mitar Bulatovi\u0107"}]},{"@type":"WebSite","@id":"http:\/\/leroy.rs\/#website","url":"http:\/\/leroy.rs\/","name":"LeRoy","description":"Real Estate company","publisher":{"@id":"http:\/\/leroy.rs\/#organization"},"potentialAction":[{"@type":"SearchAction","target":{"@type":"EntryPoint","urlTemplate":"http:\/\/leroy.rs\/?s={search_term_string}"},"query-input":{"@type":"PropertyValueSpecification","valueRequired":true,"valueName":"search_term_string"}}],"inLanguage":"sr-RS"},{"@type":"Organization","@id":"http:\/\/leroy.rs\/#organization","name":"LeRoy, Real Estate company","url":"http:\/\/leroy.rs\/","logo":{"@type":"ImageObject","inLanguage":"sr-RS","@id":"http:\/\/leroy.rs\/#\/schema\/logo\/image\/","url":"https:\/\/leroy.rs\/wp-content\/uploads\/2016\/05\/LEROY_logo.jpg","contentUrl":"https:\/\/leroy.rs\/wp-content\/uploads\/2016\/05\/LEROY_logo.jpg","width":480,"height":334,"caption":"LeRoy, Real Estate company"},"image":{"@id":"http:\/\/leroy.rs\/#\/schema\/logo\/image\/"}}]}},"_links":{"self":[{"href":"http:\/\/leroy.rs\/sr\/wp-json\/wp\/v2\/pages\/363","targetHints":{"allow":["GET"]}}],"collection":[{"href":"http:\/\/leroy.rs\/sr\/wp-json\/wp\/v2\/pages"}],"about":[{"href":"http:\/\/leroy.rs\/sr\/wp-json\/wp\/v2\/types\/page"}],"author":[{"embeddable":true,"href":"http:\/\/leroy.rs\/sr\/wp-json\/wp\/v2\/users\/4"}],"replies":[{"embeddable":true,"href":"http:\/\/leroy.rs\/sr\/wp-json\/wp\/v2\/comments?post=363"}],"version-history":[{"count":12,"href":"http:\/\/leroy.rs\/sr\/wp-json\/wp\/v2\/pages\/363\/revisions"}],"predecessor-version":[{"id":1107,"href":"http:\/\/leroy.rs\/sr\/wp-json\/wp\/v2\/pages\/363\/revisions\/1107"}],"wp:featuredmedia":[{"embeddable":true,"href":"http:\/\/leroy.rs\/sr\/wp-json\/wp\/v2\/media\/898"}],"wp:attachment":[{"href":"http:\/\/leroy.rs\/sr\/wp-json\/wp\/v2\/media?parent=363"}],"curies":[{"name":"wp","href":"https:\/\/api.w.org\/{rel}","templated":true}]}}