{"id":359,"date":"2016-05-21T09:55:25","date_gmt":"2016-05-21T09:55:25","guid":{"rendered":"http:\/\/leroy.loc\/sr\/?page_id=359"},"modified":"2025-06-10T11:22:44","modified_gmt":"2025-06-10T11:22:44","slug":"zana-sipovac","status":"publish","type":"page","link":"http:\/\/leroy.rs\/sr\/zana-sipovac\/","title":{"rendered":"\u017dana \u0160ipovac"},"content":{"rendered":"<table class=\"top20 about-table\" border=\"0\">\n<tbody>\n<tr>\n<td><img loading=\"lazy\" decoding=\"async\" class=\"alignnone size-full wp-image-200\" src=\"http:\/\/leroy.rs\/wp-content\/uploads\/2016\/05\/zana-sipovac.jpg\" alt=\"zana-sipovac\" width=\"214\" height=\"256\" \/><\/td>\n<td width=\"25\"><\/td>\n<td width=\"170\">\n<h2>\u017dana \u0160ipovac MRICS RV<\/h2>\n<p style=\"text-align: left;\">Partner | Advisory &amp; Analytics<\/p>\n<p>T: <a href=\"tel:+38111242632300\">+381 69 123 11 66<\/a><br \/>\nE: <a href=\"mailto:zana.sipovac@leroy.rs\">zana.sipovac@leroy.rs<\/a><\/p>\n<p><a title=\"Zana Sipovac on LinkedIn\" href=\"http:\/\/rs.linkedin.com\/in\/zanasipovac\" target=\"_blank\" rel=\"noopener\"> <img loading=\"lazy\" decoding=\"async\" class=\"ikonica\" src=\"http:\/\/leroy.rs\/wp-content\/uploads\/2016\/05\/linkedin.jpg\" alt=\"Mitar Bulatovic on LinkedIn\" width=\"20\" height=\"20\" border=\"0\" \/><\/a><a title=\"Download VCard: Mitar Bulatovic\" href=\"http:\/\/leroy.rs\/Zana_Sipovac.vcf\"> <img loading=\"lazy\" decoding=\"async\" src=\"http:\/\/leroy.rs\/wp-content\/uploads\/2016\/05\/download_vcard.jpg\" alt=\"Download VCard: Zana Sipovac\" width=\"122\" height=\"21\" border=\"0\" \/><\/a><\/td>\n<td width=\"50\"><\/td>\n<td align=\"justify\"><strong>\u017dana \u0160ipovac MRICS RV<\/strong> poseduje dvadesetogodi\u0161nje iskustvo u sektoru procene nepokretnosti i finansijskom savetovanju primarno u segmentu komercijalnih nekretnina. \u017dana je direktno u\u010destovala u radu na brojnim projektima u Srbiji, na teritoriji biv\u0161e Jugoslavije i na tr\u017ei\u0161tu Ujedinjenih Arapskih Emirata. Njen rad je usmeren na pru\u017eanje usluga savetovanja, kao i procene vrednosti komercijalnih, industrijskih i maloprodajnih nepokretnosti. Vi\u0161egodi\u0161nje iskustvo i po\u0161tovanje profesionalnih standarda su joj omogu\u0107ili kontinuiranu saradnju sa klju\u010dnim finansijskim institucijama u zemlji i regionu, kao i brojnim investitorima.<\/p>\n<p>\u017dana je \u010dlan <strong>Kraljevskog Instituta Ovla\u0161\u0107enih Procenitelja\u00a0<\/strong>i poseduje status ovla\u0161\u0107enog procenitelja (RV) \u0161to isti\u010de njenu posve\u0107enost najvi\u0161im standardima integriteta, preciznosti i najboljih me\u0111unarodnih praksi.<\/td>\n<\/tr>\n<\/tbody>\n<\/table>\n","protected":false},"excerpt":{"rendered":"<p>\u017dana \u0160ipovac MRICS RV Partner | Advisory &amp; Analytics T: +381 69 123 11 66 E: zana.sipovac@leroy.rs \u017dana \u0160ipovac MRICS RV poseduje dvadesetogodi\u0161nje iskustvo u sektoru procene nepokretnosti i finansijskom savetovanju primarno u segmentu komercijalnih nekretnina. \u017dana je direktno u\u010destovala u radu na brojnim projektima u Srbiji, na teritoriji biv\u0161e Jugoslavije i na tr\u017ei\u0161tu Ujedinjenih [&hellip;]<\/p>\n","protected":false},"author":1,"featured_media":898,"parent":0,"menu_order":0,"comment_status":"closed","ping_status":"closed","template":"employees.php","meta":{"footnotes":""},"class_list":["post-359","page","type-page","status-publish","has-post-thumbnail","hentry"],"yoast_head":"<!-- This site is optimized with the Yoast SEO plugin v25.2 - https:\/\/yoast.com\/wordpress\/plugins\/seo\/ -->\n<title>\u017dana \u0160ipovac MRICS | LeRoy Nekretnine, Nekretnine konsalting, Konsultantske usluge nekretnine, Ekspertiza tr\u017ei\u0161ta nekretnina, Razvoj nekretnina, Beograd, Srbija<\/title>\n<meta name=\"description\" content=\"Konsultantske usluge nekretnine, Ekspertiza trzista nekretnina, Nekretnine konsalting, Stambeni, Kancelarijski, Maloprodajni, Industrijski i logistcki, Hotelski, Beograd, Srbija, Razvoj nekretnina.\" \/>\n<meta name=\"robots\" content=\"index, follow, max-snippet:-1, max-image-preview:large, max-video-preview:-1\" \/>\n<link rel=\"canonical\" href=\"http:\/\/leroy.rs\/sr\/zana-sipovac\/\" \/>\n<meta property=\"og:locale\" content=\"sr_RS\" \/>\n<meta property=\"og:type\" content=\"article\" \/>\n<meta property=\"og:title\" content=\"\u017dana \u0160ipovac MRICS | LeRoy Nekretnine, Nekretnine konsalting, Konsultantske usluge nekretnine, Ekspertiza tr\u017ei\u0161ta nekretnina, Razvoj nekretnina, Beograd, Srbija\" \/>\n<meta property=\"og:description\" content=\"Konsultantske usluge nekretnine, Ekspertiza trzista nekretnina, Nekretnine konsalting, Stambeni, Kancelarijski, Maloprodajni, Industrijski i logistcki, Hotelski, Beograd, Srbija, Razvoj nekretnina.\" \/>\n<meta property=\"og:url\" content=\"http:\/\/leroy.rs\/sr\/zana-sipovac\/\" \/>\n<meta property=\"og:site_name\" content=\"LeRoy\" \/>\n<meta property=\"article:modified_time\" content=\"2025-06-10T11:22:44+00:00\" \/>\n<meta property=\"og:image\" content=\"http:\/\/leroy.rs\/wp-content\/uploads\/2016\/05\/real_estate_consulting_services_about_us.jpg\" \/>\n\t<meta property=\"og:image:width\" content=\"1060\" \/>\n\t<meta property=\"og:image:height\" content=\"375\" \/>\n\t<meta property=\"og:image:type\" content=\"image\/jpeg\" \/>\n<meta name=\"twitter:card\" content=\"summary_large_image\" \/>\n<meta name=\"twitter:label1\" content=\"\u041f\u0440\u043e\u0446\u0435\u045a\u0435\u043d\u043e \u0432\u0440\u0435\u043c\u0435 \u0447\u0438\u0442\u0430\u045a\u0430\" \/>\n\t<meta name=\"twitter:data1\" content=\"2 \u043c\u0438\u043d\u0443\u0442\u0430\" \/>\n<script type=\"application\/ld+json\" class=\"yoast-schema-graph\">{\"@context\":\"https:\/\/schema.org\",\"@graph\":[{\"@type\":\"WebPage\",\"@id\":\"http:\/\/leroy.rs\/sr\/zana-sipovac\/\",\"url\":\"http:\/\/leroy.rs\/sr\/zana-sipovac\/\",\"name\":\"\u017dana \u0160ipovac MRICS | LeRoy Nekretnine, Nekretnine konsalting, Konsultantske usluge nekretnine, Ekspertiza tr\u017ei\u0161ta nekretnina, Razvoj nekretnina, Beograd, Srbija\",\"isPartOf\":{\"@id\":\"http:\/\/leroy.rs\/#website\"},\"primaryImageOfPage\":{\"@id\":\"http:\/\/leroy.rs\/sr\/zana-sipovac\/#primaryimage\"},\"image\":{\"@id\":\"http:\/\/leroy.rs\/sr\/zana-sipovac\/#primaryimage\"},\"thumbnailUrl\":\"http:\/\/leroy.rs\/wp-content\/uploads\/2016\/05\/real_estate_consulting_services_about_us.jpg\",\"datePublished\":\"2016-05-21T09:55:25+00:00\",\"dateModified\":\"2025-06-10T11:22:44+00:00\",\"description\":\"Konsultantske usluge nekretnine, Ekspertiza trzista nekretnina, Nekretnine konsalting, Stambeni, Kancelarijski, Maloprodajni, Industrijski i logistcki, Hotelski, Beograd, Srbija, Razvoj nekretnina.\",\"breadcrumb\":{\"@id\":\"http:\/\/leroy.rs\/sr\/zana-sipovac\/#breadcrumb\"},\"inLanguage\":\"sr-RS\",\"potentialAction\":[{\"@type\":\"ReadAction\",\"target\":[\"http:\/\/leroy.rs\/sr\/zana-sipovac\/\"]}]},{\"@type\":\"ImageObject\",\"inLanguage\":\"sr-RS\",\"@id\":\"http:\/\/leroy.rs\/sr\/zana-sipovac\/#primaryimage\",\"url\":\"http:\/\/leroy.rs\/wp-content\/uploads\/2016\/05\/real_estate_consulting_services_about_us.jpg\",\"contentUrl\":\"http:\/\/leroy.rs\/wp-content\/uploads\/2016\/05\/real_estate_consulting_services_about_us.jpg\",\"width\":1060,\"height\":375},{\"@type\":\"BreadcrumbList\",\"@id\":\"http:\/\/leroy.rs\/sr\/zana-sipovac\/#breadcrumb\",\"itemListElement\":[{\"@type\":\"ListItem\",\"position\":1,\"name\":\"Home\",\"item\":\"http:\/\/leroy.rs\/sr\/\"},{\"@type\":\"ListItem\",\"position\":2,\"name\":\"\u017dana \u0160ipovac\"}]},{\"@type\":\"WebSite\",\"@id\":\"http:\/\/leroy.rs\/#website\",\"url\":\"http:\/\/leroy.rs\/\",\"name\":\"LeRoy\",\"description\":\"Real Estate company\",\"publisher\":{\"@id\":\"http:\/\/leroy.rs\/#organization\"},\"potentialAction\":[{\"@type\":\"SearchAction\",\"target\":{\"@type\":\"EntryPoint\",\"urlTemplate\":\"http:\/\/leroy.rs\/?s={search_term_string}\"},\"query-input\":{\"@type\":\"PropertyValueSpecification\",\"valueRequired\":true,\"valueName\":\"search_term_string\"}}],\"inLanguage\":\"sr-RS\"},{\"@type\":\"Organization\",\"@id\":\"http:\/\/leroy.rs\/#organization\",\"name\":\"LeRoy, Real Estate company\",\"url\":\"http:\/\/leroy.rs\/\",\"logo\":{\"@type\":\"ImageObject\",\"inLanguage\":\"sr-RS\",\"@id\":\"http:\/\/leroy.rs\/#\/schema\/logo\/image\/\",\"url\":\"https:\/\/leroy.rs\/wp-content\/uploads\/2016\/05\/LEROY_logo.jpg\",\"contentUrl\":\"https:\/\/leroy.rs\/wp-content\/uploads\/2016\/05\/LEROY_logo.jpg\",\"width\":480,\"height\":334,\"caption\":\"LeRoy, Real Estate company\"},\"image\":{\"@id\":\"http:\/\/leroy.rs\/#\/schema\/logo\/image\/\"}}]}<\/script>\n<!-- \/ Yoast SEO plugin. -->","yoast_head_json":{"title":"\u017dana \u0160ipovac MRICS | LeRoy Nekretnine, Nekretnine konsalting, Konsultantske usluge nekretnine, Ekspertiza tr\u017ei\u0161ta nekretnina, Razvoj nekretnina, Beograd, Srbija","description":"Konsultantske usluge nekretnine, Ekspertiza trzista nekretnina, Nekretnine konsalting, Stambeni, Kancelarijski, Maloprodajni, Industrijski i logistcki, Hotelski, Beograd, Srbija, Razvoj nekretnina.","robots":{"index":"index","follow":"follow","max-snippet":"max-snippet:-1","max-image-preview":"max-image-preview:large","max-video-preview":"max-video-preview:-1"},"canonical":"http:\/\/leroy.rs\/sr\/zana-sipovac\/","og_locale":"sr_RS","og_type":"article","og_title":"\u017dana \u0160ipovac MRICS | LeRoy Nekretnine, Nekretnine konsalting, Konsultantske usluge nekretnine, Ekspertiza tr\u017ei\u0161ta nekretnina, Razvoj nekretnina, Beograd, Srbija","og_description":"Konsultantske usluge nekretnine, Ekspertiza trzista nekretnina, Nekretnine konsalting, Stambeni, Kancelarijski, Maloprodajni, Industrijski i logistcki, Hotelski, Beograd, Srbija, Razvoj nekretnina.","og_url":"http:\/\/leroy.rs\/sr\/zana-sipovac\/","og_site_name":"LeRoy","article_modified_time":"2025-06-10T11:22:44+00:00","og_image":[{"width":1060,"height":375,"url":"http:\/\/leroy.rs\/wp-content\/uploads\/2016\/05\/real_estate_consulting_services_about_us.jpg","type":"image\/jpeg"}],"twitter_card":"summary_large_image","twitter_misc":{"\u041f\u0440\u043e\u0446\u0435\u045a\u0435\u043d\u043e \u0432\u0440\u0435\u043c\u0435 \u0447\u0438\u0442\u0430\u045a\u0430":"2 \u043c\u0438\u043d\u0443\u0442\u0430"},"schema":{"@context":"https:\/\/schema.org","@graph":[{"@type":"WebPage","@id":"http:\/\/leroy.rs\/sr\/zana-sipovac\/","url":"http:\/\/leroy.rs\/sr\/zana-sipovac\/","name":"\u017dana \u0160ipovac MRICS | LeRoy Nekretnine, Nekretnine konsalting, Konsultantske usluge nekretnine, Ekspertiza tr\u017ei\u0161ta nekretnina, Razvoj nekretnina, Beograd, Srbija","isPartOf":{"@id":"http:\/\/leroy.rs\/#website"},"primaryImageOfPage":{"@id":"http:\/\/leroy.rs\/sr\/zana-sipovac\/#primaryimage"},"image":{"@id":"http:\/\/leroy.rs\/sr\/zana-sipovac\/#primaryimage"},"thumbnailUrl":"http:\/\/leroy.rs\/wp-content\/uploads\/2016\/05\/real_estate_consulting_services_about_us.jpg","datePublished":"2016-05-21T09:55:25+00:00","dateModified":"2025-06-10T11:22:44+00:00","description":"Konsultantske usluge nekretnine, Ekspertiza trzista nekretnina, Nekretnine konsalting, Stambeni, Kancelarijski, Maloprodajni, Industrijski i logistcki, Hotelski, Beograd, Srbija, Razvoj nekretnina.","breadcrumb":{"@id":"http:\/\/leroy.rs\/sr\/zana-sipovac\/#breadcrumb"},"inLanguage":"sr-RS","potentialAction":[{"@type":"ReadAction","target":["http:\/\/leroy.rs\/sr\/zana-sipovac\/"]}]},{"@type":"ImageObject","inLanguage":"sr-RS","@id":"http:\/\/leroy.rs\/sr\/zana-sipovac\/#primaryimage","url":"http:\/\/leroy.rs\/wp-content\/uploads\/2016\/05\/real_estate_consulting_services_about_us.jpg","contentUrl":"http:\/\/leroy.rs\/wp-content\/uploads\/2016\/05\/real_estate_consulting_services_about_us.jpg","width":1060,"height":375},{"@type":"BreadcrumbList","@id":"http:\/\/leroy.rs\/sr\/zana-sipovac\/#breadcrumb","itemListElement":[{"@type":"ListItem","position":1,"name":"Home","item":"http:\/\/leroy.rs\/sr\/"},{"@type":"ListItem","position":2,"name":"\u017dana \u0160ipovac"}]},{"@type":"WebSite","@id":"http:\/\/leroy.rs\/#website","url":"http:\/\/leroy.rs\/","name":"LeRoy","description":"Real Estate company","publisher":{"@id":"http:\/\/leroy.rs\/#organization"},"potentialAction":[{"@type":"SearchAction","target":{"@type":"EntryPoint","urlTemplate":"http:\/\/leroy.rs\/?s={search_term_string}"},"query-input":{"@type":"PropertyValueSpecification","valueRequired":true,"valueName":"search_term_string"}}],"inLanguage":"sr-RS"},{"@type":"Organization","@id":"http:\/\/leroy.rs\/#organization","name":"LeRoy, Real Estate company","url":"http:\/\/leroy.rs\/","logo":{"@type":"ImageObject","inLanguage":"sr-RS","@id":"http:\/\/leroy.rs\/#\/schema\/logo\/image\/","url":"https:\/\/leroy.rs\/wp-content\/uploads\/2016\/05\/LEROY_logo.jpg","contentUrl":"https:\/\/leroy.rs\/wp-content\/uploads\/2016\/05\/LEROY_logo.jpg","width":480,"height":334,"caption":"LeRoy, Real Estate company"},"image":{"@id":"http:\/\/leroy.rs\/#\/schema\/logo\/image\/"}}]}},"_links":{"self":[{"href":"http:\/\/leroy.rs\/sr\/wp-json\/wp\/v2\/pages\/359","targetHints":{"allow":["GET"]}}],"collection":[{"href":"http:\/\/leroy.rs\/sr\/wp-json\/wp\/v2\/pages"}],"about":[{"href":"http:\/\/leroy.rs\/sr\/wp-json\/wp\/v2\/types\/page"}],"author":[{"embeddable":true,"href":"http:\/\/leroy.rs\/sr\/wp-json\/wp\/v2\/users\/1"}],"replies":[{"embeddable":true,"href":"http:\/\/leroy.rs\/sr\/wp-json\/wp\/v2\/comments?post=359"}],"version-history":[{"count":9,"href":"http:\/\/leroy.rs\/sr\/wp-json\/wp\/v2\/pages\/359\/revisions"}],"predecessor-version":[{"id":1108,"href":"http:\/\/leroy.rs\/sr\/wp-json\/wp\/v2\/pages\/359\/revisions\/1108"}],"wp:featuredmedia":[{"embeddable":true,"href":"http:\/\/leroy.rs\/sr\/wp-json\/wp\/v2\/media\/898"}],"wp:attachment":[{"href":"http:\/\/leroy.rs\/sr\/wp-json\/wp\/v2\/media?parent=359"}],"curies":[{"name":"wp","href":"https:\/\/api.w.org\/{rel}","templated":true}]}}