{"id":350,"date":"2016-05-21T09:45:26","date_gmt":"2016-05-21T09:45:26","guid":{"rendered":"http:\/\/leroy.loc\/sr\/?page_id=350"},"modified":"2022-09-21T11:35:21","modified_gmt":"2022-09-21T11:35:21","slug":"leroy-kontakt","status":"publish","type":"page","link":"http:\/\/leroy.rs\/sr\/leroy-kontakt\/","title":{"rendered":"Kontakt"},"content":{"rendered":"<div class=\"left-column\">LeRoy Realty Consultants<\/p>\n<p><a href=\"mailto:office@leroy.rs\">office@leroy.rs<\/a><\/div>\n<div class=\"right-column\"><\/div>\n","protected":false},"excerpt":{"rendered":"<p>LeRoy Realty Consultants office@leroy.rs<\/p>\n","protected":false},"author":1,"featured_media":0,"parent":0,"menu_order":0,"comment_status":"closed","ping_status":"closed","template":"","meta":{"footnotes":""},"class_list":["post-350","page","type-page","status-publish","hentry"],"yoast_head":"<!-- This site is optimized with the Yoast SEO plugin v25.2 - https:\/\/yoast.com\/wordpress\/plugins\/seo\/ -->\n<title>Kontakt | LeRoy Nekretnine, Investiranje u nekretnine Beograd Srbija, Zastupanje zakupca nekretnine, Konsultantske usluge nekretnine, Procene vrednosti nekretnina, Istrazivanje trzista, Ekspertiza trzista nekretnina, Beograd, Srbija<\/title>\n<meta name=\"description\" content=\"Investiranje u nekretnine Beograd Srbija, Zastupanje zakupca nekretnine. LeRoy je kompanija koja posluje u sektoru nekretnina pru\u017eaju\u0107i profesionalne konsultantske usluge i usluge posredovanja. Na\u0161 prevashodni cilj je obezbe\u0111ivanje objedinjene usluge, uz po\u0161tovanje poslovne politike individualnog pristupa svakom klijentu i uz puno razumevanje specifi\u010dnosti lokalnog tr\u017ei\u0161ta.\" \/>\n<meta name=\"robots\" content=\"index, follow, max-snippet:-1, max-image-preview:large, max-video-preview:-1\" \/>\n<link rel=\"canonical\" href=\"http:\/\/leroy.rs\/sr\/leroy-kontakt\/\" \/>\n<meta property=\"og:locale\" content=\"sr_RS\" \/>\n<meta property=\"og:type\" content=\"article\" \/>\n<meta property=\"og:title\" content=\"Kontakti | LeRoy Nekretnine, Investiranje u nekretnine Beograd Srbija, Zastupanje zakupca nekretnine, Konsultantske usluge nekretnine, Procene vrednosti nekretnina, Istrazivanje trzista, Ekspertiza trzista nekretnina, Beograd, Srbija\" \/>\n<meta property=\"og:description\" content=\"Investiranje u nekretnine Beograd Srbija, Zastupanje zakupca nekretnine. LeRoy je kompanija koja posluje u sektoru nekretnina pru\u017eaju\u0107i profesionalne konsultantske usluge i usluge posredovanja. Na\u0161 prevashodni cilj je obezbe\u0111ivanje objedinjene usluge, uz po\u0161tovanje poslovne politike individualnog pristupa svakom klijentu i uz puno razumevanje specifi\u010dnosti lokalnog tr\u017ei\u0161ta.\" \/>\n<meta property=\"og:url\" content=\"http:\/\/leroy.rs\/sr\/leroy-kontakt\/\" \/>\n<meta property=\"og:site_name\" content=\"LeRoy\" \/>\n<meta property=\"article:modified_time\" content=\"2022-09-21T11:35:21+00:00\" \/>\n<meta name=\"twitter:card\" content=\"summary_large_image\" \/>\n<meta name=\"twitter:title\" content=\"Kontakti | LeRoy Nekretnine, Investiranje u nekretnine Beograd Srbija, Zastupanje zakupca nekretnine, Konsultantske usluge nekretnine, Procene vrednosti nekretnina, Istrazivanje trzista, Ekspertiza trzista nekretnina, Beograd, Srbija\" \/>\n<meta name=\"twitter:description\" content=\"Investiranje u nekretnine Beograd Srbija, Zastupanje zakupca nekretnine. LeRoy je kompanija koja posluje u sektoru nekretnina pru\u017eaju\u0107i profesionalne konsultantske usluge i usluge posredovanja. Na\u0161 prevashodni cilj je obezbe\u0111ivanje objedinjene usluge, uz po\u0161tovanje poslovne politike individualnog pristupa svakom klijentu i uz puno razumevanje specifi\u010dnosti lokalnog tr\u017ei\u0161ta.\" \/>\n<meta name=\"twitter:label1\" content=\"\u041f\u0440\u043e\u0446\u0435\u045a\u0435\u043d\u043e \u0432\u0440\u0435\u043c\u0435 \u0447\u0438\u0442\u0430\u045a\u0430\" \/>\n\t<meta name=\"twitter:data1\" content=\"1 \u043c\u0438\u043d\u0443\u0442\" \/>\n<script type=\"application\/ld+json\" class=\"yoast-schema-graph\">{\"@context\":\"https:\/\/schema.org\",\"@graph\":[{\"@type\":\"WebPage\",\"@id\":\"http:\/\/leroy.rs\/sr\/leroy-kontakt\/\",\"url\":\"http:\/\/leroy.rs\/sr\/leroy-kontakt\/\",\"name\":\"Kontakt | LeRoy Nekretnine, Investiranje u nekretnine Beograd Srbija, Zastupanje zakupca nekretnine, Konsultantske usluge nekretnine, Procene vrednosti nekretnina, Istrazivanje trzista, Ekspertiza trzista nekretnina, Beograd, Srbija\",\"isPartOf\":{\"@id\":\"http:\/\/leroy.rs\/#website\"},\"datePublished\":\"2016-05-21T09:45:26+00:00\",\"dateModified\":\"2022-09-21T11:35:21+00:00\",\"description\":\"Investiranje u nekretnine Beograd Srbija, Zastupanje zakupca nekretnine. LeRoy je kompanija koja posluje u sektoru nekretnina pru\u017eaju\u0107i profesionalne konsultantske usluge i usluge posredovanja. Na\u0161 prevashodni cilj je obezbe\u0111ivanje objedinjene usluge, uz po\u0161tovanje poslovne politike individualnog pristupa svakom klijentu i uz puno razumevanje specifi\u010dnosti lokalnog tr\u017ei\u0161ta.\",\"breadcrumb\":{\"@id\":\"http:\/\/leroy.rs\/sr\/leroy-kontakt\/#breadcrumb\"},\"inLanguage\":\"sr-RS\",\"potentialAction\":[{\"@type\":\"ReadAction\",\"target\":[\"http:\/\/leroy.rs\/sr\/leroy-kontakt\/\"]}]},{\"@type\":\"BreadcrumbList\",\"@id\":\"http:\/\/leroy.rs\/sr\/leroy-kontakt\/#breadcrumb\",\"itemListElement\":[{\"@type\":\"ListItem\",\"position\":1,\"name\":\"Home\",\"item\":\"http:\/\/leroy.rs\/sr\/\"},{\"@type\":\"ListItem\",\"position\":2,\"name\":\"Kontakt\"}]},{\"@type\":\"WebSite\",\"@id\":\"http:\/\/leroy.rs\/#website\",\"url\":\"http:\/\/leroy.rs\/\",\"name\":\"LeRoy\",\"description\":\"Real Estate company\",\"publisher\":{\"@id\":\"http:\/\/leroy.rs\/#organization\"},\"potentialAction\":[{\"@type\":\"SearchAction\",\"target\":{\"@type\":\"EntryPoint\",\"urlTemplate\":\"http:\/\/leroy.rs\/?s={search_term_string}\"},\"query-input\":{\"@type\":\"PropertyValueSpecification\",\"valueRequired\":true,\"valueName\":\"search_term_string\"}}],\"inLanguage\":\"sr-RS\"},{\"@type\":\"Organization\",\"@id\":\"http:\/\/leroy.rs\/#organization\",\"name\":\"LeRoy, Real Estate company\",\"url\":\"http:\/\/leroy.rs\/\",\"logo\":{\"@type\":\"ImageObject\",\"inLanguage\":\"sr-RS\",\"@id\":\"http:\/\/leroy.rs\/#\/schema\/logo\/image\/\",\"url\":\"https:\/\/leroy.rs\/wp-content\/uploads\/2016\/05\/LEROY_logo.jpg\",\"contentUrl\":\"https:\/\/leroy.rs\/wp-content\/uploads\/2016\/05\/LEROY_logo.jpg\",\"width\":480,\"height\":334,\"caption\":\"LeRoy, Real Estate company\"},\"image\":{\"@id\":\"http:\/\/leroy.rs\/#\/schema\/logo\/image\/\"}}]}<\/script>\n<!-- \/ Yoast SEO plugin. -->","yoast_head_json":{"title":"Kontakt | LeRoy Nekretnine, Investiranje u nekretnine Beograd Srbija, Zastupanje zakupca nekretnine, Konsultantske usluge nekretnine, Procene vrednosti nekretnina, Istrazivanje trzista, Ekspertiza trzista nekretnina, Beograd, Srbija","description":"Investiranje u nekretnine Beograd Srbija, Zastupanje zakupca nekretnine. LeRoy je kompanija koja posluje u sektoru nekretnina pru\u017eaju\u0107i profesionalne konsultantske usluge i usluge posredovanja. Na\u0161 prevashodni cilj je obezbe\u0111ivanje objedinjene usluge, uz po\u0161tovanje poslovne politike individualnog pristupa svakom klijentu i uz puno razumevanje specifi\u010dnosti lokalnog tr\u017ei\u0161ta.","robots":{"index":"index","follow":"follow","max-snippet":"max-snippet:-1","max-image-preview":"max-image-preview:large","max-video-preview":"max-video-preview:-1"},"canonical":"http:\/\/leroy.rs\/sr\/leroy-kontakt\/","og_locale":"sr_RS","og_type":"article","og_title":"Kontakti | LeRoy Nekretnine, Investiranje u nekretnine Beograd Srbija, Zastupanje zakupca nekretnine, Konsultantske usluge nekretnine, Procene vrednosti nekretnina, Istrazivanje trzista, Ekspertiza trzista nekretnina, Beograd, Srbija","og_description":"Investiranje u nekretnine Beograd Srbija, Zastupanje zakupca nekretnine. LeRoy je kompanija koja posluje u sektoru nekretnina pru\u017eaju\u0107i profesionalne konsultantske usluge i usluge posredovanja. Na\u0161 prevashodni cilj je obezbe\u0111ivanje objedinjene usluge, uz po\u0161tovanje poslovne politike individualnog pristupa svakom klijentu i uz puno razumevanje specifi\u010dnosti lokalnog tr\u017ei\u0161ta.","og_url":"http:\/\/leroy.rs\/sr\/leroy-kontakt\/","og_site_name":"LeRoy","article_modified_time":"2022-09-21T11:35:21+00:00","twitter_card":"summary_large_image","twitter_title":"Kontakti | LeRoy Nekretnine, Investiranje u nekretnine Beograd Srbija, Zastupanje zakupca nekretnine, Konsultantske usluge nekretnine, Procene vrednosti nekretnina, Istrazivanje trzista, Ekspertiza trzista nekretnina, Beograd, Srbija","twitter_description":"Investiranje u nekretnine Beograd Srbija, Zastupanje zakupca nekretnine. LeRoy je kompanija koja posluje u sektoru nekretnina pru\u017eaju\u0107i profesionalne konsultantske usluge i usluge posredovanja. Na\u0161 prevashodni cilj je obezbe\u0111ivanje objedinjene usluge, uz po\u0161tovanje poslovne politike individualnog pristupa svakom klijentu i uz puno razumevanje specifi\u010dnosti lokalnog tr\u017ei\u0161ta.","twitter_misc":{"\u041f\u0440\u043e\u0446\u0435\u045a\u0435\u043d\u043e \u0432\u0440\u0435\u043c\u0435 \u0447\u0438\u0442\u0430\u045a\u0430":"1 \u043c\u0438\u043d\u0443\u0442"},"schema":{"@context":"https:\/\/schema.org","@graph":[{"@type":"WebPage","@id":"http:\/\/leroy.rs\/sr\/leroy-kontakt\/","url":"http:\/\/leroy.rs\/sr\/leroy-kontakt\/","name":"Kontakt | LeRoy Nekretnine, Investiranje u nekretnine Beograd Srbija, Zastupanje zakupca nekretnine, Konsultantske usluge nekretnine, Procene vrednosti nekretnina, Istrazivanje trzista, Ekspertiza trzista nekretnina, Beograd, Srbija","isPartOf":{"@id":"http:\/\/leroy.rs\/#website"},"datePublished":"2016-05-21T09:45:26+00:00","dateModified":"2022-09-21T11:35:21+00:00","description":"Investiranje u nekretnine Beograd Srbija, Zastupanje zakupca nekretnine. LeRoy je kompanija koja posluje u sektoru nekretnina pru\u017eaju\u0107i profesionalne konsultantske usluge i usluge posredovanja. Na\u0161 prevashodni cilj je obezbe\u0111ivanje objedinjene usluge, uz po\u0161tovanje poslovne politike individualnog pristupa svakom klijentu i uz puno razumevanje specifi\u010dnosti lokalnog tr\u017ei\u0161ta.","breadcrumb":{"@id":"http:\/\/leroy.rs\/sr\/leroy-kontakt\/#breadcrumb"},"inLanguage":"sr-RS","potentialAction":[{"@type":"ReadAction","target":["http:\/\/leroy.rs\/sr\/leroy-kontakt\/"]}]},{"@type":"BreadcrumbList","@id":"http:\/\/leroy.rs\/sr\/leroy-kontakt\/#breadcrumb","itemListElement":[{"@type":"ListItem","position":1,"name":"Home","item":"http:\/\/leroy.rs\/sr\/"},{"@type":"ListItem","position":2,"name":"Kontakt"}]},{"@type":"WebSite","@id":"http:\/\/leroy.rs\/#website","url":"http:\/\/leroy.rs\/","name":"LeRoy","description":"Real Estate company","publisher":{"@id":"http:\/\/leroy.rs\/#organization"},"potentialAction":[{"@type":"SearchAction","target":{"@type":"EntryPoint","urlTemplate":"http:\/\/leroy.rs\/?s={search_term_string}"},"query-input":{"@type":"PropertyValueSpecification","valueRequired":true,"valueName":"search_term_string"}}],"inLanguage":"sr-RS"},{"@type":"Organization","@id":"http:\/\/leroy.rs\/#organization","name":"LeRoy, Real Estate company","url":"http:\/\/leroy.rs\/","logo":{"@type":"ImageObject","inLanguage":"sr-RS","@id":"http:\/\/leroy.rs\/#\/schema\/logo\/image\/","url":"https:\/\/leroy.rs\/wp-content\/uploads\/2016\/05\/LEROY_logo.jpg","contentUrl":"https:\/\/leroy.rs\/wp-content\/uploads\/2016\/05\/LEROY_logo.jpg","width":480,"height":334,"caption":"LeRoy, Real Estate company"},"image":{"@id":"http:\/\/leroy.rs\/#\/schema\/logo\/image\/"}}]}},"_links":{"self":[{"href":"http:\/\/leroy.rs\/sr\/wp-json\/wp\/v2\/pages\/350","targetHints":{"allow":["GET"]}}],"collection":[{"href":"http:\/\/leroy.rs\/sr\/wp-json\/wp\/v2\/pages"}],"about":[{"href":"http:\/\/leroy.rs\/sr\/wp-json\/wp\/v2\/types\/page"}],"author":[{"embeddable":true,"href":"http:\/\/leroy.rs\/sr\/wp-json\/wp\/v2\/users\/1"}],"replies":[{"embeddable":true,"href":"http:\/\/leroy.rs\/sr\/wp-json\/wp\/v2\/comments?post=350"}],"version-history":[{"count":14,"href":"http:\/\/leroy.rs\/sr\/wp-json\/wp\/v2\/pages\/350\/revisions"}],"predecessor-version":[{"id":884,"href":"http:\/\/leroy.rs\/sr\/wp-json\/wp\/v2\/pages\/350\/revisions\/884"}],"wp:attachment":[{"href":"http:\/\/leroy.rs\/sr\/wp-json\/wp\/v2\/media?parent=350"}],"curies":[{"name":"wp","href":"https:\/\/api.w.org\/{rel}","templated":true}]}}