{"id":348,"date":"2016-05-13T22:47:58","date_gmt":"2016-05-13T22:47:58","guid":{"rendered":"http:\/\/leroy.loc\/sr\/?page_id=348"},"modified":"2021-06-24T08:21:41","modified_gmt":"2021-06-24T08:21:41","slug":"leroy-karijera","status":"publish","type":"page","link":"http:\/\/leroy.rs\/sr\/leroy-karijera\/","title":{"rendered":"Karijera"},"content":{"rendered":"<table class=\"about-table-text\">\n<tbody>\n<tr>\n<td align=\"justify\" valign=\"top\" width=\"550\">LeRoy veliku pa\u017enju posve\u0107uje zaposlenima. Mi kontinuirano tragamo za kandidatima koji su spremni da svoje sposobnosti i ve\u0161tine razvijaju u visokomotivisanoj radnoj sredini, uz po\u0161tovanje visokih standarda na\u0161e kompanije koji podrazumevaju konstantno usavr\u0161avanje znanja, ve\u0161tina i iskustava neophodnih za efikasno obavljanje posla.<\/p>\n<p>Tragamo za kreativnim kandidatima sa vrhunskim analiti\u010dkim i komunikacijskim ve\u0161tinama, koji su sposobni da funkcioni\u0161u kao deo tima, i da preuzmu inicijativu kada god je to neophodno.<\/p>\n<p>LeRoy anga\u017euje kadrove iz sektora nekretnina, kao i najtalentovanije pojedince razli\u010ditih obrazovnih profila. S na\u0161e strane, bezuslovno podr\u017eavamo kontinuirano usavr\u0161avanje i jednake mogu\u0107nosti u okviru na\u0161e kompanije.<\/p>\n<div class=\"open-position\"><\/div>\n<\/td>\n<td width=\"60\"><\/td>\n<td valign=\"top\" width=\"350\"><img loading=\"lazy\" decoding=\"async\" class=\"alignnone size-full wp-image-486\" src=\"http:\/\/leroy.rs\/wp-content\/uploads\/2016\/05\/leroy_real_estate_consulting_services_careers.jpg\" alt=\"leroy_real_estate_consulting_services_careers\" width=\"500\" height=\"333\" \/><\/td>\n<\/tr>\n<\/tbody>\n<\/table>\n","protected":false},"excerpt":{"rendered":"<p>LeRoy veliku pa\u017enju posve\u0107uje zaposlenima. Mi kontinuirano tragamo za kandidatima koji su spremni da svoje sposobnosti i ve\u0161tine razvijaju u visokomotivisanoj radnoj sredini, uz po\u0161tovanje visokih standarda na\u0161e kompanije koji podrazumevaju konstantno usavr\u0161avanje znanja, ve\u0161tina i iskustava neophodnih za efikasno obavljanje posla. Tragamo za kreativnim kandidatima sa vrhunskim analiti\u010dkim i komunikacijskim ve\u0161tinama, koji su sposobni [&hellip;]<\/p>\n","protected":false},"author":1,"featured_media":0,"parent":0,"menu_order":0,"comment_status":"closed","ping_status":"closed","template":"","meta":{"footnotes":""},"class_list":["post-348","page","type-page","status-publish","hentry"],"yoast_head":"<!-- This site is optimized with the Yoast SEO plugin v25.2 - https:\/\/yoast.com\/wordpress\/plugins\/seo\/ -->\n<title>Careers | LeRoy Realty Consultants, Lease retail space Serbia Belgrade, Real Estate company, Real estate industry Serbia, Real estate high standards<\/title>\n<meta name=\"description\" content=\"LeRoy Realty Consultants, Lease retail space Serbia Belgrade. LeRoy is a real estate company specialized in providing high quality consulting services. Our company\u2019s focus is to enable value-added and high integrity services to each Client through a client oriented approach and deep knowledge of the local market.\" \/>\n<meta name=\"robots\" content=\"index, follow, max-snippet:-1, max-image-preview:large, max-video-preview:-1\" \/>\n<link rel=\"canonical\" href=\"https:\/\/leroy.rs\/sr\/leroy-karijera\/\" \/>\n<meta property=\"og:locale\" content=\"sr_RS\" \/>\n<meta property=\"og:type\" content=\"article\" \/>\n<meta property=\"og:title\" content=\"Careers | LeRoy Realty Consultants, Lease retail space Serbia Belgrade, Real Estate company, Real estate industry Serbia, Real estate high standards\" \/>\n<meta property=\"og:description\" content=\"LeRoy Realty Consultants, Lease retail space Serbia Belgrade. LeRoy is a real estate company specialized in providing high quality consulting services. Our company\u2019s focus is to enable value-added and high integrity services to each Client through a client oriented approach and deep knowledge of the local market.\" \/>\n<meta property=\"og:url\" content=\"https:\/\/leroy.rs\/sr\/leroy-karijera\/\" \/>\n<meta property=\"og:site_name\" content=\"LeRoy\" \/>\n<meta property=\"article:modified_time\" content=\"2021-06-24T08:21:41+00:00\" \/>\n<meta property=\"og:image\" content=\"http:\/\/leroy.rs\/wp-content\/uploads\/2016\/05\/leroy_real_estate_consulting_services_careers.jpg\" \/>\n<meta name=\"twitter:card\" content=\"summary_large_image\" \/>\n<meta name=\"twitter:title\" content=\"Careers | LeRoy Realty Consultants, Lease retail space Serbia Belgrade, Real Estate company, Real estate industry Serbia, Real estate high standards\" \/>\n<meta name=\"twitter:description\" content=\"LeRoy Realty Consultants, Lease retail space Serbia Belgrade. LeRoy is a real estate company specialized in providing high quality consulting services. Our company\u2019s focus is to enable value-added and high integrity services to each Client through a client oriented approach and deep knowledge of the local market.\" \/>\n<meta name=\"twitter:label1\" content=\"\u041f\u0440\u043e\u0446\u0435\u045a\u0435\u043d\u043e \u0432\u0440\u0435\u043c\u0435 \u0447\u0438\u0442\u0430\u045a\u0430\" \/>\n\t<meta name=\"twitter:data1\" content=\"1 \u043c\u0438\u043d\u0443\u0442\" \/>\n<script type=\"application\/ld+json\" class=\"yoast-schema-graph\">{\"@context\":\"https:\/\/schema.org\",\"@graph\":[{\"@type\":\"WebPage\",\"@id\":\"https:\/\/leroy.rs\/sr\/leroy-karijera\/\",\"url\":\"https:\/\/leroy.rs\/sr\/leroy-karijera\/\",\"name\":\"Careers | LeRoy Realty Consultants, Lease retail space Serbia Belgrade, Real Estate company, Real estate industry Serbia, Real estate high standards\",\"isPartOf\":{\"@id\":\"http:\/\/leroy.rs\/#website\"},\"primaryImageOfPage\":{\"@id\":\"https:\/\/leroy.rs\/sr\/leroy-karijera\/#primaryimage\"},\"image\":{\"@id\":\"https:\/\/leroy.rs\/sr\/leroy-karijera\/#primaryimage\"},\"thumbnailUrl\":\"http:\/\/leroy.rs\/wp-content\/uploads\/2016\/05\/leroy_real_estate_consulting_services_careers.jpg\",\"datePublished\":\"2016-05-13T22:47:58+00:00\",\"dateModified\":\"2021-06-24T08:21:41+00:00\",\"description\":\"LeRoy Realty Consultants, Lease retail space Serbia Belgrade. LeRoy is a real estate company specialized in providing high quality consulting services. Our company\u2019s focus is to enable value-added and high integrity services to each Client through a client oriented approach and deep knowledge of the local market.\",\"breadcrumb\":{\"@id\":\"https:\/\/leroy.rs\/sr\/leroy-karijera\/#breadcrumb\"},\"inLanguage\":\"sr-RS\",\"potentialAction\":[{\"@type\":\"ReadAction\",\"target\":[\"https:\/\/leroy.rs\/sr\/leroy-karijera\/\"]}]},{\"@type\":\"ImageObject\",\"inLanguage\":\"sr-RS\",\"@id\":\"https:\/\/leroy.rs\/sr\/leroy-karijera\/#primaryimage\",\"url\":\"http:\/\/leroy.rs\/wp-content\/uploads\/2016\/05\/leroy_real_estate_consulting_services_careers.jpg\",\"contentUrl\":\"http:\/\/leroy.rs\/wp-content\/uploads\/2016\/05\/leroy_real_estate_consulting_services_careers.jpg\"},{\"@type\":\"BreadcrumbList\",\"@id\":\"https:\/\/leroy.rs\/sr\/leroy-karijera\/#breadcrumb\",\"itemListElement\":[{\"@type\":\"ListItem\",\"position\":1,\"name\":\"Home\",\"item\":\"http:\/\/leroy.rs\/sr\/\"},{\"@type\":\"ListItem\",\"position\":2,\"name\":\"Karijera\"}]},{\"@type\":\"WebSite\",\"@id\":\"http:\/\/leroy.rs\/#website\",\"url\":\"http:\/\/leroy.rs\/\",\"name\":\"LeRoy\",\"description\":\"Real Estate company\",\"publisher\":{\"@id\":\"http:\/\/leroy.rs\/#organization\"},\"potentialAction\":[{\"@type\":\"SearchAction\",\"target\":{\"@type\":\"EntryPoint\",\"urlTemplate\":\"http:\/\/leroy.rs\/?s={search_term_string}\"},\"query-input\":{\"@type\":\"PropertyValueSpecification\",\"valueRequired\":true,\"valueName\":\"search_term_string\"}}],\"inLanguage\":\"sr-RS\"},{\"@type\":\"Organization\",\"@id\":\"http:\/\/leroy.rs\/#organization\",\"name\":\"LeRoy, Real Estate company\",\"url\":\"http:\/\/leroy.rs\/\",\"logo\":{\"@type\":\"ImageObject\",\"inLanguage\":\"sr-RS\",\"@id\":\"http:\/\/leroy.rs\/#\/schema\/logo\/image\/\",\"url\":\"https:\/\/leroy.rs\/wp-content\/uploads\/2016\/05\/LEROY_logo.jpg\",\"contentUrl\":\"https:\/\/leroy.rs\/wp-content\/uploads\/2016\/05\/LEROY_logo.jpg\",\"width\":480,\"height\":334,\"caption\":\"LeRoy, Real Estate company\"},\"image\":{\"@id\":\"http:\/\/leroy.rs\/#\/schema\/logo\/image\/\"}}]}<\/script>\n<!-- \/ Yoast SEO plugin. -->","yoast_head_json":{"title":"Careers | LeRoy Realty Consultants, Lease retail space Serbia Belgrade, Real Estate company, Real estate industry Serbia, Real estate high standards","description":"LeRoy Realty Consultants, Lease retail space Serbia Belgrade. LeRoy is a real estate company specialized in providing high quality consulting services. Our company\u2019s focus is to enable value-added and high integrity services to each Client through a client oriented approach and deep knowledge of the local market.","robots":{"index":"index","follow":"follow","max-snippet":"max-snippet:-1","max-image-preview":"max-image-preview:large","max-video-preview":"max-video-preview:-1"},"canonical":"https:\/\/leroy.rs\/sr\/leroy-karijera\/","og_locale":"sr_RS","og_type":"article","og_title":"Careers | LeRoy Realty Consultants, Lease retail space Serbia Belgrade, Real Estate company, Real estate industry Serbia, Real estate high standards","og_description":"LeRoy Realty Consultants, Lease retail space Serbia Belgrade. LeRoy is a real estate company specialized in providing high quality consulting services. Our company\u2019s focus is to enable value-added and high integrity services to each Client through a client oriented approach and deep knowledge of the local market.","og_url":"https:\/\/leroy.rs\/sr\/leroy-karijera\/","og_site_name":"LeRoy","article_modified_time":"2021-06-24T08:21:41+00:00","og_image":[{"url":"http:\/\/leroy.rs\/wp-content\/uploads\/2016\/05\/leroy_real_estate_consulting_services_careers.jpg","type":"","width":"","height":""}],"twitter_card":"summary_large_image","twitter_title":"Careers | LeRoy Realty Consultants, Lease retail space Serbia Belgrade, Real Estate company, Real estate industry Serbia, Real estate high standards","twitter_description":"LeRoy Realty Consultants, Lease retail space Serbia Belgrade. LeRoy is a real estate company specialized in providing high quality consulting services. Our company\u2019s focus is to enable value-added and high integrity services to each Client through a client oriented approach and deep knowledge of the local market.","twitter_misc":{"\u041f\u0440\u043e\u0446\u0435\u045a\u0435\u043d\u043e \u0432\u0440\u0435\u043c\u0435 \u0447\u0438\u0442\u0430\u045a\u0430":"1 \u043c\u0438\u043d\u0443\u0442"},"schema":{"@context":"https:\/\/schema.org","@graph":[{"@type":"WebPage","@id":"https:\/\/leroy.rs\/sr\/leroy-karijera\/","url":"https:\/\/leroy.rs\/sr\/leroy-karijera\/","name":"Careers | LeRoy Realty Consultants, Lease retail space Serbia Belgrade, Real Estate company, Real estate industry Serbia, Real estate high standards","isPartOf":{"@id":"http:\/\/leroy.rs\/#website"},"primaryImageOfPage":{"@id":"https:\/\/leroy.rs\/sr\/leroy-karijera\/#primaryimage"},"image":{"@id":"https:\/\/leroy.rs\/sr\/leroy-karijera\/#primaryimage"},"thumbnailUrl":"http:\/\/leroy.rs\/wp-content\/uploads\/2016\/05\/leroy_real_estate_consulting_services_careers.jpg","datePublished":"2016-05-13T22:47:58+00:00","dateModified":"2021-06-24T08:21:41+00:00","description":"LeRoy Realty Consultants, Lease retail space Serbia Belgrade. LeRoy is a real estate company specialized in providing high quality consulting services. Our company\u2019s focus is to enable value-added and high integrity services to each Client through a client oriented approach and deep knowledge of the local market.","breadcrumb":{"@id":"https:\/\/leroy.rs\/sr\/leroy-karijera\/#breadcrumb"},"inLanguage":"sr-RS","potentialAction":[{"@type":"ReadAction","target":["https:\/\/leroy.rs\/sr\/leroy-karijera\/"]}]},{"@type":"ImageObject","inLanguage":"sr-RS","@id":"https:\/\/leroy.rs\/sr\/leroy-karijera\/#primaryimage","url":"http:\/\/leroy.rs\/wp-content\/uploads\/2016\/05\/leroy_real_estate_consulting_services_careers.jpg","contentUrl":"http:\/\/leroy.rs\/wp-content\/uploads\/2016\/05\/leroy_real_estate_consulting_services_careers.jpg"},{"@type":"BreadcrumbList","@id":"https:\/\/leroy.rs\/sr\/leroy-karijera\/#breadcrumb","itemListElement":[{"@type":"ListItem","position":1,"name":"Home","item":"http:\/\/leroy.rs\/sr\/"},{"@type":"ListItem","position":2,"name":"Karijera"}]},{"@type":"WebSite","@id":"http:\/\/leroy.rs\/#website","url":"http:\/\/leroy.rs\/","name":"LeRoy","description":"Real Estate company","publisher":{"@id":"http:\/\/leroy.rs\/#organization"},"potentialAction":[{"@type":"SearchAction","target":{"@type":"EntryPoint","urlTemplate":"http:\/\/leroy.rs\/?s={search_term_string}"},"query-input":{"@type":"PropertyValueSpecification","valueRequired":true,"valueName":"search_term_string"}}],"inLanguage":"sr-RS"},{"@type":"Organization","@id":"http:\/\/leroy.rs\/#organization","name":"LeRoy, Real Estate company","url":"http:\/\/leroy.rs\/","logo":{"@type":"ImageObject","inLanguage":"sr-RS","@id":"http:\/\/leroy.rs\/#\/schema\/logo\/image\/","url":"https:\/\/leroy.rs\/wp-content\/uploads\/2016\/05\/LEROY_logo.jpg","contentUrl":"https:\/\/leroy.rs\/wp-content\/uploads\/2016\/05\/LEROY_logo.jpg","width":480,"height":334,"caption":"LeRoy, Real Estate company"},"image":{"@id":"http:\/\/leroy.rs\/#\/schema\/logo\/image\/"}}]}},"_links":{"self":[{"href":"http:\/\/leroy.rs\/sr\/wp-json\/wp\/v2\/pages\/348","targetHints":{"allow":["GET"]}}],"collection":[{"href":"http:\/\/leroy.rs\/sr\/wp-json\/wp\/v2\/pages"}],"about":[{"href":"http:\/\/leroy.rs\/sr\/wp-json\/wp\/v2\/types\/page"}],"author":[{"embeddable":true,"href":"http:\/\/leroy.rs\/sr\/wp-json\/wp\/v2\/users\/1"}],"replies":[{"embeddable":true,"href":"http:\/\/leroy.rs\/sr\/wp-json\/wp\/v2\/comments?post=348"}],"version-history":[{"count":9,"href":"http:\/\/leroy.rs\/sr\/wp-json\/wp\/v2\/pages\/348\/revisions"}],"predecessor-version":[{"id":862,"href":"http:\/\/leroy.rs\/sr\/wp-json\/wp\/v2\/pages\/348\/revisions\/862"}],"wp:attachment":[{"href":"http:\/\/leroy.rs\/sr\/wp-json\/wp\/v2\/media?parent=348"}],"curies":[{"name":"wp","href":"https:\/\/api.w.org\/{rel}","templated":true}]}}