{"id":343,"date":"2016-05-13T22:47:41","date_gmt":"2016-05-13T22:47:41","guid":{"rendered":"http:\/\/leroy.loc\/sr\/?page_id=343"},"modified":"2025-05-28T08:53:09","modified_gmt":"2025-05-28T08:53:09","slug":"leroy-o-nama","status":"publish","type":"page","link":"http:\/\/leroy.rs\/sr\/leroy-o-nama\/","title":{"rendered":"O nama"},"content":{"rendered":"<table class=\"about-table-text\" width=\"550\">\n<tbody>\n<tr>\n<td align=\"justify\">LeRoy je kompanija koja posluje u sektoru nekrentina pru\u017eaju\u0107i profesionalne konsultantske usluge i usluge posredovanja. Na\u0161 prevashodni cilj je obezbe\u0111ivanje objedinjene usluge, uz po\u0161tovanje poslovne politike individualnog pristupa svakom klijentu i uz puno razumevanje specifi\u010dnosti lokalnog tr\u017ei\u0161ta. LeRoy poslovna praksa razvijena je sa idejom da odr\u017eava najvi\u0161e standarde usluge, transparentnost, integritet i visoku profesionalnu etiku.<\/p>\n<p>Na\u0161a profesionalna odgovornost i po\u0161tovanje procedura, obezbe\u0111uje nam visoku profesinalnu reputaciju, \u0161to omogu\u0107ava izgradnju dugoro\u010dnih odnosa sa klijentima zasnovanih na beskompromisnom me\u0111usobnom poverenju. Usluge koje nudimo kreirane su s ciljem da omogu\u0107e adekvatnu podr\u0161ku i ekspertizu u sektoru stambenih, poslovnih, maloprodajnih, industrijskih, logisti\u010dkih, hotelskih kao i mnogih drugih razvojnih projekata. Mi poma\u017eemo na\u0161im klijentima da maksimalno iskoriste tr\u017ei\u0161ne potencijale svojih nepokretnosti, uz stalnu kontrolu rizika.<\/p>\n<p>Na\u0161 tim je usresre\u0111en na pru\u017eanje celovitih konsutantskih usluga, koje se temelje na aktivnom tr\u017ei\u0161nom pristupu, istra\u017eivanju tr\u017ei\u0161ta i zna\u010dajnom profesionalnom iskustvu. LeRoy tim je predvo\u0111en vrhunskim profesionalcima koji poseduju preko 10 godina iskustva u sektoru nekretnina. Na\u0161a istinska snaga dolazi do izra\u017eaja kroz integraciju iskustva na\u0161ih zaposlenih u cilju razumevanja potreba na\u0161ih klijenata i pru\u017eanja sveobuhvatne usluge u skladu sa najvi\u0161im profesionalnim standardima.<\/p>\n<p>Osnovni principi i vrednosti savremene poslovne etike i profesionalnog pona\u0161anja, sastavni su deo na\u0161e kompanije, koje slede svi na\u0161i zaposleni, kao i poslovni saradnici.<\/td>\n<\/tr>\n<\/tbody>\n<\/table>\n<table class=\"about-table left60\" border=\"0\" width=\"350\">\n<tbody>\n<tr>\n<td><\/td>\n<td>\n<h2><a href=\"http:\/\/leroy.rs\/mitar-bulatovic\/\">Mitar Bulatovi\u0107<\/a><\/h2>\n<p>Partner | Managing Director<\/p>\n<p>E: <a href=\"mailto:mitar.bulatovic@leroy.rs\">mitar.bulatovic@leroy.rs<\/a><\/p>\n<p><a title=\"Mitar Bulatovic on LinkedIn\" href=\"http:\/\/rs.linkedin.com\/in\/mitarbulatovic\" target=\"_blank\" rel=\"noopener\"> <img loading=\"lazy\" decoding=\"async\" class=\"ikonica\" src=\"http:\/\/leroy.rs\/wp-content\/uploads\/2016\/05\/linkedin.jpg\" alt=\"Mitar Bulatovic on LinkedIn\" width=\"20\" height=\"20\" border=\"0\" \/><\/a><a title=\"Download VCard: Mitar Bulatovic\" href=\"http:\/\/leroy.rs\/Mitar_Bulatovic.vcf\"> <img loading=\"lazy\" decoding=\"async\" src=\"http:\/\/leroy.rs\/wp-content\/uploads\/2016\/05\/download_vcard.jpg\" alt=\"Download VCard: Mitar Bulatovic\" width=\"122\" height=\"21\" border=\"0\" \/><\/a><\/td>\n<\/tr>\n<tr>\n<td><\/td>\n<td>\n<h2><\/h2>\n<h2><a href=\"http:\/\/leroy.rs\/zana-sipovac\/\">\u017dana \u0160ipovac MRICS RV<\/a><\/h2>\n<p>Partner | Advisory &amp; Analytics<\/p>\n<p>E: <a href=\"mailto:zana.sipovac@leroy.rs\">zana.sipovac@leroy.rs<\/a><\/p>\n<p><a title=\"Zana Sipovac on LinkedIn\" href=\"http:\/\/rs.linkedin.com\/in\/zanasipovac\" target=\"_blank\" rel=\"noopener\"> <img loading=\"lazy\" decoding=\"async\" class=\"ikonica\" src=\"http:\/\/leroy.rs\/wp-content\/uploads\/2016\/05\/linkedin.jpg\" alt=\"Mitar Bulatovic on LinkedIn\" width=\"20\" height=\"20\" border=\"0\" \/><\/a><a title=\"Download VCard: Mitar Bulatovic\" href=\"http:\/\/leroy.rs\/Zana_Sipovac.vcf\"> <img loading=\"lazy\" decoding=\"async\" src=\"http:\/\/leroy.rs\/wp-content\/uploads\/2016\/05\/download_vcard.jpg\" alt=\"Download VCard: Zana Sipovac\" width=\"122\" height=\"21\" border=\"0\" \/><\/a><\/td>\n<\/tr>\n<\/tbody>\n<\/table>\n","protected":false},"excerpt":{"rendered":"<p>LeRoy je kompanija koja posluje u sektoru nekrentina pru\u017eaju\u0107i profesionalne konsultantske usluge i usluge posredovanja. Na\u0161 prevashodni cilj je obezbe\u0111ivanje objedinjene usluge, uz po\u0161tovanje poslovne politike individualnog pristupa svakom klijentu i uz puno razumevanje specifi\u010dnosti lokalnog tr\u017ei\u0161ta. LeRoy poslovna praksa razvijena je sa idejom da odr\u017eava najvi\u0161e standarde usluge, transparentnost, integritet i visoku profesionalnu etiku. [&hellip;]<\/p>\n","protected":false},"author":4,"featured_media":898,"parent":0,"menu_order":0,"comment_status":"closed","ping_status":"closed","template":"","meta":{"footnotes":""},"class_list":["post-343","page","type-page","status-publish","has-post-thumbnail","hentry"],"yoast_head":"<!-- This site is optimized with the Yoast SEO plugin v25.2 - https:\/\/yoast.com\/wordpress\/plugins\/seo\/ -->\n<title>About us | LeRoy Realty Consultants, Real estate consulting, Real estate expertise, Property consulting, Real estate development, Belgrade, Serbia<\/title>\n<meta name=\"description\" content=\"LeRoy Realty Consultants, LeRoy is a real estate company specialized in providing high quality consulting services. Our company\u2019s focus is to enable value-added and high integrity services to each Client through a client oriented approach and deep knowledge of the local market.\" \/>\n<meta name=\"robots\" content=\"index, follow, max-snippet:-1, max-image-preview:large, max-video-preview:-1\" \/>\n<link rel=\"canonical\" href=\"https:\/\/leroy.rs\/sr\/leroy-o-nama\/\" \/>\n<meta property=\"og:locale\" content=\"sr_RS\" \/>\n<meta property=\"og:type\" content=\"article\" \/>\n<meta property=\"og:title\" content=\"About us | LeRoy Realty Consultants, Real estate consulting, Real estate expertise, Property consulting, Real estate development, Belgrade, Serbia\" \/>\n<meta property=\"og:description\" content=\"LeRoy Realty Consultants, LeRoy is a real estate company specialized in providing high quality consulting services. Our company\u2019s focus is to enable value-added and high integrity services to each Client through a client oriented approach and deep knowledge of the local market.\" \/>\n<meta property=\"og:url\" content=\"https:\/\/leroy.rs\/sr\/leroy-o-nama\/\" \/>\n<meta property=\"og:site_name\" content=\"LeRoy\" \/>\n<meta property=\"article:modified_time\" content=\"2025-05-28T08:53:09+00:00\" \/>\n<meta property=\"og:image\" content=\"https:\/\/leroy.rs\/wp-content\/uploads\/2016\/05\/real_estate_consulting_services_about_us.jpg\" \/>\n\t<meta property=\"og:image:width\" content=\"1060\" \/>\n\t<meta property=\"og:image:height\" content=\"375\" \/>\n\t<meta property=\"og:image:type\" content=\"image\/jpeg\" \/>\n<meta name=\"twitter:card\" content=\"summary_large_image\" \/>\n<meta name=\"twitter:title\" content=\"About us | LeRoy Realty Consultants, Real estate consulting, Real estate expertise, Property consulting, Real estate development, Belgrade, Serbia\" \/>\n<meta name=\"twitter:description\" content=\"LeRoy Realty Consultants, LeRoy is a real estate company specialized in providing high quality consulting services. Our company\u2019s focus is to enable value-added and high integrity services to each Client through a client oriented approach and deep knowledge of the local market.\" \/>\n<meta name=\"twitter:label1\" content=\"\u041f\u0440\u043e\u0446\u0435\u045a\u0435\u043d\u043e \u0432\u0440\u0435\u043c\u0435 \u0447\u0438\u0442\u0430\u045a\u0430\" \/>\n\t<meta name=\"twitter:data1\" content=\"2 \u043c\u0438\u043d\u0443\u0442\u0430\" \/>\n<script type=\"application\/ld+json\" class=\"yoast-schema-graph\">{\"@context\":\"https:\/\/schema.org\",\"@graph\":[{\"@type\":\"WebPage\",\"@id\":\"https:\/\/leroy.rs\/sr\/leroy-o-nama\/\",\"url\":\"https:\/\/leroy.rs\/sr\/leroy-o-nama\/\",\"name\":\"About us | LeRoy Realty Consultants, Real estate consulting, Real estate expertise, Property consulting, Real estate development, Belgrade, Serbia\",\"isPartOf\":{\"@id\":\"http:\/\/leroy.rs\/#website\"},\"primaryImageOfPage\":{\"@id\":\"https:\/\/leroy.rs\/sr\/leroy-o-nama\/#primaryimage\"},\"image\":{\"@id\":\"https:\/\/leroy.rs\/sr\/leroy-o-nama\/#primaryimage\"},\"thumbnailUrl\":\"http:\/\/leroy.rs\/wp-content\/uploads\/2016\/05\/real_estate_consulting_services_about_us.jpg\",\"datePublished\":\"2016-05-13T22:47:41+00:00\",\"dateModified\":\"2025-05-28T08:53:09+00:00\",\"description\":\"LeRoy Realty Consultants, LeRoy is a real estate company specialized in providing high quality consulting services. Our company\u2019s focus is to enable value-added and high integrity services to each Client through a client oriented approach and deep knowledge of the local market.\",\"breadcrumb\":{\"@id\":\"https:\/\/leroy.rs\/sr\/leroy-o-nama\/#breadcrumb\"},\"inLanguage\":\"sr-RS\",\"potentialAction\":[{\"@type\":\"ReadAction\",\"target\":[\"https:\/\/leroy.rs\/sr\/leroy-o-nama\/\"]}]},{\"@type\":\"ImageObject\",\"inLanguage\":\"sr-RS\",\"@id\":\"https:\/\/leroy.rs\/sr\/leroy-o-nama\/#primaryimage\",\"url\":\"http:\/\/leroy.rs\/wp-content\/uploads\/2016\/05\/real_estate_consulting_services_about_us.jpg\",\"contentUrl\":\"http:\/\/leroy.rs\/wp-content\/uploads\/2016\/05\/real_estate_consulting_services_about_us.jpg\",\"width\":1060,\"height\":375},{\"@type\":\"BreadcrumbList\",\"@id\":\"https:\/\/leroy.rs\/sr\/leroy-o-nama\/#breadcrumb\",\"itemListElement\":[{\"@type\":\"ListItem\",\"position\":1,\"name\":\"Home\",\"item\":\"http:\/\/leroy.rs\/sr\/\"},{\"@type\":\"ListItem\",\"position\":2,\"name\":\"O nama\"}]},{\"@type\":\"WebSite\",\"@id\":\"http:\/\/leroy.rs\/#website\",\"url\":\"http:\/\/leroy.rs\/\",\"name\":\"LeRoy\",\"description\":\"Real Estate company\",\"publisher\":{\"@id\":\"http:\/\/leroy.rs\/#organization\"},\"potentialAction\":[{\"@type\":\"SearchAction\",\"target\":{\"@type\":\"EntryPoint\",\"urlTemplate\":\"http:\/\/leroy.rs\/?s={search_term_string}\"},\"query-input\":{\"@type\":\"PropertyValueSpecification\",\"valueRequired\":true,\"valueName\":\"search_term_string\"}}],\"inLanguage\":\"sr-RS\"},{\"@type\":\"Organization\",\"@id\":\"http:\/\/leroy.rs\/#organization\",\"name\":\"LeRoy, Real Estate company\",\"url\":\"http:\/\/leroy.rs\/\",\"logo\":{\"@type\":\"ImageObject\",\"inLanguage\":\"sr-RS\",\"@id\":\"http:\/\/leroy.rs\/#\/schema\/logo\/image\/\",\"url\":\"https:\/\/leroy.rs\/wp-content\/uploads\/2016\/05\/LEROY_logo.jpg\",\"contentUrl\":\"https:\/\/leroy.rs\/wp-content\/uploads\/2016\/05\/LEROY_logo.jpg\",\"width\":480,\"height\":334,\"caption\":\"LeRoy, Real Estate company\"},\"image\":{\"@id\":\"http:\/\/leroy.rs\/#\/schema\/logo\/image\/\"}}]}<\/script>\n<!-- \/ Yoast SEO plugin. -->","yoast_head_json":{"title":"About us | LeRoy Realty Consultants, Real estate consulting, Real estate expertise, Property consulting, Real estate development, Belgrade, Serbia","description":"LeRoy Realty Consultants, LeRoy is a real estate company specialized in providing high quality consulting services. Our company\u2019s focus is to enable value-added and high integrity services to each Client through a client oriented approach and deep knowledge of the local market.","robots":{"index":"index","follow":"follow","max-snippet":"max-snippet:-1","max-image-preview":"max-image-preview:large","max-video-preview":"max-video-preview:-1"},"canonical":"https:\/\/leroy.rs\/sr\/leroy-o-nama\/","og_locale":"sr_RS","og_type":"article","og_title":"About us | LeRoy Realty Consultants, Real estate consulting, Real estate expertise, Property consulting, Real estate development, Belgrade, Serbia","og_description":"LeRoy Realty Consultants, LeRoy is a real estate company specialized in providing high quality consulting services. Our company\u2019s focus is to enable value-added and high integrity services to each Client through a client oriented approach and deep knowledge of the local market.","og_url":"https:\/\/leroy.rs\/sr\/leroy-o-nama\/","og_site_name":"LeRoy","article_modified_time":"2025-05-28T08:53:09+00:00","og_image":[{"width":1060,"height":375,"url":"https:\/\/leroy.rs\/wp-content\/uploads\/2016\/05\/real_estate_consulting_services_about_us.jpg","type":"image\/jpeg"}],"twitter_card":"summary_large_image","twitter_title":"About us | LeRoy Realty Consultants, Real estate consulting, Real estate expertise, Property consulting, Real estate development, Belgrade, Serbia","twitter_description":"LeRoy Realty Consultants, LeRoy is a real estate company specialized in providing high quality consulting services. Our company\u2019s focus is to enable value-added and high integrity services to each Client through a client oriented approach and deep knowledge of the local market.","twitter_misc":{"\u041f\u0440\u043e\u0446\u0435\u045a\u0435\u043d\u043e \u0432\u0440\u0435\u043c\u0435 \u0447\u0438\u0442\u0430\u045a\u0430":"2 \u043c\u0438\u043d\u0443\u0442\u0430"},"schema":{"@context":"https:\/\/schema.org","@graph":[{"@type":"WebPage","@id":"https:\/\/leroy.rs\/sr\/leroy-o-nama\/","url":"https:\/\/leroy.rs\/sr\/leroy-o-nama\/","name":"About us | LeRoy Realty Consultants, Real estate consulting, Real estate expertise, Property consulting, Real estate development, Belgrade, Serbia","isPartOf":{"@id":"http:\/\/leroy.rs\/#website"},"primaryImageOfPage":{"@id":"https:\/\/leroy.rs\/sr\/leroy-o-nama\/#primaryimage"},"image":{"@id":"https:\/\/leroy.rs\/sr\/leroy-o-nama\/#primaryimage"},"thumbnailUrl":"http:\/\/leroy.rs\/wp-content\/uploads\/2016\/05\/real_estate_consulting_services_about_us.jpg","datePublished":"2016-05-13T22:47:41+00:00","dateModified":"2025-05-28T08:53:09+00:00","description":"LeRoy Realty Consultants, LeRoy is a real estate company specialized in providing high quality consulting services. Our company\u2019s focus is to enable value-added and high integrity services to each Client through a client oriented approach and deep knowledge of the local market.","breadcrumb":{"@id":"https:\/\/leroy.rs\/sr\/leroy-o-nama\/#breadcrumb"},"inLanguage":"sr-RS","potentialAction":[{"@type":"ReadAction","target":["https:\/\/leroy.rs\/sr\/leroy-o-nama\/"]}]},{"@type":"ImageObject","inLanguage":"sr-RS","@id":"https:\/\/leroy.rs\/sr\/leroy-o-nama\/#primaryimage","url":"http:\/\/leroy.rs\/wp-content\/uploads\/2016\/05\/real_estate_consulting_services_about_us.jpg","contentUrl":"http:\/\/leroy.rs\/wp-content\/uploads\/2016\/05\/real_estate_consulting_services_about_us.jpg","width":1060,"height":375},{"@type":"BreadcrumbList","@id":"https:\/\/leroy.rs\/sr\/leroy-o-nama\/#breadcrumb","itemListElement":[{"@type":"ListItem","position":1,"name":"Home","item":"http:\/\/leroy.rs\/sr\/"},{"@type":"ListItem","position":2,"name":"O nama"}]},{"@type":"WebSite","@id":"http:\/\/leroy.rs\/#website","url":"http:\/\/leroy.rs\/","name":"LeRoy","description":"Real Estate company","publisher":{"@id":"http:\/\/leroy.rs\/#organization"},"potentialAction":[{"@type":"SearchAction","target":{"@type":"EntryPoint","urlTemplate":"http:\/\/leroy.rs\/?s={search_term_string}"},"query-input":{"@type":"PropertyValueSpecification","valueRequired":true,"valueName":"search_term_string"}}],"inLanguage":"sr-RS"},{"@type":"Organization","@id":"http:\/\/leroy.rs\/#organization","name":"LeRoy, Real Estate company","url":"http:\/\/leroy.rs\/","logo":{"@type":"ImageObject","inLanguage":"sr-RS","@id":"http:\/\/leroy.rs\/#\/schema\/logo\/image\/","url":"https:\/\/leroy.rs\/wp-content\/uploads\/2016\/05\/LEROY_logo.jpg","contentUrl":"https:\/\/leroy.rs\/wp-content\/uploads\/2016\/05\/LEROY_logo.jpg","width":480,"height":334,"caption":"LeRoy, Real Estate company"},"image":{"@id":"http:\/\/leroy.rs\/#\/schema\/logo\/image\/"}}]}},"_links":{"self":[{"href":"http:\/\/leroy.rs\/sr\/wp-json\/wp\/v2\/pages\/343","targetHints":{"allow":["GET"]}}],"collection":[{"href":"http:\/\/leroy.rs\/sr\/wp-json\/wp\/v2\/pages"}],"about":[{"href":"http:\/\/leroy.rs\/sr\/wp-json\/wp\/v2\/types\/page"}],"author":[{"embeddable":true,"href":"http:\/\/leroy.rs\/sr\/wp-json\/wp\/v2\/users\/4"}],"replies":[{"embeddable":true,"href":"http:\/\/leroy.rs\/sr\/wp-json\/wp\/v2\/comments?post=343"}],"version-history":[{"count":22,"href":"http:\/\/leroy.rs\/sr\/wp-json\/wp\/v2\/pages\/343\/revisions"}],"predecessor-version":[{"id":924,"href":"http:\/\/leroy.rs\/sr\/wp-json\/wp\/v2\/pages\/343\/revisions\/924"}],"wp:featuredmedia":[{"embeddable":true,"href":"http:\/\/leroy.rs\/sr\/wp-json\/wp\/v2\/media\/898"}],"wp:attachment":[{"href":"http:\/\/leroy.rs\/sr\/wp-json\/wp\/v2\/media?parent=343"}],"curies":[{"name":"wp","href":"https:\/\/api.w.org\/{rel}","templated":true}]}}