{"id":339,"date":"2016-05-21T09:36:44","date_gmt":"2016-05-21T09:36:44","guid":{"rendered":"http:\/\/leroy.loc\/sr\/?page_id=339"},"modified":"2016-05-27T23:17:06","modified_gmt":"2016-05-27T23:17:06","slug":"leroy-investiciona-prodaja-kupovina","status":"publish","type":"page","link":"http:\/\/leroy.rs\/sr\/leroy-investiciona-prodaja-kupovina\/","title":{"rendered":"Investiciona prodaja &#038; kupovina"},"content":{"rendered":"<p style=\"text-align: justify;\">Kompanija LeRoy je nezavisni konsultant u oblasti nekretnina. Na\u0161e kommpetencije u oblasti finansija i tr\u017ei\u0161ta nekretnina predstavljaju klju\u010d za razumevanje dana\u0161njeg tr\u017ei\u0161ta i svih fluktuacija koje mogu uticati na pravu odluku. Precizan uvid u tr\u017ei\u0161te poma\u017ee nam da defini\u0161emo pravu vrednost nepokretnosti i da je na najefikasniji na\u010din predstavimo na tr\u017ei\u0161tu.<\/p>\n<p style=\"text-align: justify;\">Mi pratimo i savetujemo kupce i prodavce tokom \u010ditavog procesa prodaje\/kupovine, pronalaze\u0107i pritom re\u0161enja koja su prilago\u0111ena klijentu u cilju optimizovanja povra\u0107aja investicije i smanjenja rizika.<\/p>\n","protected":false},"excerpt":{"rendered":"<p>Kompanija LeRoy je nezavisni konsultant u oblasti nekretnina. Na\u0161e kommpetencije u oblasti finansija i tr\u017ei\u0161ta nekretnina predstavljaju klju\u010d za razumevanje dana\u0161njeg tr\u017ei\u0161ta i svih fluktuacija koje mogu uticati na pravu odluku. Precizan uvid u tr\u017ei\u0161te poma\u017ee nam da defini\u0161emo pravu vrednost nepokretnosti i da je na najefikasniji na\u010din predstavimo na tr\u017ei\u0161tu. Mi pratimo i savetujemo [&hellip;]<\/p>\n","protected":false},"author":1,"featured_media":964,"parent":0,"menu_order":0,"comment_status":"closed","ping_status":"closed","template":"services.php","meta":{"footnotes":""},"class_list":["post-339","page","type-page","status-publish","has-post-thumbnail","hentry"],"yoast_head":"<!-- This site is optimized with the Yoast SEO plugin v25.2 - https:\/\/yoast.com\/wordpress\/plugins\/seo\/ -->\n<title>Investiciona prodaja &amp; kupovina | LeRoy Nekretnine, Nezavisni konsultant u oblasti nekretnina, Vrednost nepokretnosti, Smanjenje rizika u nekretninama, Optimizacija investicije, Beograd, Srbija<\/title>\n<meta name=\"description\" content=\"LeRoy je kompanija koja posluje u sektoru nekretnina pru\u017eaju\u0107i profesionalne konsultantske usluge i usluge posredovanja. Na\u0161 prevashodni cilj je obezbe\u0111ivanje objedinjene usluge, uz po\u0161tovanje poslovne politike individualnog pristupa svakom klijentu i uz puno razumevanje specifi\u010dnosti lokalnog tr\u017ei\u0161ta.\" \/>\n<meta name=\"robots\" content=\"index, follow, max-snippet:-1, max-image-preview:large, max-video-preview:-1\" \/>\n<link rel=\"canonical\" href=\"http:\/\/leroy.rs\/sr\/leroy-investiciona-prodaja-kupovina\/\" \/>\n<meta property=\"og:locale\" content=\"sr_RS\" \/>\n<meta property=\"og:type\" content=\"article\" \/>\n<meta property=\"og:title\" content=\"Investiciona prodaja &amp; kupovina | LeRoy Nekretnine, Nezavisni konsultant u oblasti nekretnina, Vrednost nepokretnosti, Smanjenje rizika u nekretninama, Optimizacija investicije, Beograd, Srbija\" \/>\n<meta property=\"og:description\" content=\"LeRoy je kompanija koja posluje u sektoru nekretnina pru\u017eaju\u0107i profesionalne konsultantske usluge i usluge posredovanja. Na\u0161 prevashodni cilj je obezbe\u0111ivanje objedinjene usluge, uz po\u0161tovanje poslovne politike individualnog pristupa svakom klijentu i uz puno razumevanje specifi\u010dnosti lokalnog tr\u017ei\u0161ta.\" \/>\n<meta property=\"og:url\" content=\"http:\/\/leroy.rs\/sr\/leroy-investiciona-prodaja-kupovina\/\" \/>\n<meta property=\"og:site_name\" content=\"LeRoy\" \/>\n<meta property=\"article:modified_time\" content=\"2016-05-27T23:17:06+00:00\" \/>\n<meta property=\"og:image\" content=\"http:\/\/leroy.rs\/wp-content\/uploads\/2016\/05\/investment-sales-and-acquisition.jpg\" \/>\n\t<meta property=\"og:image:width\" content=\"1060\" \/>\n\t<meta property=\"og:image:height\" content=\"372\" \/>\n\t<meta property=\"og:image:type\" content=\"image\/jpeg\" \/>\n<meta name=\"twitter:card\" content=\"summary_large_image\" \/>\n<meta name=\"twitter:title\" content=\"Investiciona prodaja &amp; kupovina | LeRoy Nekretnine, Nezavisni konsultant u oblasti nekretnina, Vrednost nepokretnosti, Smanjenje rizika u nekretninama, Optimizacija investicije, Beograd, Srbija\" \/>\n<meta name=\"twitter:description\" content=\"LeRoy je kompanija koja posluje u sektoru nekretnina pru\u017eaju\u0107i profesionalne konsultantske usluge i usluge posredovanja. Na\u0161 prevashodni cilj je obezbe\u0111ivanje objedinjene usluge, uz po\u0161tovanje poslovne politike individualnog pristupa svakom klijentu i uz puno razumevanje specifi\u010dnosti lokalnog tr\u017ei\u0161ta.\" \/>\n<script type=\"application\/ld+json\" class=\"yoast-schema-graph\">{\"@context\":\"https:\/\/schema.org\",\"@graph\":[{\"@type\":\"WebPage\",\"@id\":\"http:\/\/leroy.rs\/sr\/leroy-investiciona-prodaja-kupovina\/\",\"url\":\"http:\/\/leroy.rs\/sr\/leroy-investiciona-prodaja-kupovina\/\",\"name\":\"Investiciona prodaja & kupovina | LeRoy Nekretnine, Nezavisni konsultant u oblasti nekretnina, Vrednost nepokretnosti, Smanjenje rizika u nekretninama, Optimizacija investicije, Beograd, Srbija\",\"isPartOf\":{\"@id\":\"http:\/\/leroy.rs\/#website\"},\"primaryImageOfPage\":{\"@id\":\"http:\/\/leroy.rs\/sr\/leroy-investiciona-prodaja-kupovina\/#primaryimage\"},\"image\":{\"@id\":\"http:\/\/leroy.rs\/sr\/leroy-investiciona-prodaja-kupovina\/#primaryimage\"},\"thumbnailUrl\":\"http:\/\/leroy.rs\/wp-content\/uploads\/2016\/05\/investment-sales-and-acquisition.jpg\",\"datePublished\":\"2016-05-21T09:36:44+00:00\",\"dateModified\":\"2016-05-27T23:17:06+00:00\",\"description\":\"LeRoy je kompanija koja posluje u sektoru nekretnina pru\u017eaju\u0107i profesionalne konsultantske usluge i usluge posredovanja. Na\u0161 prevashodni cilj je obezbe\u0111ivanje objedinjene usluge, uz po\u0161tovanje poslovne politike individualnog pristupa svakom klijentu i uz puno razumevanje specifi\u010dnosti lokalnog tr\u017ei\u0161ta.\",\"breadcrumb\":{\"@id\":\"http:\/\/leroy.rs\/sr\/leroy-investiciona-prodaja-kupovina\/#breadcrumb\"},\"inLanguage\":\"sr-RS\",\"potentialAction\":[{\"@type\":\"ReadAction\",\"target\":[\"http:\/\/leroy.rs\/sr\/leroy-investiciona-prodaja-kupovina\/\"]}]},{\"@type\":\"ImageObject\",\"inLanguage\":\"sr-RS\",\"@id\":\"http:\/\/leroy.rs\/sr\/leroy-investiciona-prodaja-kupovina\/#primaryimage\",\"url\":\"http:\/\/leroy.rs\/wp-content\/uploads\/2016\/05\/investment-sales-and-acquisition.jpg\",\"contentUrl\":\"http:\/\/leroy.rs\/wp-content\/uploads\/2016\/05\/investment-sales-and-acquisition.jpg\",\"width\":1060,\"height\":372,\"caption\":\"investiciona prodaja i kupovina\"},{\"@type\":\"BreadcrumbList\",\"@id\":\"http:\/\/leroy.rs\/sr\/leroy-investiciona-prodaja-kupovina\/#breadcrumb\",\"itemListElement\":[{\"@type\":\"ListItem\",\"position\":1,\"name\":\"Home\",\"item\":\"http:\/\/leroy.rs\/sr\/\"},{\"@type\":\"ListItem\",\"position\":2,\"name\":\"Investiciona prodaja &#038; kupovina\"}]},{\"@type\":\"WebSite\",\"@id\":\"http:\/\/leroy.rs\/#website\",\"url\":\"http:\/\/leroy.rs\/\",\"name\":\"LeRoy\",\"description\":\"Real Estate company\",\"publisher\":{\"@id\":\"http:\/\/leroy.rs\/#organization\"},\"potentialAction\":[{\"@type\":\"SearchAction\",\"target\":{\"@type\":\"EntryPoint\",\"urlTemplate\":\"http:\/\/leroy.rs\/?s={search_term_string}\"},\"query-input\":{\"@type\":\"PropertyValueSpecification\",\"valueRequired\":true,\"valueName\":\"search_term_string\"}}],\"inLanguage\":\"sr-RS\"},{\"@type\":\"Organization\",\"@id\":\"http:\/\/leroy.rs\/#organization\",\"name\":\"LeRoy, Real Estate company\",\"url\":\"http:\/\/leroy.rs\/\",\"logo\":{\"@type\":\"ImageObject\",\"inLanguage\":\"sr-RS\",\"@id\":\"http:\/\/leroy.rs\/#\/schema\/logo\/image\/\",\"url\":\"https:\/\/leroy.rs\/wp-content\/uploads\/2016\/05\/LEROY_logo.jpg\",\"contentUrl\":\"https:\/\/leroy.rs\/wp-content\/uploads\/2016\/05\/LEROY_logo.jpg\",\"width\":480,\"height\":334,\"caption\":\"LeRoy, Real Estate company\"},\"image\":{\"@id\":\"http:\/\/leroy.rs\/#\/schema\/logo\/image\/\"}}]}<\/script>\n<!-- \/ Yoast SEO plugin. -->","yoast_head_json":{"title":"Investiciona prodaja & kupovina | LeRoy Nekretnine, Nezavisni konsultant u oblasti nekretnina, Vrednost nepokretnosti, Smanjenje rizika u nekretninama, Optimizacija investicije, Beograd, Srbija","description":"LeRoy je kompanija koja posluje u sektoru nekretnina pru\u017eaju\u0107i profesionalne konsultantske usluge i usluge posredovanja. Na\u0161 prevashodni cilj je obezbe\u0111ivanje objedinjene usluge, uz po\u0161tovanje poslovne politike individualnog pristupa svakom klijentu i uz puno razumevanje specifi\u010dnosti lokalnog tr\u017ei\u0161ta.","robots":{"index":"index","follow":"follow","max-snippet":"max-snippet:-1","max-image-preview":"max-image-preview:large","max-video-preview":"max-video-preview:-1"},"canonical":"http:\/\/leroy.rs\/sr\/leroy-investiciona-prodaja-kupovina\/","og_locale":"sr_RS","og_type":"article","og_title":"Investiciona prodaja & kupovina | LeRoy Nekretnine, Nezavisni konsultant u oblasti nekretnina, Vrednost nepokretnosti, Smanjenje rizika u nekretninama, Optimizacija investicije, Beograd, Srbija","og_description":"LeRoy je kompanija koja posluje u sektoru nekretnina pru\u017eaju\u0107i profesionalne konsultantske usluge i usluge posredovanja. Na\u0161 prevashodni cilj je obezbe\u0111ivanje objedinjene usluge, uz po\u0161tovanje poslovne politike individualnog pristupa svakom klijentu i uz puno razumevanje specifi\u010dnosti lokalnog tr\u017ei\u0161ta.","og_url":"http:\/\/leroy.rs\/sr\/leroy-investiciona-prodaja-kupovina\/","og_site_name":"LeRoy","article_modified_time":"2016-05-27T23:17:06+00:00","og_image":[{"width":1060,"height":372,"url":"http:\/\/leroy.rs\/wp-content\/uploads\/2016\/05\/investment-sales-and-acquisition.jpg","type":"image\/jpeg"}],"twitter_card":"summary_large_image","twitter_title":"Investiciona prodaja & kupovina | LeRoy Nekretnine, Nezavisni konsultant u oblasti nekretnina, Vrednost nepokretnosti, Smanjenje rizika u nekretninama, Optimizacija investicije, Beograd, Srbija","twitter_description":"LeRoy je kompanija koja posluje u sektoru nekretnina pru\u017eaju\u0107i profesionalne konsultantske usluge i usluge posredovanja. Na\u0161 prevashodni cilj je obezbe\u0111ivanje objedinjene usluge, uz po\u0161tovanje poslovne politike individualnog pristupa svakom klijentu i uz puno razumevanje specifi\u010dnosti lokalnog tr\u017ei\u0161ta.","schema":{"@context":"https:\/\/schema.org","@graph":[{"@type":"WebPage","@id":"http:\/\/leroy.rs\/sr\/leroy-investiciona-prodaja-kupovina\/","url":"http:\/\/leroy.rs\/sr\/leroy-investiciona-prodaja-kupovina\/","name":"Investiciona prodaja & kupovina | LeRoy Nekretnine, Nezavisni konsultant u oblasti nekretnina, Vrednost nepokretnosti, Smanjenje rizika u nekretninama, Optimizacija investicije, Beograd, Srbija","isPartOf":{"@id":"http:\/\/leroy.rs\/#website"},"primaryImageOfPage":{"@id":"http:\/\/leroy.rs\/sr\/leroy-investiciona-prodaja-kupovina\/#primaryimage"},"image":{"@id":"http:\/\/leroy.rs\/sr\/leroy-investiciona-prodaja-kupovina\/#primaryimage"},"thumbnailUrl":"http:\/\/leroy.rs\/wp-content\/uploads\/2016\/05\/investment-sales-and-acquisition.jpg","datePublished":"2016-05-21T09:36:44+00:00","dateModified":"2016-05-27T23:17:06+00:00","description":"LeRoy je kompanija koja posluje u sektoru nekretnina pru\u017eaju\u0107i profesionalne konsultantske usluge i usluge posredovanja. Na\u0161 prevashodni cilj je obezbe\u0111ivanje objedinjene usluge, uz po\u0161tovanje poslovne politike individualnog pristupa svakom klijentu i uz puno razumevanje specifi\u010dnosti lokalnog tr\u017ei\u0161ta.","breadcrumb":{"@id":"http:\/\/leroy.rs\/sr\/leroy-investiciona-prodaja-kupovina\/#breadcrumb"},"inLanguage":"sr-RS","potentialAction":[{"@type":"ReadAction","target":["http:\/\/leroy.rs\/sr\/leroy-investiciona-prodaja-kupovina\/"]}]},{"@type":"ImageObject","inLanguage":"sr-RS","@id":"http:\/\/leroy.rs\/sr\/leroy-investiciona-prodaja-kupovina\/#primaryimage","url":"http:\/\/leroy.rs\/wp-content\/uploads\/2016\/05\/investment-sales-and-acquisition.jpg","contentUrl":"http:\/\/leroy.rs\/wp-content\/uploads\/2016\/05\/investment-sales-and-acquisition.jpg","width":1060,"height":372,"caption":"investiciona prodaja i kupovina"},{"@type":"BreadcrumbList","@id":"http:\/\/leroy.rs\/sr\/leroy-investiciona-prodaja-kupovina\/#breadcrumb","itemListElement":[{"@type":"ListItem","position":1,"name":"Home","item":"http:\/\/leroy.rs\/sr\/"},{"@type":"ListItem","position":2,"name":"Investiciona prodaja &#038; kupovina"}]},{"@type":"WebSite","@id":"http:\/\/leroy.rs\/#website","url":"http:\/\/leroy.rs\/","name":"LeRoy","description":"Real Estate company","publisher":{"@id":"http:\/\/leroy.rs\/#organization"},"potentialAction":[{"@type":"SearchAction","target":{"@type":"EntryPoint","urlTemplate":"http:\/\/leroy.rs\/?s={search_term_string}"},"query-input":{"@type":"PropertyValueSpecification","valueRequired":true,"valueName":"search_term_string"}}],"inLanguage":"sr-RS"},{"@type":"Organization","@id":"http:\/\/leroy.rs\/#organization","name":"LeRoy, Real Estate company","url":"http:\/\/leroy.rs\/","logo":{"@type":"ImageObject","inLanguage":"sr-RS","@id":"http:\/\/leroy.rs\/#\/schema\/logo\/image\/","url":"https:\/\/leroy.rs\/wp-content\/uploads\/2016\/05\/LEROY_logo.jpg","contentUrl":"https:\/\/leroy.rs\/wp-content\/uploads\/2016\/05\/LEROY_logo.jpg","width":480,"height":334,"caption":"LeRoy, Real Estate company"},"image":{"@id":"http:\/\/leroy.rs\/#\/schema\/logo\/image\/"}}]}},"_links":{"self":[{"href":"http:\/\/leroy.rs\/sr\/wp-json\/wp\/v2\/pages\/339","targetHints":{"allow":["GET"]}}],"collection":[{"href":"http:\/\/leroy.rs\/sr\/wp-json\/wp\/v2\/pages"}],"about":[{"href":"http:\/\/leroy.rs\/sr\/wp-json\/wp\/v2\/types\/page"}],"author":[{"embeddable":true,"href":"http:\/\/leroy.rs\/sr\/wp-json\/wp\/v2\/users\/1"}],"replies":[{"embeddable":true,"href":"http:\/\/leroy.rs\/sr\/wp-json\/wp\/v2\/comments?post=339"}],"version-history":[{"count":2,"href":"http:\/\/leroy.rs\/sr\/wp-json\/wp\/v2\/pages\/339\/revisions"}],"predecessor-version":[{"id":542,"href":"http:\/\/leroy.rs\/sr\/wp-json\/wp\/v2\/pages\/339\/revisions\/542"}],"wp:featuredmedia":[{"embeddable":true,"href":"http:\/\/leroy.rs\/sr\/wp-json\/wp\/v2\/media\/964"}],"wp:attachment":[{"href":"http:\/\/leroy.rs\/sr\/wp-json\/wp\/v2\/media?parent=339"}],"curies":[{"name":"wp","href":"https:\/\/api.w.org\/{rel}","templated":true}]}}