{"id":333,"date":"2016-05-21T09:28:46","date_gmt":"2016-05-21T09:28:46","guid":{"rendered":"http:\/\/leroy.loc\/sr\/?page_id=333"},"modified":"2016-05-27T23:14:22","modified_gmt":"2016-05-27T23:14:22","slug":"leroy-procena-vrednosti","status":"publish","type":"page","link":"http:\/\/leroy.rs\/sr\/leroy-procena-vrednosti\/","title":{"rendered":"Procena vrednosti"},"content":{"rendered":"<p style=\"text-align: justify;\">Na\u0161e usluge procene vrednosti nude precizan savet o tr\u017ei\u0161noj vrednosti razli\u010ditih tipova nepokretnosti. Profesionalci \u0107e Vam pomo\u0107i da razumete vrednost Va\u0161e nepokretnosti u kontekstu promenljivog tr\u017ei\u0161ta i pove\u0107ate efikasnost Va\u0161e nekretnine putem upoznavanja lokalnih prilika. Precizne i a\u017eurne procene nepokretnosti zasnovane su na objedinjenom pristupu koji podrazumeva: kori\u0161\u0107enje baze podataka, aktivno prisustvo na\u0161ih konsultanata na terenu i konstantnu analizu tr\u017ei\u0161ta.<\/p>\n<p style=\"text-align: justify;\">Objektivni saveti, uz primenu jasne metodologije i usagla\u0161enost sa RICS \u2013 Profesionalnim standardima 2014 i Me\u0111unarodnim standardima procene (IVS), omogu\u0107i\u0107e Vam sveobuhvatnu procenu razli\u010ditih tipova nepokretnosti kao \u0161to su stambeni, kancelarijski, maloprodajni, hotelski, industrijski i logisti\u010dki objekti. Analiza tr\u017ei\u0161ta je integralni deo svakog na\u0161eg izve\u0161taja o proceni.<\/p>\n<p style=\"text-align: justify;\">Odeljenje za procene ima specijalizovano operativno iskustvo i ve\u0161tine koje omogu\u0107avaju efektno izvr\u0161avanje razli\u010ditih zadataka sa jasnim fokusom na svim specifi\u010dnostima datog zadatka. Konzistentnost, objektivnost i transparentnost su osnova na\u0161eg rada. Na\u0161 tim \u010dine osobe sa bogatim me\u0111unarodnim iskustvom i temeljnim poznavanjem lokalnog tr\u017ei\u0161ta, koje poseduju profesionalne kvalifikacije i kompetentnost za procenjivanje razli\u010ditih tipova nepokretnosti. Kompanija u svom timu ima procenitelja sa RICS sertifikatom (RICS \u2013 Kraljevski Institut Ovla\u0161\u0107enih Procenitelja).<\/p>\n<p style=\"text-align: justify;\">Na\u0161e procene vrednosti su osnova finansijskih odluka za kompanije iz sektora nekretnina, finansijske institucije, investitore i finansijski sektor.<\/p>\n","protected":false},"excerpt":{"rendered":"<p>Na\u0161e usluge procene vrednosti nude precizan savet o tr\u017ei\u0161noj vrednosti razli\u010ditih tipova nepokretnosti. Profesionalci \u0107e Vam pomo\u0107i da razumete vrednost Va\u0161e nepokretnosti u kontekstu promenljivog tr\u017ei\u0161ta i pove\u0107ate efikasnost Va\u0161e nekretnine putem upoznavanja lokalnih prilika. Precizne i a\u017eurne procene nepokretnosti zasnovane su na objedinjenom pristupu koji podrazumeva: kori\u0161\u0107enje baze podataka, aktivno prisustvo na\u0161ih konsultanata na [&hellip;]<\/p>\n","protected":false},"author":1,"featured_media":996,"parent":0,"menu_order":0,"comment_status":"closed","ping_status":"closed","template":"services.php","meta":{"footnotes":""},"class_list":["post-333","page","type-page","status-publish","has-post-thumbnail","hentry"],"yoast_head":"<!-- This site is optimized with the Yoast SEO plugin v25.2 - https:\/\/yoast.com\/wordpress\/plugins\/seo\/ -->\n<title>Procena vrednosti | LeRoy Nekretnine, Procene vrednosti nepokretnosti, Trzisna vrednost nepokretnosti, Analiza trzista nepokretnosti, Beograd, Srbija<\/title>\n<meta name=\"description\" content=\"LeRoy je kompanija koja posluje u sektoru nekretnina pru\u017eaju\u0107i profesionalne konsultantske usluge i usluge posredovanja. Na\u0161 prevashodni cilj je obezbe\u0111ivanje objedinjene usluge, uz po\u0161tovanje poslovne politike individualnog pristupa svakom klijentu i uz puno razumevanje specifi\u010dnosti lokalnog tr\u017ei\u0161ta.\" \/>\n<meta name=\"robots\" content=\"index, follow, max-snippet:-1, max-image-preview:large, max-video-preview:-1\" \/>\n<link rel=\"canonical\" href=\"https:\/\/leroy.rs\/sr\/leroy-procena-vrednosti\/\" \/>\n<meta property=\"og:locale\" content=\"sr_RS\" \/>\n<meta property=\"og:type\" content=\"article\" \/>\n<meta property=\"og:title\" content=\"Procena vrednosti | LeRoy Nekretnine, Procene vrednosti nepokretnosti, Trzisna vrednost nepokretnosti, Analiza trzista nepokretnosti, Beograd, Srbija\" \/>\n<meta property=\"og:description\" content=\"LeRoy je kompanija koja posluje u sektoru nekretnina pru\u017eaju\u0107i profesionalne konsultantske usluge i usluge posredovanja. Na\u0161 prevashodni cilj je obezbe\u0111ivanje objedinjene usluge, uz po\u0161tovanje poslovne politike individualnog pristupa svakom klijentu i uz puno razumevanje specifi\u010dnosti lokalnog tr\u017ei\u0161ta.\" \/>\n<meta property=\"og:url\" content=\"https:\/\/leroy.rs\/sr\/leroy-procena-vrednosti\/\" \/>\n<meta property=\"og:site_name\" content=\"LeRoy\" \/>\n<meta property=\"article:modified_time\" content=\"2016-05-27T23:14:22+00:00\" \/>\n<meta property=\"og:image\" content=\"https:\/\/leroy.rs\/wp-content\/uploads\/2025\/06\/sajt.jpg\" \/>\n\t<meta property=\"og:image:width\" content=\"1059\" \/>\n\t<meta property=\"og:image:height\" content=\"399\" \/>\n\t<meta property=\"og:image:type\" content=\"image\/jpeg\" \/>\n<meta name=\"twitter:card\" content=\"summary_large_image\" \/>\n<meta name=\"twitter:title\" content=\"Procena vrednosti | LeRoy Nekretnine, Procene vrednosti nepokretnosti, Trzisna vrednost nepokretnosti, Analiza trzista nepokretnosti, Beograd, Srbija\" \/>\n<meta name=\"twitter:description\" content=\"LeRoy je kompanija koja posluje u sektoru nekretnina pru\u017eaju\u0107i profesionalne konsultantske usluge i usluge posredovanja. Na\u0161 prevashodni cilj je obezbe\u0111ivanje objedinjene usluge, uz po\u0161tovanje poslovne politike individualnog pristupa svakom klijentu i uz puno razumevanje specifi\u010dnosti lokalnog tr\u017ei\u0161ta.\" \/>\n<meta name=\"twitter:label1\" content=\"\u041f\u0440\u043e\u0446\u0435\u045a\u0435\u043d\u043e \u0432\u0440\u0435\u043c\u0435 \u0447\u0438\u0442\u0430\u045a\u0430\" \/>\n\t<meta name=\"twitter:data1\" content=\"1 \u043c\u0438\u043d\u0443\u0442\" \/>\n<script type=\"application\/ld+json\" class=\"yoast-schema-graph\">{\"@context\":\"https:\/\/schema.org\",\"@graph\":[{\"@type\":\"WebPage\",\"@id\":\"https:\/\/leroy.rs\/sr\/leroy-procena-vrednosti\/\",\"url\":\"https:\/\/leroy.rs\/sr\/leroy-procena-vrednosti\/\",\"name\":\"Procena vrednosti | LeRoy Nekretnine, Procene vrednosti nepokretnosti, Trzisna vrednost nepokretnosti, Analiza trzista nepokretnosti, Beograd, Srbija\",\"isPartOf\":{\"@id\":\"http:\/\/leroy.rs\/#website\"},\"primaryImageOfPage\":{\"@id\":\"https:\/\/leroy.rs\/sr\/leroy-procena-vrednosti\/#primaryimage\"},\"image\":{\"@id\":\"https:\/\/leroy.rs\/sr\/leroy-procena-vrednosti\/#primaryimage\"},\"thumbnailUrl\":\"http:\/\/leroy.rs\/wp-content\/uploads\/2025\/06\/sajt.jpg\",\"datePublished\":\"2016-05-21T09:28:46+00:00\",\"dateModified\":\"2016-05-27T23:14:22+00:00\",\"description\":\"LeRoy je kompanija koja posluje u sektoru nekretnina pru\u017eaju\u0107i profesionalne konsultantske usluge i usluge posredovanja. Na\u0161 prevashodni cilj je obezbe\u0111ivanje objedinjene usluge, uz po\u0161tovanje poslovne politike individualnog pristupa svakom klijentu i uz puno razumevanje specifi\u010dnosti lokalnog tr\u017ei\u0161ta.\",\"breadcrumb\":{\"@id\":\"https:\/\/leroy.rs\/sr\/leroy-procena-vrednosti\/#breadcrumb\"},\"inLanguage\":\"sr-RS\",\"potentialAction\":[{\"@type\":\"ReadAction\",\"target\":[\"https:\/\/leroy.rs\/sr\/leroy-procena-vrednosti\/\"]}]},{\"@type\":\"ImageObject\",\"inLanguage\":\"sr-RS\",\"@id\":\"https:\/\/leroy.rs\/sr\/leroy-procena-vrednosti\/#primaryimage\",\"url\":\"http:\/\/leroy.rs\/wp-content\/uploads\/2025\/06\/sajt.jpg\",\"contentUrl\":\"http:\/\/leroy.rs\/wp-content\/uploads\/2025\/06\/sajt.jpg\",\"width\":1059,\"height\":399},{\"@type\":\"BreadcrumbList\",\"@id\":\"https:\/\/leroy.rs\/sr\/leroy-procena-vrednosti\/#breadcrumb\",\"itemListElement\":[{\"@type\":\"ListItem\",\"position\":1,\"name\":\"Home\",\"item\":\"http:\/\/leroy.rs\/sr\/\"},{\"@type\":\"ListItem\",\"position\":2,\"name\":\"Procena vrednosti\"}]},{\"@type\":\"WebSite\",\"@id\":\"http:\/\/leroy.rs\/#website\",\"url\":\"http:\/\/leroy.rs\/\",\"name\":\"LeRoy\",\"description\":\"Real Estate company\",\"publisher\":{\"@id\":\"http:\/\/leroy.rs\/#organization\"},\"potentialAction\":[{\"@type\":\"SearchAction\",\"target\":{\"@type\":\"EntryPoint\",\"urlTemplate\":\"http:\/\/leroy.rs\/?s={search_term_string}\"},\"query-input\":{\"@type\":\"PropertyValueSpecification\",\"valueRequired\":true,\"valueName\":\"search_term_string\"}}],\"inLanguage\":\"sr-RS\"},{\"@type\":\"Organization\",\"@id\":\"http:\/\/leroy.rs\/#organization\",\"name\":\"LeRoy, Real Estate company\",\"url\":\"http:\/\/leroy.rs\/\",\"logo\":{\"@type\":\"ImageObject\",\"inLanguage\":\"sr-RS\",\"@id\":\"http:\/\/leroy.rs\/#\/schema\/logo\/image\/\",\"url\":\"https:\/\/leroy.rs\/wp-content\/uploads\/2016\/05\/LEROY_logo.jpg\",\"contentUrl\":\"https:\/\/leroy.rs\/wp-content\/uploads\/2016\/05\/LEROY_logo.jpg\",\"width\":480,\"height\":334,\"caption\":\"LeRoy, Real Estate company\"},\"image\":{\"@id\":\"http:\/\/leroy.rs\/#\/schema\/logo\/image\/\"}}]}<\/script>\n<!-- \/ Yoast SEO plugin. -->","yoast_head_json":{"title":"Procena vrednosti | LeRoy Nekretnine, Procene vrednosti nepokretnosti, Trzisna vrednost nepokretnosti, Analiza trzista nepokretnosti, Beograd, Srbija","description":"LeRoy je kompanija koja posluje u sektoru nekretnina pru\u017eaju\u0107i profesionalne konsultantske usluge i usluge posredovanja. Na\u0161 prevashodni cilj je obezbe\u0111ivanje objedinjene usluge, uz po\u0161tovanje poslovne politike individualnog pristupa svakom klijentu i uz puno razumevanje specifi\u010dnosti lokalnog tr\u017ei\u0161ta.","robots":{"index":"index","follow":"follow","max-snippet":"max-snippet:-1","max-image-preview":"max-image-preview:large","max-video-preview":"max-video-preview:-1"},"canonical":"https:\/\/leroy.rs\/sr\/leroy-procena-vrednosti\/","og_locale":"sr_RS","og_type":"article","og_title":"Procena vrednosti | LeRoy Nekretnine, Procene vrednosti nepokretnosti, Trzisna vrednost nepokretnosti, Analiza trzista nepokretnosti, Beograd, Srbija","og_description":"LeRoy je kompanija koja posluje u sektoru nekretnina pru\u017eaju\u0107i profesionalne konsultantske usluge i usluge posredovanja. Na\u0161 prevashodni cilj je obezbe\u0111ivanje objedinjene usluge, uz po\u0161tovanje poslovne politike individualnog pristupa svakom klijentu i uz puno razumevanje specifi\u010dnosti lokalnog tr\u017ei\u0161ta.","og_url":"https:\/\/leroy.rs\/sr\/leroy-procena-vrednosti\/","og_site_name":"LeRoy","article_modified_time":"2016-05-27T23:14:22+00:00","og_image":[{"width":1059,"height":399,"url":"https:\/\/leroy.rs\/wp-content\/uploads\/2025\/06\/sajt.jpg","type":"image\/jpeg"}],"twitter_card":"summary_large_image","twitter_title":"Procena vrednosti | LeRoy Nekretnine, Procene vrednosti nepokretnosti, Trzisna vrednost nepokretnosti, Analiza trzista nepokretnosti, Beograd, Srbija","twitter_description":"LeRoy je kompanija koja posluje u sektoru nekretnina pru\u017eaju\u0107i profesionalne konsultantske usluge i usluge posredovanja. Na\u0161 prevashodni cilj je obezbe\u0111ivanje objedinjene usluge, uz po\u0161tovanje poslovne politike individualnog pristupa svakom klijentu i uz puno razumevanje specifi\u010dnosti lokalnog tr\u017ei\u0161ta.","twitter_misc":{"\u041f\u0440\u043e\u0446\u0435\u045a\u0435\u043d\u043e \u0432\u0440\u0435\u043c\u0435 \u0447\u0438\u0442\u0430\u045a\u0430":"1 \u043c\u0438\u043d\u0443\u0442"},"schema":{"@context":"https:\/\/schema.org","@graph":[{"@type":"WebPage","@id":"https:\/\/leroy.rs\/sr\/leroy-procena-vrednosti\/","url":"https:\/\/leroy.rs\/sr\/leroy-procena-vrednosti\/","name":"Procena vrednosti | LeRoy Nekretnine, Procene vrednosti nepokretnosti, Trzisna vrednost nepokretnosti, Analiza trzista nepokretnosti, Beograd, Srbija","isPartOf":{"@id":"http:\/\/leroy.rs\/#website"},"primaryImageOfPage":{"@id":"https:\/\/leroy.rs\/sr\/leroy-procena-vrednosti\/#primaryimage"},"image":{"@id":"https:\/\/leroy.rs\/sr\/leroy-procena-vrednosti\/#primaryimage"},"thumbnailUrl":"http:\/\/leroy.rs\/wp-content\/uploads\/2025\/06\/sajt.jpg","datePublished":"2016-05-21T09:28:46+00:00","dateModified":"2016-05-27T23:14:22+00:00","description":"LeRoy je kompanija koja posluje u sektoru nekretnina pru\u017eaju\u0107i profesionalne konsultantske usluge i usluge posredovanja. Na\u0161 prevashodni cilj je obezbe\u0111ivanje objedinjene usluge, uz po\u0161tovanje poslovne politike individualnog pristupa svakom klijentu i uz puno razumevanje specifi\u010dnosti lokalnog tr\u017ei\u0161ta.","breadcrumb":{"@id":"https:\/\/leroy.rs\/sr\/leroy-procena-vrednosti\/#breadcrumb"},"inLanguage":"sr-RS","potentialAction":[{"@type":"ReadAction","target":["https:\/\/leroy.rs\/sr\/leroy-procena-vrednosti\/"]}]},{"@type":"ImageObject","inLanguage":"sr-RS","@id":"https:\/\/leroy.rs\/sr\/leroy-procena-vrednosti\/#primaryimage","url":"http:\/\/leroy.rs\/wp-content\/uploads\/2025\/06\/sajt.jpg","contentUrl":"http:\/\/leroy.rs\/wp-content\/uploads\/2025\/06\/sajt.jpg","width":1059,"height":399},{"@type":"BreadcrumbList","@id":"https:\/\/leroy.rs\/sr\/leroy-procena-vrednosti\/#breadcrumb","itemListElement":[{"@type":"ListItem","position":1,"name":"Home","item":"http:\/\/leroy.rs\/sr\/"},{"@type":"ListItem","position":2,"name":"Procena vrednosti"}]},{"@type":"WebSite","@id":"http:\/\/leroy.rs\/#website","url":"http:\/\/leroy.rs\/","name":"LeRoy","description":"Real Estate company","publisher":{"@id":"http:\/\/leroy.rs\/#organization"},"potentialAction":[{"@type":"SearchAction","target":{"@type":"EntryPoint","urlTemplate":"http:\/\/leroy.rs\/?s={search_term_string}"},"query-input":{"@type":"PropertyValueSpecification","valueRequired":true,"valueName":"search_term_string"}}],"inLanguage":"sr-RS"},{"@type":"Organization","@id":"http:\/\/leroy.rs\/#organization","name":"LeRoy, Real Estate company","url":"http:\/\/leroy.rs\/","logo":{"@type":"ImageObject","inLanguage":"sr-RS","@id":"http:\/\/leroy.rs\/#\/schema\/logo\/image\/","url":"https:\/\/leroy.rs\/wp-content\/uploads\/2016\/05\/LEROY_logo.jpg","contentUrl":"https:\/\/leroy.rs\/wp-content\/uploads\/2016\/05\/LEROY_logo.jpg","width":480,"height":334,"caption":"LeRoy, Real Estate company"},"image":{"@id":"http:\/\/leroy.rs\/#\/schema\/logo\/image\/"}}]}},"_links":{"self":[{"href":"http:\/\/leroy.rs\/sr\/wp-json\/wp\/v2\/pages\/333","targetHints":{"allow":["GET"]}}],"collection":[{"href":"http:\/\/leroy.rs\/sr\/wp-json\/wp\/v2\/pages"}],"about":[{"href":"http:\/\/leroy.rs\/sr\/wp-json\/wp\/v2\/types\/page"}],"author":[{"embeddable":true,"href":"http:\/\/leroy.rs\/sr\/wp-json\/wp\/v2\/users\/1"}],"replies":[{"embeddable":true,"href":"http:\/\/leroy.rs\/sr\/wp-json\/wp\/v2\/comments?post=333"}],"version-history":[{"count":2,"href":"http:\/\/leroy.rs\/sr\/wp-json\/wp\/v2\/pages\/333\/revisions"}],"predecessor-version":[{"id":538,"href":"http:\/\/leroy.rs\/sr\/wp-json\/wp\/v2\/pages\/333\/revisions\/538"}],"wp:featuredmedia":[{"embeddable":true,"href":"http:\/\/leroy.rs\/sr\/wp-json\/wp\/v2\/media\/996"}],"wp:attachment":[{"href":"http:\/\/leroy.rs\/sr\/wp-json\/wp\/v2\/media?parent=333"}],"curies":[{"name":"wp","href":"https:\/\/api.w.org\/{rel}","templated":true}]}}