{"id":331,"date":"2016-05-21T09:25:44","date_gmt":"2016-05-21T09:25:44","guid":{"rendered":"http:\/\/leroy.loc\/sr\/?page_id=331"},"modified":"2017-12-12T14:52:13","modified_gmt":"2017-12-12T14:52:13","slug":"leroy-konsultantske-usluge","status":"publish","type":"page","link":"http:\/\/leroy.rs\/sr\/leroy-konsultantske-usluge\/","title":{"rendered":"Konsultantske usluge"},"content":{"rendered":"<p style=\"text-align: justify;\">LeRoy po\u0161tuje najvi\u0161e standarde u pru\u017eanju konsultantskih usluga primenjuju\u0107i svoje bogato iskustvo i poznavanje lokalnog tr\u017ei\u0161ta, \u0161to ima za cilj pru\u017eanje profesionalne pomo\u0107i i uspe\u0161no vo\u0111enje klijenata kroz njihove investicione odluke. Koriste\u0107i alate poslovne inteligencije, poznavanje statisti\u010dkih metoda i primenjene matematike,  mo\u017eemo pru\u017eiti dodatnu vrednost na\u0161im klijentima kroz identifikaciju novih poslovnih i tr\u017ei\u0161nih mogu\u0107nosti, re\u0161enja za optimizaciju performansi postoje\u0107ih nepokretnosti, kao i pravih i pravovremenih informacija nophodnih u procesu kupoprodajnih transakcija.<\/p>\n<p>Vrhunski konsultantski tim sposoban je za kreiranje kompleksnih usluga kroz poznavanje lokalnih procedura i planiranja, oblika finansiranja, kao i tr\u017ei\u0161ta koje se kontinuirano menja. Na\u0161 glavni zadatak je da ustanovimo, odr\u017eavamo i razvijamo vrednost Va\u0161e nepokretnosti. Konzistentnost, objektivnost i transparentnost su osnova na\u0161eg rada. Usluge savetovanja koje nudimo, obuhvataju:<\/p>\n<p style=\"text-align: justify;\"><strong>Biznis plan\/Strategija razvoja<\/strong> &#8211; operativno iskustvo u razli\u010ditim sektorima omogu\u0107ava nam da pomognemo klijentima u definisanju njihovih poslovnih strategija, kao i u ostvarivanju \u017eeljenih ciljeva.<\/p>\n<p style=\"text-align: justify;\"><strong>Tr\u017ei\u0161na izvodljivost<\/strong> &#8211; poma\u017eemo na\u0161im klijentima da na najbolji na\u010din defini\u0161u specifi\u010dne lokacijske i investicione potrebe u cilju odre\u0111ivanja optimalne alternative za planirani projekat. Pored analize tr\u017ei\u0161ne izvodljivosti, vr\u0161imo finansijske projekcije i procenu budu\u0107eg projekta<\/p>\n<p style=\"text-align: justify;\"><strong>Analiza najbolje namene<\/strong> &#8211; nudimo ekspertsku procenu namene nepokretnosti u cilju maksimalnog iskori\u0161\u0107enja njenih potencijala i \u0161to boljeg tr\u017ei\u0161nog pozicioniranja, a uz strogo po\u0161tovanje va\u017ee\u0107e pravne regulative i fizi\u010dki izvodljivih re\u0161enja.<\/p>\n<p style=\"text-align: justify;\"><strong>Istra\u017eivanje &#038; analiza tr\u017ei\u0161ta<\/strong> &#8211; LeRoy poseduje tim \u010diji je profesionalni fokus isklju\u010divo na kontinuiranom pra\u0107enju i analizi tr\u017ei\u0161ta. Ovaj pristup nam osigurava kontinuitet i koherentnost tr\u017ei\u0161nih podataka i omogu\u0107ava nam da pru\u017eimo pravovremenu analizu kretanja tr\u017ei\u0161ta nekretnina, kao i analizu specifi\u010dnih projekata i strate\u0161ko investiciono savetovanje. Na\u0161e analize poma\u017eu investitorima da defini\u0161u mogu\u0107nosti i pretnje odre\u0111enog segmenta tr\u017ei\u0161ta nekretnina i pru\u017eaju klju\u010dnu pomo\u0107 u prognozi trendova.<\/p>\n<p style=\"text-align: justify;\"><strong>Pobolj\u0161anje performansi &#038; optimizacija<\/strong> &#8211; u cilju ostvarivanje zacrtanih poslovnih strategija, pove\u0107anja profita i smanjenja rizika, poma\u017eemo na\u0161im klijentima da prepoznaju na\u010dine unapre\u0111ivanja sopstvenih projekata putem saveta o optimalnom pozicioniranju, odre\u0111ivanju cena u pojedina\u010dnim fazama realizacije i sl.<\/p>\n","protected":false},"excerpt":{"rendered":"<p>LeRoy po\u0161tuje najvi\u0161e standarde u pru\u017eanju konsultantskih usluga primenjuju\u0107i svoje bogato iskustvo i poznavanje lokalnog tr\u017ei\u0161ta, \u0161to ima za cilj pru\u017eanje profesionalne pomo\u0107i i uspe\u0161no vo\u0111enje klijenata kroz njihove investicione odluke. Koriste\u0107i alate poslovne inteligencije, poznavanje statisti\u010dkih metoda i primenjene matematike, mo\u017eemo pru\u017eiti dodatnu vrednost na\u0161im klijentima kroz identifikaciju novih poslovnih i tr\u017ei\u0161nih mogu\u0107nosti, re\u0161enja [&hellip;]<\/p>\n","protected":false},"author":1,"featured_media":960,"parent":0,"menu_order":0,"comment_status":"closed","ping_status":"closed","template":"services.php","meta":{"footnotes":""},"class_list":["post-331","page","type-page","status-publish","has-post-thumbnail","hentry"],"yoast_head":"<!-- This site is optimized with the Yoast SEO plugin v25.2 - https:\/\/yoast.com\/wordpress\/plugins\/seo\/ -->\n<title>Konsutantske usluge | LeRoy Nekretnine, Vrednost nepokretnosti, Definisanje vrednosti nekretnine, Procene vrednosti nepokretnosti, Procena namene nepokretnosti, Beograd, Srbija<\/title>\n<meta name=\"description\" content=\"LeRoy je kompanija koja posluje u sektoru nekretnina pru\u017eaju\u0107i profesionalne konsultantske usluge i usluge posredovanja. Na\u0161 prevashodni cilj je obezbe\u0111ivanje objedinjene usluge, uz po\u0161tovanje poslovne politike individualnog pristupa svakom klijentu i uz puno razumevanje specifi\u010dnosti lokalnog tr\u017ei\u0161ta.\" \/>\n<meta name=\"robots\" content=\"index, follow, max-snippet:-1, max-image-preview:large, max-video-preview:-1\" \/>\n<link rel=\"canonical\" href=\"https:\/\/leroy.rs\/sr\/leroy-konsultantske-usluge\/\" \/>\n<meta property=\"og:locale\" content=\"sr_RS\" \/>\n<meta property=\"og:type\" content=\"article\" \/>\n<meta property=\"og:title\" content=\"Konsutantske usluge | LeRoy Nekretnine, Vrednost nepokretnosti, Definisanje vrednosti nekretnine, Procene vrednosti nepokretnosti, Procena namene nepokretnosti, Beograd, Srbija\" \/>\n<meta property=\"og:description\" content=\"LeRoy je kompanija koja posluje u sektoru nekretnina pru\u017eaju\u0107i profesionalne konsultantske usluge i usluge posredovanja. Na\u0161 prevashodni cilj je obezbe\u0111ivanje objedinjene usluge, uz po\u0161tovanje poslovne politike individualnog pristupa svakom klijentu i uz puno razumevanje specifi\u010dnosti lokalnog tr\u017ei\u0161ta.\" \/>\n<meta property=\"og:url\" content=\"https:\/\/leroy.rs\/sr\/leroy-konsultantske-usluge\/\" \/>\n<meta property=\"og:site_name\" content=\"LeRoy\" \/>\n<meta property=\"article:modified_time\" content=\"2017-12-12T14:52:13+00:00\" \/>\n<meta property=\"og:image\" content=\"https:\/\/leroy.rs\/wp-content\/uploads\/2016\/05\/real_estate_consulting.jpg\" \/>\n\t<meta property=\"og:image:width\" content=\"1061\" \/>\n\t<meta property=\"og:image:height\" content=\"347\" \/>\n\t<meta property=\"og:image:type\" content=\"image\/jpeg\" \/>\n<meta name=\"twitter:card\" content=\"summary_large_image\" \/>\n<meta name=\"twitter:title\" content=\"Konsutantske usluge | LeRoy Nekretnine, Vrednost nepokretnosti, Definisanje vrednosti nekretnine, Procene vrednosti nepokretnosti, Procena namene nepokretnosti, Beograd, Srbija\" \/>\n<meta name=\"twitter:description\" content=\"LeRoy je kompanija koja posluje u sektoru nekretnina pru\u017eaju\u0107i profesionalne konsultantske usluge i usluge posredovanja. Na\u0161 prevashodni cilj je obezbe\u0111ivanje objedinjene usluge, uz po\u0161tovanje poslovne politike individualnog pristupa svakom klijentu i uz puno razumevanje specifi\u010dnosti lokalnog tr\u017ei\u0161ta.\" \/>\n<meta name=\"twitter:label1\" content=\"\u041f\u0440\u043e\u0446\u0435\u045a\u0435\u043d\u043e \u0432\u0440\u0435\u043c\u0435 \u0447\u0438\u0442\u0430\u045a\u0430\" \/>\n\t<meta name=\"twitter:data1\" content=\"2 \u043c\u0438\u043d\u0443\u0442\u0430\" \/>\n<script type=\"application\/ld+json\" class=\"yoast-schema-graph\">{\"@context\":\"https:\/\/schema.org\",\"@graph\":[{\"@type\":\"WebPage\",\"@id\":\"https:\/\/leroy.rs\/sr\/leroy-konsultantske-usluge\/\",\"url\":\"https:\/\/leroy.rs\/sr\/leroy-konsultantske-usluge\/\",\"name\":\"Konsutantske usluge | LeRoy Nekretnine, Vrednost nepokretnosti, Definisanje vrednosti nekretnine, Procene vrednosti nepokretnosti, Procena namene nepokretnosti, Beograd, Srbija\",\"isPartOf\":{\"@id\":\"http:\/\/leroy.rs\/#website\"},\"primaryImageOfPage\":{\"@id\":\"https:\/\/leroy.rs\/sr\/leroy-konsultantske-usluge\/#primaryimage\"},\"image\":{\"@id\":\"https:\/\/leroy.rs\/sr\/leroy-konsultantske-usluge\/#primaryimage\"},\"thumbnailUrl\":\"http:\/\/leroy.rs\/wp-content\/uploads\/2016\/05\/real_estate_consulting.jpg\",\"datePublished\":\"2016-05-21T09:25:44+00:00\",\"dateModified\":\"2017-12-12T14:52:13+00:00\",\"description\":\"LeRoy je kompanija koja posluje u sektoru nekretnina pru\u017eaju\u0107i profesionalne konsultantske usluge i usluge posredovanja. Na\u0161 prevashodni cilj je obezbe\u0111ivanje objedinjene usluge, uz po\u0161tovanje poslovne politike individualnog pristupa svakom klijentu i uz puno razumevanje specifi\u010dnosti lokalnog tr\u017ei\u0161ta.\",\"breadcrumb\":{\"@id\":\"https:\/\/leroy.rs\/sr\/leroy-konsultantske-usluge\/#breadcrumb\"},\"inLanguage\":\"sr-RS\",\"potentialAction\":[{\"@type\":\"ReadAction\",\"target\":[\"https:\/\/leroy.rs\/sr\/leroy-konsultantske-usluge\/\"]}]},{\"@type\":\"ImageObject\",\"inLanguage\":\"sr-RS\",\"@id\":\"https:\/\/leroy.rs\/sr\/leroy-konsultantske-usluge\/#primaryimage\",\"url\":\"http:\/\/leroy.rs\/wp-content\/uploads\/2016\/05\/real_estate_consulting.jpg\",\"contentUrl\":\"http:\/\/leroy.rs\/wp-content\/uploads\/2016\/05\/real_estate_consulting.jpg\",\"width\":1061,\"height\":347,\"caption\":\"Leroy konsultantske uskluge\"},{\"@type\":\"BreadcrumbList\",\"@id\":\"https:\/\/leroy.rs\/sr\/leroy-konsultantske-usluge\/#breadcrumb\",\"itemListElement\":[{\"@type\":\"ListItem\",\"position\":1,\"name\":\"Home\",\"item\":\"http:\/\/leroy.rs\/sr\/\"},{\"@type\":\"ListItem\",\"position\":2,\"name\":\"Konsultantske usluge\"}]},{\"@type\":\"WebSite\",\"@id\":\"http:\/\/leroy.rs\/#website\",\"url\":\"http:\/\/leroy.rs\/\",\"name\":\"LeRoy\",\"description\":\"Real Estate company\",\"publisher\":{\"@id\":\"http:\/\/leroy.rs\/#organization\"},\"potentialAction\":[{\"@type\":\"SearchAction\",\"target\":{\"@type\":\"EntryPoint\",\"urlTemplate\":\"http:\/\/leroy.rs\/?s={search_term_string}\"},\"query-input\":{\"@type\":\"PropertyValueSpecification\",\"valueRequired\":true,\"valueName\":\"search_term_string\"}}],\"inLanguage\":\"sr-RS\"},{\"@type\":\"Organization\",\"@id\":\"http:\/\/leroy.rs\/#organization\",\"name\":\"LeRoy, Real Estate company\",\"url\":\"http:\/\/leroy.rs\/\",\"logo\":{\"@type\":\"ImageObject\",\"inLanguage\":\"sr-RS\",\"@id\":\"http:\/\/leroy.rs\/#\/schema\/logo\/image\/\",\"url\":\"https:\/\/leroy.rs\/wp-content\/uploads\/2016\/05\/LEROY_logo.jpg\",\"contentUrl\":\"https:\/\/leroy.rs\/wp-content\/uploads\/2016\/05\/LEROY_logo.jpg\",\"width\":480,\"height\":334,\"caption\":\"LeRoy, Real Estate company\"},\"image\":{\"@id\":\"http:\/\/leroy.rs\/#\/schema\/logo\/image\/\"}}]}<\/script>\n<!-- \/ Yoast SEO plugin. -->","yoast_head_json":{"title":"Konsutantske usluge | LeRoy Nekretnine, Vrednost nepokretnosti, Definisanje vrednosti nekretnine, Procene vrednosti nepokretnosti, Procena namene nepokretnosti, Beograd, Srbija","description":"LeRoy je kompanija koja posluje u sektoru nekretnina pru\u017eaju\u0107i profesionalne konsultantske usluge i usluge posredovanja. Na\u0161 prevashodni cilj je obezbe\u0111ivanje objedinjene usluge, uz po\u0161tovanje poslovne politike individualnog pristupa svakom klijentu i uz puno razumevanje specifi\u010dnosti lokalnog tr\u017ei\u0161ta.","robots":{"index":"index","follow":"follow","max-snippet":"max-snippet:-1","max-image-preview":"max-image-preview:large","max-video-preview":"max-video-preview:-1"},"canonical":"https:\/\/leroy.rs\/sr\/leroy-konsultantske-usluge\/","og_locale":"sr_RS","og_type":"article","og_title":"Konsutantske usluge | LeRoy Nekretnine, Vrednost nepokretnosti, Definisanje vrednosti nekretnine, Procene vrednosti nepokretnosti, Procena namene nepokretnosti, Beograd, Srbija","og_description":"LeRoy je kompanija koja posluje u sektoru nekretnina pru\u017eaju\u0107i profesionalne konsultantske usluge i usluge posredovanja. Na\u0161 prevashodni cilj je obezbe\u0111ivanje objedinjene usluge, uz po\u0161tovanje poslovne politike individualnog pristupa svakom klijentu i uz puno razumevanje specifi\u010dnosti lokalnog tr\u017ei\u0161ta.","og_url":"https:\/\/leroy.rs\/sr\/leroy-konsultantske-usluge\/","og_site_name":"LeRoy","article_modified_time":"2017-12-12T14:52:13+00:00","og_image":[{"width":1061,"height":347,"url":"https:\/\/leroy.rs\/wp-content\/uploads\/2016\/05\/real_estate_consulting.jpg","type":"image\/jpeg"}],"twitter_card":"summary_large_image","twitter_title":"Konsutantske usluge | LeRoy Nekretnine, Vrednost nepokretnosti, Definisanje vrednosti nekretnine, Procene vrednosti nepokretnosti, Procena namene nepokretnosti, Beograd, Srbija","twitter_description":"LeRoy je kompanija koja posluje u sektoru nekretnina pru\u017eaju\u0107i profesionalne konsultantske usluge i usluge posredovanja. Na\u0161 prevashodni cilj je obezbe\u0111ivanje objedinjene usluge, uz po\u0161tovanje poslovne politike individualnog pristupa svakom klijentu i uz puno razumevanje specifi\u010dnosti lokalnog tr\u017ei\u0161ta.","twitter_misc":{"\u041f\u0440\u043e\u0446\u0435\u045a\u0435\u043d\u043e \u0432\u0440\u0435\u043c\u0435 \u0447\u0438\u0442\u0430\u045a\u0430":"2 \u043c\u0438\u043d\u0443\u0442\u0430"},"schema":{"@context":"https:\/\/schema.org","@graph":[{"@type":"WebPage","@id":"https:\/\/leroy.rs\/sr\/leroy-konsultantske-usluge\/","url":"https:\/\/leroy.rs\/sr\/leroy-konsultantske-usluge\/","name":"Konsutantske usluge | LeRoy Nekretnine, Vrednost nepokretnosti, Definisanje vrednosti nekretnine, Procene vrednosti nepokretnosti, Procena namene nepokretnosti, Beograd, Srbija","isPartOf":{"@id":"http:\/\/leroy.rs\/#website"},"primaryImageOfPage":{"@id":"https:\/\/leroy.rs\/sr\/leroy-konsultantske-usluge\/#primaryimage"},"image":{"@id":"https:\/\/leroy.rs\/sr\/leroy-konsultantske-usluge\/#primaryimage"},"thumbnailUrl":"http:\/\/leroy.rs\/wp-content\/uploads\/2016\/05\/real_estate_consulting.jpg","datePublished":"2016-05-21T09:25:44+00:00","dateModified":"2017-12-12T14:52:13+00:00","description":"LeRoy je kompanija koja posluje u sektoru nekretnina pru\u017eaju\u0107i profesionalne konsultantske usluge i usluge posredovanja. Na\u0161 prevashodni cilj je obezbe\u0111ivanje objedinjene usluge, uz po\u0161tovanje poslovne politike individualnog pristupa svakom klijentu i uz puno razumevanje specifi\u010dnosti lokalnog tr\u017ei\u0161ta.","breadcrumb":{"@id":"https:\/\/leroy.rs\/sr\/leroy-konsultantske-usluge\/#breadcrumb"},"inLanguage":"sr-RS","potentialAction":[{"@type":"ReadAction","target":["https:\/\/leroy.rs\/sr\/leroy-konsultantske-usluge\/"]}]},{"@type":"ImageObject","inLanguage":"sr-RS","@id":"https:\/\/leroy.rs\/sr\/leroy-konsultantske-usluge\/#primaryimage","url":"http:\/\/leroy.rs\/wp-content\/uploads\/2016\/05\/real_estate_consulting.jpg","contentUrl":"http:\/\/leroy.rs\/wp-content\/uploads\/2016\/05\/real_estate_consulting.jpg","width":1061,"height":347,"caption":"Leroy konsultantske uskluge"},{"@type":"BreadcrumbList","@id":"https:\/\/leroy.rs\/sr\/leroy-konsultantske-usluge\/#breadcrumb","itemListElement":[{"@type":"ListItem","position":1,"name":"Home","item":"http:\/\/leroy.rs\/sr\/"},{"@type":"ListItem","position":2,"name":"Konsultantske usluge"}]},{"@type":"WebSite","@id":"http:\/\/leroy.rs\/#website","url":"http:\/\/leroy.rs\/","name":"LeRoy","description":"Real Estate company","publisher":{"@id":"http:\/\/leroy.rs\/#organization"},"potentialAction":[{"@type":"SearchAction","target":{"@type":"EntryPoint","urlTemplate":"http:\/\/leroy.rs\/?s={search_term_string}"},"query-input":{"@type":"PropertyValueSpecification","valueRequired":true,"valueName":"search_term_string"}}],"inLanguage":"sr-RS"},{"@type":"Organization","@id":"http:\/\/leroy.rs\/#organization","name":"LeRoy, Real Estate company","url":"http:\/\/leroy.rs\/","logo":{"@type":"ImageObject","inLanguage":"sr-RS","@id":"http:\/\/leroy.rs\/#\/schema\/logo\/image\/","url":"https:\/\/leroy.rs\/wp-content\/uploads\/2016\/05\/LEROY_logo.jpg","contentUrl":"https:\/\/leroy.rs\/wp-content\/uploads\/2016\/05\/LEROY_logo.jpg","width":480,"height":334,"caption":"LeRoy, Real Estate company"},"image":{"@id":"http:\/\/leroy.rs\/#\/schema\/logo\/image\/"}}]}},"_links":{"self":[{"href":"http:\/\/leroy.rs\/sr\/wp-json\/wp\/v2\/pages\/331","targetHints":{"allow":["GET"]}}],"collection":[{"href":"http:\/\/leroy.rs\/sr\/wp-json\/wp\/v2\/pages"}],"about":[{"href":"http:\/\/leroy.rs\/sr\/wp-json\/wp\/v2\/types\/page"}],"author":[{"embeddable":true,"href":"http:\/\/leroy.rs\/sr\/wp-json\/wp\/v2\/users\/1"}],"replies":[{"embeddable":true,"href":"http:\/\/leroy.rs\/sr\/wp-json\/wp\/v2\/comments?post=331"}],"version-history":[{"count":9,"href":"http:\/\/leroy.rs\/sr\/wp-json\/wp\/v2\/pages\/331\/revisions"}],"predecessor-version":[{"id":765,"href":"http:\/\/leroy.rs\/sr\/wp-json\/wp\/v2\/pages\/331\/revisions\/765"}],"wp:featuredmedia":[{"embeddable":true,"href":"http:\/\/leroy.rs\/sr\/wp-json\/wp\/v2\/media\/960"}],"wp:attachment":[{"href":"http:\/\/leroy.rs\/sr\/wp-json\/wp\/v2\/media?parent=331"}],"curies":[{"name":"wp","href":"https:\/\/api.w.org\/{rel}","templated":true}]}}