{"id":326,"date":"2016-05-21T00:56:48","date_gmt":"2016-05-21T00:56:48","guid":{"rendered":"http:\/\/leroy.loc\/sr\/?page_id=326"},"modified":"2025-06-04T18:54:48","modified_gmt":"2025-06-04T18:54:48","slug":"leroy-usluge","status":"publish","type":"page","link":"http:\/\/leroy.rs\/sr\/leroy-usluge\/","title":{"rendered":"Usluge"},"content":{"rendered":"<table>\n<tbody>\n<tr>\n<td style=\"text-align: justify;\" valign=\"top\">LeRoy pru\u017ea privatnim kompanijama i javnom sektoru razli\u010dite usluge u oblasti sektora nekretnina. Profesionalno kreirana linija usluga ima za cilj da pomogne na\u0161im klijentima u maksimalnom iskori\u0161\u0107avanju potencijala svojih nepokretnosti. U skladu s tim, pru\u017eamo:<\/p>\n<div class=\"services-list\">\n<h2><a href=\"http:\/\/leroy.rs\/real-estate-consulting\/\">Konsultantske usluge<\/a><\/h2>\n<h2><a href=\"http:\/\/leroy.rs\/sr\/leroy-procena-vrednosti\/\">Procena vrednosti<\/a><\/h2>\n<h2><a href=\"http:\/\/leroy.rs\/sr\/leroy-istrazivanje-trzista\/\">Istra\u017eivanje i analiza tr\u017ei\u0161ta<\/a><\/h2>\n<h2><a href=\"http:\/\/leroy.rs\/sr\/leroy-investiciona-prodaja-kupovina\/\">Investiciona prodaja &amp; kupovina<\/a><\/h2>\n<\/div>\n<\/td>\n<td width=\"30\"><\/td>\n<td><\/td>\n<\/tr>\n<\/tbody>\n<\/table>\n","protected":false},"excerpt":{"rendered":"<p>LeRoy pru\u017ea privatnim kompanijama i javnom sektoru razli\u010dite usluge u oblasti sektora nekretnina. Profesionalno kreirana linija usluga ima za cilj da pomogne na\u0161im klijentima u maksimalnom iskori\u0161\u0107avanju potencijala svojih nepokretnosti. U skladu s tim, pru\u017eamo: Konsultantske usluge Procena vrednosti Istra\u017eivanje i analiza tr\u017ei\u0161ta Investiciona prodaja &amp; kupovina<\/p>\n","protected":false},"author":1,"featured_media":1096,"parent":0,"menu_order":0,"comment_status":"closed","ping_status":"closed","template":"","meta":{"footnotes":""},"class_list":["post-326","page","type-page","status-publish","has-post-thumbnail","hentry"],"yoast_head":"<!-- This site is optimized with the Yoast SEO plugin v25.2 - https:\/\/yoast.com\/wordpress\/plugins\/seo\/ -->\n<title>Konsalting usluge | LeRoy Nekretnine, Najbolji procenitelj nekretnina Beograd Srbija, Studije izvodljivosti nekretnine Beograd Srbija, Konsultantske usluge, Procene vrednosti nepokretnosti, Istra\u017eivanje tr\u017ei\u0161ta, Pregled tr\u017ei\u0161ta nekretnina, Beograd, Srbija<\/title>\n<meta name=\"description\" content=\"Najbolji procenitelj nekretnina Beograd Srbija, Studije izvodljivosti nekretnine Beograd Srbija. LeRoy je kompanija koja posluje u sektoru nekretnina pru\u017eaju\u0107i profesionalne konsultantske usluge i usluge posredovanja. Na\u0161 prevashodni cilj je obezbe\u0111ivanje objedinjene usluge, uz po\u0161tovanje poslovne politike individualnog pristupa svakom klijentu i uz puno razumevanje specifi\u010dnosti lokalnog tr\u017ei\u0161ta.\" \/>\n<meta name=\"robots\" content=\"index, follow, max-snippet:-1, max-image-preview:large, max-video-preview:-1\" \/>\n<link rel=\"canonical\" href=\"https:\/\/leroy.rs\/sr\/leroy-usluge\/\" \/>\n<meta property=\"og:locale\" content=\"sr_RS\" \/>\n<meta property=\"og:type\" content=\"article\" \/>\n<meta property=\"og:title\" content=\"Konsalting usluge | LeRoy Nekretnine, Najbolji procenitelj nekretnina Beograd Srbija, Studije izvodljivosti nekretnine Beograd Srbija, Konsultantske usluge, Procene vrednosti nepokretnosti, Istra\u017eivanje tr\u017ei\u0161ta, Pregled tr\u017ei\u0161ta nekretnina, Beograd, Srbija\" \/>\n<meta property=\"og:description\" content=\"Najbolji procenitelj nekretnina Beograd Srbija, Studije izvodljivosti nekretnine Beograd Srbija. LeRoy je kompanija koja posluje u sektoru nekretnina pru\u017eaju\u0107i profesionalne konsultantske usluge i usluge posredovanja. Na\u0161 prevashodni cilj je obezbe\u0111ivanje objedinjene usluge, uz po\u0161tovanje poslovne politike individualnog pristupa svakom klijentu i uz puno razumevanje specifi\u010dnosti lokalnog tr\u017ei\u0161ta.\" \/>\n<meta property=\"og:url\" content=\"https:\/\/leroy.rs\/sr\/leroy-usluge\/\" \/>\n<meta property=\"og:site_name\" content=\"LeRoy\" \/>\n<meta property=\"article:modified_time\" content=\"2025-06-04T18:54:48+00:00\" \/>\n<meta property=\"og:image\" content=\"https:\/\/leroy.rs\/wp-content\/uploads\/2025\/06\/Services-1.jpg\" \/>\n\t<meta property=\"og:image:width\" content=\"1059\" \/>\n\t<meta property=\"og:image:height\" content=\"371\" \/>\n\t<meta property=\"og:image:type\" content=\"image\/jpeg\" \/>\n<meta name=\"twitter:card\" content=\"summary_large_image\" \/>\n<meta name=\"twitter:title\" content=\"Konsalting usluge | LeRoy Nekretnine, Najbolji procenitelj nekretnina Beograd Srbija, Studije izvodljivosti nekretnine Beograd Srbija, Konsultantske usluge, Procene vrednosti nepokretnosti, Istra\u017eivanje tr\u017ei\u0161ta, Pregled tr\u017ei\u0161ta nekretnina, Beograd, Srbija\" \/>\n<meta name=\"twitter:description\" content=\"Najbolji procenitelj nekretnina Beograd Srbija, Studije izvodljivosti nekretnine Beograd Srbija. LeRoy je kompanija koja posluje u sektoru nekretnina pru\u017eaju\u0107i profesionalne konsultantske usluge i usluge posredovanja. Na\u0161 prevashodni cilj je obezbe\u0111ivanje objedinjene usluge, uz po\u0161tovanje poslovne politike individualnog pristupa svakom klijentu i uz puno razumevanje specifi\u010dnosti lokalnog tr\u017ei\u0161ta.\" \/>\n<meta name=\"twitter:label1\" content=\"\u041f\u0440\u043e\u0446\u0435\u045a\u0435\u043d\u043e \u0432\u0440\u0435\u043c\u0435 \u0447\u0438\u0442\u0430\u045a\u0430\" \/>\n\t<meta name=\"twitter:data1\" content=\"1 \u043c\u0438\u043d\u0443\u0442\" \/>\n<script type=\"application\/ld+json\" class=\"yoast-schema-graph\">{\"@context\":\"https:\/\/schema.org\",\"@graph\":[{\"@type\":\"WebPage\",\"@id\":\"https:\/\/leroy.rs\/sr\/leroy-usluge\/\",\"url\":\"https:\/\/leroy.rs\/sr\/leroy-usluge\/\",\"name\":\"Konsalting usluge | LeRoy Nekretnine, Najbolji procenitelj nekretnina Beograd Srbija, Studije izvodljivosti nekretnine Beograd Srbija, Konsultantske usluge, Procene vrednosti nepokretnosti, Istra\u017eivanje tr\u017ei\u0161ta, Pregled tr\u017ei\u0161ta nekretnina, Beograd, Srbija\",\"isPartOf\":{\"@id\":\"http:\/\/leroy.rs\/#website\"},\"primaryImageOfPage\":{\"@id\":\"https:\/\/leroy.rs\/sr\/leroy-usluge\/#primaryimage\"},\"image\":{\"@id\":\"https:\/\/leroy.rs\/sr\/leroy-usluge\/#primaryimage\"},\"thumbnailUrl\":\"http:\/\/leroy.rs\/wp-content\/uploads\/2025\/06\/Services-1.jpg\",\"datePublished\":\"2016-05-21T00:56:48+00:00\",\"dateModified\":\"2025-06-04T18:54:48+00:00\",\"description\":\"Najbolji procenitelj nekretnina Beograd Srbija, Studije izvodljivosti nekretnine Beograd Srbija. LeRoy je kompanija koja posluje u sektoru nekretnina pru\u017eaju\u0107i profesionalne konsultantske usluge i usluge posredovanja. Na\u0161 prevashodni cilj je obezbe\u0111ivanje objedinjene usluge, uz po\u0161tovanje poslovne politike individualnog pristupa svakom klijentu i uz puno razumevanje specifi\u010dnosti lokalnog tr\u017ei\u0161ta.\",\"breadcrumb\":{\"@id\":\"https:\/\/leroy.rs\/sr\/leroy-usluge\/#breadcrumb\"},\"inLanguage\":\"sr-RS\",\"potentialAction\":[{\"@type\":\"ReadAction\",\"target\":[\"https:\/\/leroy.rs\/sr\/leroy-usluge\/\"]}]},{\"@type\":\"ImageObject\",\"inLanguage\":\"sr-RS\",\"@id\":\"https:\/\/leroy.rs\/sr\/leroy-usluge\/#primaryimage\",\"url\":\"http:\/\/leroy.rs\/wp-content\/uploads\/2025\/06\/Services-1.jpg\",\"contentUrl\":\"http:\/\/leroy.rs\/wp-content\/uploads\/2025\/06\/Services-1.jpg\",\"width\":1059,\"height\":371,\"caption\":\"Investment sales, Hospitality, Advisory, Real Estate\"},{\"@type\":\"BreadcrumbList\",\"@id\":\"https:\/\/leroy.rs\/sr\/leroy-usluge\/#breadcrumb\",\"itemListElement\":[{\"@type\":\"ListItem\",\"position\":1,\"name\":\"Home\",\"item\":\"http:\/\/leroy.rs\/sr\/\"},{\"@type\":\"ListItem\",\"position\":2,\"name\":\"Usluge\"}]},{\"@type\":\"WebSite\",\"@id\":\"http:\/\/leroy.rs\/#website\",\"url\":\"http:\/\/leroy.rs\/\",\"name\":\"LeRoy\",\"description\":\"Real Estate company\",\"publisher\":{\"@id\":\"http:\/\/leroy.rs\/#organization\"},\"potentialAction\":[{\"@type\":\"SearchAction\",\"target\":{\"@type\":\"EntryPoint\",\"urlTemplate\":\"http:\/\/leroy.rs\/?s={search_term_string}\"},\"query-input\":{\"@type\":\"PropertyValueSpecification\",\"valueRequired\":true,\"valueName\":\"search_term_string\"}}],\"inLanguage\":\"sr-RS\"},{\"@type\":\"Organization\",\"@id\":\"http:\/\/leroy.rs\/#organization\",\"name\":\"LeRoy, Real Estate company\",\"url\":\"http:\/\/leroy.rs\/\",\"logo\":{\"@type\":\"ImageObject\",\"inLanguage\":\"sr-RS\",\"@id\":\"http:\/\/leroy.rs\/#\/schema\/logo\/image\/\",\"url\":\"https:\/\/leroy.rs\/wp-content\/uploads\/2016\/05\/LEROY_logo.jpg\",\"contentUrl\":\"https:\/\/leroy.rs\/wp-content\/uploads\/2016\/05\/LEROY_logo.jpg\",\"width\":480,\"height\":334,\"caption\":\"LeRoy, Real Estate company\"},\"image\":{\"@id\":\"http:\/\/leroy.rs\/#\/schema\/logo\/image\/\"}}]}<\/script>\n<!-- \/ Yoast SEO plugin. -->","yoast_head_json":{"title":"Konsalting usluge | LeRoy Nekretnine, Najbolji procenitelj nekretnina Beograd Srbija, Studije izvodljivosti nekretnine Beograd Srbija, Konsultantske usluge, Procene vrednosti nepokretnosti, Istra\u017eivanje tr\u017ei\u0161ta, Pregled tr\u017ei\u0161ta nekretnina, Beograd, Srbija","description":"Najbolji procenitelj nekretnina Beograd Srbija, Studije izvodljivosti nekretnine Beograd Srbija. LeRoy je kompanija koja posluje u sektoru nekretnina pru\u017eaju\u0107i profesionalne konsultantske usluge i usluge posredovanja. Na\u0161 prevashodni cilj je obezbe\u0111ivanje objedinjene usluge, uz po\u0161tovanje poslovne politike individualnog pristupa svakom klijentu i uz puno razumevanje specifi\u010dnosti lokalnog tr\u017ei\u0161ta.","robots":{"index":"index","follow":"follow","max-snippet":"max-snippet:-1","max-image-preview":"max-image-preview:large","max-video-preview":"max-video-preview:-1"},"canonical":"https:\/\/leroy.rs\/sr\/leroy-usluge\/","og_locale":"sr_RS","og_type":"article","og_title":"Konsalting usluge | LeRoy Nekretnine, Najbolji procenitelj nekretnina Beograd Srbija, Studije izvodljivosti nekretnine Beograd Srbija, Konsultantske usluge, Procene vrednosti nepokretnosti, Istra\u017eivanje tr\u017ei\u0161ta, Pregled tr\u017ei\u0161ta nekretnina, Beograd, Srbija","og_description":"Najbolji procenitelj nekretnina Beograd Srbija, Studije izvodljivosti nekretnine Beograd Srbija. LeRoy je kompanija koja posluje u sektoru nekretnina pru\u017eaju\u0107i profesionalne konsultantske usluge i usluge posredovanja. Na\u0161 prevashodni cilj je obezbe\u0111ivanje objedinjene usluge, uz po\u0161tovanje poslovne politike individualnog pristupa svakom klijentu i uz puno razumevanje specifi\u010dnosti lokalnog tr\u017ei\u0161ta.","og_url":"https:\/\/leroy.rs\/sr\/leroy-usluge\/","og_site_name":"LeRoy","article_modified_time":"2025-06-04T18:54:48+00:00","og_image":[{"width":1059,"height":371,"url":"https:\/\/leroy.rs\/wp-content\/uploads\/2025\/06\/Services-1.jpg","type":"image\/jpeg"}],"twitter_card":"summary_large_image","twitter_title":"Konsalting usluge | LeRoy Nekretnine, Najbolji procenitelj nekretnina Beograd Srbija, Studije izvodljivosti nekretnine Beograd Srbija, Konsultantske usluge, Procene vrednosti nepokretnosti, Istra\u017eivanje tr\u017ei\u0161ta, Pregled tr\u017ei\u0161ta nekretnina, Beograd, Srbija","twitter_description":"Najbolji procenitelj nekretnina Beograd Srbija, Studije izvodljivosti nekretnine Beograd Srbija. LeRoy je kompanija koja posluje u sektoru nekretnina pru\u017eaju\u0107i profesionalne konsultantske usluge i usluge posredovanja. Na\u0161 prevashodni cilj je obezbe\u0111ivanje objedinjene usluge, uz po\u0161tovanje poslovne politike individualnog pristupa svakom klijentu i uz puno razumevanje specifi\u010dnosti lokalnog tr\u017ei\u0161ta.","twitter_misc":{"\u041f\u0440\u043e\u0446\u0435\u045a\u0435\u043d\u043e \u0432\u0440\u0435\u043c\u0435 \u0447\u0438\u0442\u0430\u045a\u0430":"1 \u043c\u0438\u043d\u0443\u0442"},"schema":{"@context":"https:\/\/schema.org","@graph":[{"@type":"WebPage","@id":"https:\/\/leroy.rs\/sr\/leroy-usluge\/","url":"https:\/\/leroy.rs\/sr\/leroy-usluge\/","name":"Konsalting usluge | LeRoy Nekretnine, Najbolji procenitelj nekretnina Beograd Srbija, Studije izvodljivosti nekretnine Beograd Srbija, Konsultantske usluge, Procene vrednosti nepokretnosti, Istra\u017eivanje tr\u017ei\u0161ta, Pregled tr\u017ei\u0161ta nekretnina, Beograd, Srbija","isPartOf":{"@id":"http:\/\/leroy.rs\/#website"},"primaryImageOfPage":{"@id":"https:\/\/leroy.rs\/sr\/leroy-usluge\/#primaryimage"},"image":{"@id":"https:\/\/leroy.rs\/sr\/leroy-usluge\/#primaryimage"},"thumbnailUrl":"http:\/\/leroy.rs\/wp-content\/uploads\/2025\/06\/Services-1.jpg","datePublished":"2016-05-21T00:56:48+00:00","dateModified":"2025-06-04T18:54:48+00:00","description":"Najbolji procenitelj nekretnina Beograd Srbija, Studije izvodljivosti nekretnine Beograd Srbija. LeRoy je kompanija koja posluje u sektoru nekretnina pru\u017eaju\u0107i profesionalne konsultantske usluge i usluge posredovanja. Na\u0161 prevashodni cilj je obezbe\u0111ivanje objedinjene usluge, uz po\u0161tovanje poslovne politike individualnog pristupa svakom klijentu i uz puno razumevanje specifi\u010dnosti lokalnog tr\u017ei\u0161ta.","breadcrumb":{"@id":"https:\/\/leroy.rs\/sr\/leroy-usluge\/#breadcrumb"},"inLanguage":"sr-RS","potentialAction":[{"@type":"ReadAction","target":["https:\/\/leroy.rs\/sr\/leroy-usluge\/"]}]},{"@type":"ImageObject","inLanguage":"sr-RS","@id":"https:\/\/leroy.rs\/sr\/leroy-usluge\/#primaryimage","url":"http:\/\/leroy.rs\/wp-content\/uploads\/2025\/06\/Services-1.jpg","contentUrl":"http:\/\/leroy.rs\/wp-content\/uploads\/2025\/06\/Services-1.jpg","width":1059,"height":371,"caption":"Investment sales, Hospitality, Advisory, Real Estate"},{"@type":"BreadcrumbList","@id":"https:\/\/leroy.rs\/sr\/leroy-usluge\/#breadcrumb","itemListElement":[{"@type":"ListItem","position":1,"name":"Home","item":"http:\/\/leroy.rs\/sr\/"},{"@type":"ListItem","position":2,"name":"Usluge"}]},{"@type":"WebSite","@id":"http:\/\/leroy.rs\/#website","url":"http:\/\/leroy.rs\/","name":"LeRoy","description":"Real Estate company","publisher":{"@id":"http:\/\/leroy.rs\/#organization"},"potentialAction":[{"@type":"SearchAction","target":{"@type":"EntryPoint","urlTemplate":"http:\/\/leroy.rs\/?s={search_term_string}"},"query-input":{"@type":"PropertyValueSpecification","valueRequired":true,"valueName":"search_term_string"}}],"inLanguage":"sr-RS"},{"@type":"Organization","@id":"http:\/\/leroy.rs\/#organization","name":"LeRoy, Real Estate company","url":"http:\/\/leroy.rs\/","logo":{"@type":"ImageObject","inLanguage":"sr-RS","@id":"http:\/\/leroy.rs\/#\/schema\/logo\/image\/","url":"https:\/\/leroy.rs\/wp-content\/uploads\/2016\/05\/LEROY_logo.jpg","contentUrl":"https:\/\/leroy.rs\/wp-content\/uploads\/2016\/05\/LEROY_logo.jpg","width":480,"height":334,"caption":"LeRoy, Real Estate company"},"image":{"@id":"http:\/\/leroy.rs\/#\/schema\/logo\/image\/"}}]}},"_links":{"self":[{"href":"http:\/\/leroy.rs\/sr\/wp-json\/wp\/v2\/pages\/326","targetHints":{"allow":["GET"]}}],"collection":[{"href":"http:\/\/leroy.rs\/sr\/wp-json\/wp\/v2\/pages"}],"about":[{"href":"http:\/\/leroy.rs\/sr\/wp-json\/wp\/v2\/types\/page"}],"author":[{"embeddable":true,"href":"http:\/\/leroy.rs\/sr\/wp-json\/wp\/v2\/users\/1"}],"replies":[{"embeddable":true,"href":"http:\/\/leroy.rs\/sr\/wp-json\/wp\/v2\/comments?post=326"}],"version-history":[{"count":13,"href":"http:\/\/leroy.rs\/sr\/wp-json\/wp\/v2\/pages\/326\/revisions"}],"predecessor-version":[{"id":1101,"href":"http:\/\/leroy.rs\/sr\/wp-json\/wp\/v2\/pages\/326\/revisions\/1101"}],"wp:featuredmedia":[{"embeddable":true,"href":"http:\/\/leroy.rs\/sr\/wp-json\/wp\/v2\/media\/1096"}],"wp:attachment":[{"href":"http:\/\/leroy.rs\/sr\/wp-json\/wp\/v2\/media?parent=326"}],"curies":[{"name":"wp","href":"https:\/\/api.w.org\/{rel}","templated":true}]}}