{"id":322,"date":"2016-05-21T00:52:23","date_gmt":"2016-05-21T00:52:23","guid":{"rendered":"http:\/\/leroy.loc\/sr\/?page_id=322"},"modified":"2025-06-04T15:34:28","modified_gmt":"2025-06-04T15:34:28","slug":"pocetna","status":"publish","type":"page","link":"http:\/\/leroy.rs\/sr\/","title":{"rendered":"Po\u010detna"},"content":{"rendered":"<p style=\"text-align: justify;\">LeRoy je kompanija koja posluje u sektoru nekretnina pru\u017eaju\u0107i profesionalne konsultantske usluge i usluge posredovanja. Na\u0161 prevashodni cilj je obezbe\u0111ivanje objedinjene usluge, uz po\u0161tovanje poslovne politike individualnog pristupa svakom klijentu i uz puno razumevanje specifi\u010dnosti lokalnog tr\u017ei\u0161ta. Na\u0161 tim je, zahvaljuju\u0107i zavidnom profesionalnom iskustvu, usresre\u0111en na pru\u017eanje sveobuhvatnih konsultantskih usluga koje temeljimo na aktivnom tr\u017ei\u0161nom pristupu i istra\u017eivanju tr\u017ei\u0161ta.<\/p>\n<p>Na\u0161im klijentima mo\u017eemo pomo\u0107i da precizno procene tr\u017ei\u0161ne trendove, uz mogu\u0107nost\u00a0 uvida u podatke neophodne za kvalitetnu analizu svojih nepokretnosti, a u cilju dono\u0161enja efektivnih odluka koji maksimizuju rezultate ulaganja uz najmanji mogu\u0107i rizik. Uz primenu naprednih analiti\u010dkih metoda mo\u017eemo ispitati i analizirati veliku koli\u010dinu podataka kako bismo otkrili skrivene obrasce, korelacije i ostale informacije koje su od pomo\u0107i pri dono\u0161enju kvalitetnih odluka. Osnovnu liniju usluga koje pru\u017ea kompanija LeRoy, \u010dine:<\/p>\n<table class=\"left80\" border=\"0\" width=\"1000\" cellspacing=\"0\" cellpadding=\"0\">\n<tbody>\n<tr align=\"left\" valign=\"top\">\n<td width=\"350\" height=\"30\">\n<h2><a href=\"http:\/\/leroy.rs\/real-estate-consulting\/\">Usluge savetovanja<\/a><\/h2>\n<\/td>\n<td width=\"360\" height=\"30\">\n<h2><a href=\"http:\/\/leroy.rs\/valuations\/\">Procene vrednosti<\/a><\/h2>\n<\/td>\n<td height=\"30\"><\/td>\n<\/tr>\n<tr align=\"left\" valign=\"top\">\n<td width=\"350\" height=\"30\">\n<h2><a href=\"http:\/\/leroy.rs\/investment-sales-acquisition\/\">Investiciona prodaja &amp; kupovina<\/a><\/h2>\n<\/td>\n<td width=\"350\" height=\"30\">\n<h2><a href=\"http:\/\/leroy.rs\/market-intelligence-data-analytics\/\">Istra\u017eivanje &amp; analiza tr\u017ei\u0161ta<\/a><\/h2>\n<\/td>\n<td height=\"30\"><\/td>\n<\/tr>\n<\/tbody>\n<\/table>\n<p>&nbsp;<\/p>\n<p>Na\u0161a kompanija je regulisana od strane RICS, svetski poznatog i cenjenog profesionalnog tela u domenu profesionalnih i eti\u010dkih standarda u sektoru nepokretnosti. Status RICS regulisane kompanije je priznata oznaka izvrsnosti koja klijentima i korisnicima na\u0161ih usluga pru\u017ea dodatno poverenje i sigurnost. Kompanija posluje u Srbiji i pokriva tr\u017ei\u0161ta Crne Gore, Bosne i Hercegovine, Hrvatske i Makedonije.<\/p>\n<hr \/>\n<table border=\"0\" width=\"100%\" cellspacing=\"0\" cellpadding=\"0\">\n<tbody>\n<tr valign=\"top\">\n<td align=\"center\" width=\"500\" height=\"35\">\n<h2><\/h2>\n<\/td>\n<td align=\"center\" width=\"500\" height=\"35\">\n<h2><a href=\"http:\/\/leroy.rs\/sr\/leroy-kontakt\/\">Kontakt<\/a><\/h2>\n<\/td>\n<td align=\"center\" width=\"500\" height=\"35\"><\/td>\n<\/tr>\n<tr valign=\"top\">\n<td align=\"center\"><\/td>\n<td align=\"center\"><a href=\"mailto:office@leroy.rs\">of<\/a><a style=\"font-family: inherit; font-size: inherit;\" href=\"mailto:office@leroy.rs\">fice@leroy.rs<\/a><\/td>\n<td align=\"center\"><\/td>\n<\/tr>\n<\/tbody>\n<\/table>\n","protected":false},"excerpt":{"rendered":"<p>LeRoy je kompanija koja posluje u sektoru nekretnina pru\u017eaju\u0107i profesionalne konsultantske usluge i usluge posredovanja. Na\u0161 prevashodni cilj je obezbe\u0111ivanje objedinjene usluge, uz po\u0161tovanje poslovne politike individualnog pristupa svakom klijentu i uz puno razumevanje specifi\u010dnosti lokalnog tr\u017ei\u0161ta. Na\u0161 tim je, zahvaljuju\u0107i zavidnom profesionalnom iskustvu, usresre\u0111en na pru\u017eanje sveobuhvatnih konsultantskih usluga koje temeljimo na aktivnom tr\u017ei\u0161nom [&hellip;]<\/p>\n","protected":false},"author":1,"featured_media":513,"parent":0,"menu_order":0,"comment_status":"closed","ping_status":"closed","template":"homepage.php","meta":{"footnotes":""},"class_list":["post-322","page","type-page","status-publish","has-post-thumbnail","hentry"],"yoast_head":"<!-- This site is optimized with the Yoast SEO plugin v25.2 - https:\/\/yoast.com\/wordpress\/plugins\/seo\/ -->\n<title>LeRoy, Nekretnine | Procene nekretnina Beograd Srbija, Analiza tr\u017ei\u0161ta nekretnina Beograd Srbija, Konsultantske usluge, Procene vrednosti nepokretnosti, Istra\u017eivanje tr\u017ei\u0161ta, Pregled tr\u017ei\u0161ta nekretnina<\/title>\n<meta name=\"description\" content=\"Procene nekretnina Beograd Srbija, Analiza tr\u017ei\u0161ta nekretnina Beograd Srbija. LeRoy je kompanija koja posluje u sektoru nekretnina pru\u017eaju\u0107i profesionalne konsultantske usluge i usluge posredovanja. Na\u0161 prevashodni cilj je obezbe\u0111ivanje objedinjene usluge, uz po\u0161tovanje poslovne politike individualnog pristupa svakom klijentu i uz puno razumevanje specifi\u010dnosti lokalnog tr\u017ei\u0161ta.\" \/>\n<meta name=\"robots\" content=\"index, follow, max-snippet:-1, max-image-preview:large, max-video-preview:-1\" \/>\n<link rel=\"canonical\" href=\"http:\/\/leroy.rs\/sr\/\" \/>\n<meta property=\"og:locale\" content=\"sr_RS\" \/>\n<meta property=\"og:type\" content=\"article\" \/>\n<meta property=\"og:title\" content=\"LeRoy, Nekretnine | Procene nekretnina Beograd Srbija, Analiza tr\u017ei\u0161ta nekretnina Beograd Srbija, Konsultantske usluge, Procene vrednosti nepokretnosti, Istra\u017eivanje tr\u017ei\u0161ta, Pregled tr\u017ei\u0161ta nekretnina\" \/>\n<meta property=\"og:description\" content=\"Procene nekretnina Beograd Srbija, Analiza tr\u017ei\u0161ta nekretnina Beograd Srbija. LeRoy je kompanija koja posluje u sektoru nekretnina pru\u017eaju\u0107i profesionalne konsultantske usluge i usluge posredovanja. Na\u0161 prevashodni cilj je obezbe\u0111ivanje objedinjene usluge, uz po\u0161tovanje poslovne politike individualnog pristupa svakom klijentu i uz puno razumevanje specifi\u010dnosti lokalnog tr\u017ei\u0161ta.\" \/>\n<meta property=\"og:url\" content=\"http:\/\/leroy.rs\/sr\/\" \/>\n<meta property=\"og:site_name\" content=\"LeRoy\" \/>\n<meta property=\"article:modified_time\" content=\"2025-06-04T15:34:28+00:00\" \/>\n<meta property=\"og:image\" content=\"http:\/\/leroy.rs\/wp-content\/uploads\/2016\/05\/real_estate_consulting_services_home.jpg\" \/>\n\t<meta property=\"og:image:width\" content=\"1060\" \/>\n\t<meta property=\"og:image:height\" content=\"375\" \/>\n\t<meta property=\"og:image:type\" content=\"image\/jpeg\" \/>\n<meta name=\"twitter:card\" content=\"summary_large_image\" \/>\n<meta name=\"twitter:title\" content=\"LeRoy, Nekretnine | Procene nekretnina Beograd Srbija, Analiza tr\u017ei\u0161ta nekretnina Beograd Srbija, Konsultantske usluge, Procene vrednosti nepokretnosti, Istra\u017eivanje tr\u017ei\u0161ta, Pregled tr\u017ei\u0161ta nekretnina\" \/>\n<meta name=\"twitter:description\" content=\"Procene nekretnina Beograd Srbija, Analiza tr\u017ei\u0161ta nekretnina Beograd Srbija. LeRoy je kompanija koja posluje u sektoru nekretnina pru\u017eaju\u0107i profesionalne konsultantske usluge i usluge posredovanja. Na\u0161 prevashodni cilj je obezbe\u0111ivanje objedinjene usluge, uz po\u0161tovanje poslovne politike individualnog pristupa svakom klijentu i uz puno razumevanje specifi\u010dnosti lokalnog tr\u017ei\u0161ta.\" \/>\n<meta name=\"twitter:label1\" content=\"\u041f\u0440\u043e\u0446\u0435\u045a\u0435\u043d\u043e \u0432\u0440\u0435\u043c\u0435 \u0447\u0438\u0442\u0430\u045a\u0430\" \/>\n\t<meta name=\"twitter:data1\" content=\"2 \u043c\u0438\u043d\u0443\u0442\u0430\" \/>\n<script type=\"application\/ld+json\" class=\"yoast-schema-graph\">{\"@context\":\"https:\/\/schema.org\",\"@graph\":[{\"@type\":\"WebPage\",\"@id\":\"http:\/\/leroy.rs\/sr\/\",\"url\":\"http:\/\/leroy.rs\/sr\/\",\"name\":\"LeRoy, Nekretnine | Procene nekretnina Beograd Srbija, Analiza tr\u017ei\u0161ta nekretnina Beograd Srbija, Konsultantske usluge, Procene vrednosti nepokretnosti, Istra\u017eivanje tr\u017ei\u0161ta, Pregled tr\u017ei\u0161ta nekretnina\",\"isPartOf\":{\"@id\":\"http:\/\/leroy.rs\/#website\"},\"primaryImageOfPage\":{\"@id\":\"http:\/\/leroy.rs\/sr\/#primaryimage\"},\"image\":{\"@id\":\"http:\/\/leroy.rs\/sr\/#primaryimage\"},\"thumbnailUrl\":\"http:\/\/leroy.rs\/wp-content\/uploads\/2016\/05\/real_estate_consulting_services_home.jpg\",\"datePublished\":\"2016-05-21T00:52:23+00:00\",\"dateModified\":\"2025-06-04T15:34:28+00:00\",\"description\":\"Procene nekretnina Beograd Srbija, Analiza tr\u017ei\u0161ta nekretnina Beograd Srbija. LeRoy je kompanija koja posluje u sektoru nekretnina pru\u017eaju\u0107i profesionalne konsultantske usluge i usluge posredovanja. Na\u0161 prevashodni cilj je obezbe\u0111ivanje objedinjene usluge, uz po\u0161tovanje poslovne politike individualnog pristupa svakom klijentu i uz puno razumevanje specifi\u010dnosti lokalnog tr\u017ei\u0161ta.\",\"breadcrumb\":{\"@id\":\"http:\/\/leroy.rs\/sr\/#breadcrumb\"},\"inLanguage\":\"sr-RS\",\"potentialAction\":[{\"@type\":\"ReadAction\",\"target\":[\"http:\/\/leroy.rs\/sr\/\"]}]},{\"@type\":\"ImageObject\",\"inLanguage\":\"sr-RS\",\"@id\":\"http:\/\/leroy.rs\/sr\/#primaryimage\",\"url\":\"http:\/\/leroy.rs\/wp-content\/uploads\/2016\/05\/real_estate_consulting_services_home.jpg\",\"contentUrl\":\"http:\/\/leroy.rs\/wp-content\/uploads\/2016\/05\/real_estate_consulting_services_home.jpg\",\"width\":1060,\"height\":375,\"caption\":\"Procene vrednosti nepokretnosti Srbija\"},{\"@type\":\"BreadcrumbList\",\"@id\":\"http:\/\/leroy.rs\/sr\/#breadcrumb\",\"itemListElement\":[{\"@type\":\"ListItem\",\"position\":1,\"name\":\"Home\",\"item\":\"http:\/\/leroy.rs\/sr\/\"},{\"@type\":\"ListItem\",\"position\":2,\"name\":\"Po\u010detna\"}]},{\"@type\":\"WebSite\",\"@id\":\"http:\/\/leroy.rs\/#website\",\"url\":\"http:\/\/leroy.rs\/\",\"name\":\"LeRoy\",\"description\":\"Real Estate company\",\"publisher\":{\"@id\":\"http:\/\/leroy.rs\/#organization\"},\"potentialAction\":[{\"@type\":\"SearchAction\",\"target\":{\"@type\":\"EntryPoint\",\"urlTemplate\":\"http:\/\/leroy.rs\/?s={search_term_string}\"},\"query-input\":{\"@type\":\"PropertyValueSpecification\",\"valueRequired\":true,\"valueName\":\"search_term_string\"}}],\"inLanguage\":\"sr-RS\"},{\"@type\":\"Organization\",\"@id\":\"http:\/\/leroy.rs\/#organization\",\"name\":\"LeRoy, Real Estate company\",\"url\":\"http:\/\/leroy.rs\/\",\"logo\":{\"@type\":\"ImageObject\",\"inLanguage\":\"sr-RS\",\"@id\":\"http:\/\/leroy.rs\/#\/schema\/logo\/image\/\",\"url\":\"https:\/\/leroy.rs\/wp-content\/uploads\/2016\/05\/LEROY_logo.jpg\",\"contentUrl\":\"https:\/\/leroy.rs\/wp-content\/uploads\/2016\/05\/LEROY_logo.jpg\",\"width\":480,\"height\":334,\"caption\":\"LeRoy, Real Estate company\"},\"image\":{\"@id\":\"http:\/\/leroy.rs\/#\/schema\/logo\/image\/\"}}]}<\/script>\n<!-- \/ Yoast SEO plugin. -->","yoast_head_json":{"title":"LeRoy, Nekretnine | Procene nekretnina Beograd Srbija, Analiza tr\u017ei\u0161ta nekretnina Beograd Srbija, Konsultantske usluge, Procene vrednosti nepokretnosti, Istra\u017eivanje tr\u017ei\u0161ta, Pregled tr\u017ei\u0161ta nekretnina","description":"Procene nekretnina Beograd Srbija, Analiza tr\u017ei\u0161ta nekretnina Beograd Srbija. LeRoy je kompanija koja posluje u sektoru nekretnina pru\u017eaju\u0107i profesionalne konsultantske usluge i usluge posredovanja. Na\u0161 prevashodni cilj je obezbe\u0111ivanje objedinjene usluge, uz po\u0161tovanje poslovne politike individualnog pristupa svakom klijentu i uz puno razumevanje specifi\u010dnosti lokalnog tr\u017ei\u0161ta.","robots":{"index":"index","follow":"follow","max-snippet":"max-snippet:-1","max-image-preview":"max-image-preview:large","max-video-preview":"max-video-preview:-1"},"canonical":"http:\/\/leroy.rs\/sr\/","og_locale":"sr_RS","og_type":"article","og_title":"LeRoy, Nekretnine | Procene nekretnina Beograd Srbija, Analiza tr\u017ei\u0161ta nekretnina Beograd Srbija, Konsultantske usluge, Procene vrednosti nepokretnosti, Istra\u017eivanje tr\u017ei\u0161ta, Pregled tr\u017ei\u0161ta nekretnina","og_description":"Procene nekretnina Beograd Srbija, Analiza tr\u017ei\u0161ta nekretnina Beograd Srbija. LeRoy je kompanija koja posluje u sektoru nekretnina pru\u017eaju\u0107i profesionalne konsultantske usluge i usluge posredovanja. Na\u0161 prevashodni cilj je obezbe\u0111ivanje objedinjene usluge, uz po\u0161tovanje poslovne politike individualnog pristupa svakom klijentu i uz puno razumevanje specifi\u010dnosti lokalnog tr\u017ei\u0161ta.","og_url":"http:\/\/leroy.rs\/sr\/","og_site_name":"LeRoy","article_modified_time":"2025-06-04T15:34:28+00:00","og_image":[{"width":1060,"height":375,"url":"http:\/\/leroy.rs\/wp-content\/uploads\/2016\/05\/real_estate_consulting_services_home.jpg","type":"image\/jpeg"}],"twitter_card":"summary_large_image","twitter_title":"LeRoy, Nekretnine | Procene nekretnina Beograd Srbija, Analiza tr\u017ei\u0161ta nekretnina Beograd Srbija, Konsultantske usluge, Procene vrednosti nepokretnosti, Istra\u017eivanje tr\u017ei\u0161ta, Pregled tr\u017ei\u0161ta nekretnina","twitter_description":"Procene nekretnina Beograd Srbija, Analiza tr\u017ei\u0161ta nekretnina Beograd Srbija. LeRoy je kompanija koja posluje u sektoru nekretnina pru\u017eaju\u0107i profesionalne konsultantske usluge i usluge posredovanja. Na\u0161 prevashodni cilj je obezbe\u0111ivanje objedinjene usluge, uz po\u0161tovanje poslovne politike individualnog pristupa svakom klijentu i uz puno razumevanje specifi\u010dnosti lokalnog tr\u017ei\u0161ta.","twitter_misc":{"\u041f\u0440\u043e\u0446\u0435\u045a\u0435\u043d\u043e \u0432\u0440\u0435\u043c\u0435 \u0447\u0438\u0442\u0430\u045a\u0430":"2 \u043c\u0438\u043d\u0443\u0442\u0430"},"schema":{"@context":"https:\/\/schema.org","@graph":[{"@type":"WebPage","@id":"http:\/\/leroy.rs\/sr\/","url":"http:\/\/leroy.rs\/sr\/","name":"LeRoy, Nekretnine | Procene nekretnina Beograd Srbija, Analiza tr\u017ei\u0161ta nekretnina Beograd Srbija, Konsultantske usluge, Procene vrednosti nepokretnosti, Istra\u017eivanje tr\u017ei\u0161ta, Pregled tr\u017ei\u0161ta nekretnina","isPartOf":{"@id":"http:\/\/leroy.rs\/#website"},"primaryImageOfPage":{"@id":"http:\/\/leroy.rs\/sr\/#primaryimage"},"image":{"@id":"http:\/\/leroy.rs\/sr\/#primaryimage"},"thumbnailUrl":"http:\/\/leroy.rs\/wp-content\/uploads\/2016\/05\/real_estate_consulting_services_home.jpg","datePublished":"2016-05-21T00:52:23+00:00","dateModified":"2025-06-04T15:34:28+00:00","description":"Procene nekretnina Beograd Srbija, Analiza tr\u017ei\u0161ta nekretnina Beograd Srbija. LeRoy je kompanija koja posluje u sektoru nekretnina pru\u017eaju\u0107i profesionalne konsultantske usluge i usluge posredovanja. Na\u0161 prevashodni cilj je obezbe\u0111ivanje objedinjene usluge, uz po\u0161tovanje poslovne politike individualnog pristupa svakom klijentu i uz puno razumevanje specifi\u010dnosti lokalnog tr\u017ei\u0161ta.","breadcrumb":{"@id":"http:\/\/leroy.rs\/sr\/#breadcrumb"},"inLanguage":"sr-RS","potentialAction":[{"@type":"ReadAction","target":["http:\/\/leroy.rs\/sr\/"]}]},{"@type":"ImageObject","inLanguage":"sr-RS","@id":"http:\/\/leroy.rs\/sr\/#primaryimage","url":"http:\/\/leroy.rs\/wp-content\/uploads\/2016\/05\/real_estate_consulting_services_home.jpg","contentUrl":"http:\/\/leroy.rs\/wp-content\/uploads\/2016\/05\/real_estate_consulting_services_home.jpg","width":1060,"height":375,"caption":"Procene vrednosti nepokretnosti Srbija"},{"@type":"BreadcrumbList","@id":"http:\/\/leroy.rs\/sr\/#breadcrumb","itemListElement":[{"@type":"ListItem","position":1,"name":"Home","item":"http:\/\/leroy.rs\/sr\/"},{"@type":"ListItem","position":2,"name":"Po\u010detna"}]},{"@type":"WebSite","@id":"http:\/\/leroy.rs\/#website","url":"http:\/\/leroy.rs\/","name":"LeRoy","description":"Real Estate company","publisher":{"@id":"http:\/\/leroy.rs\/#organization"},"potentialAction":[{"@type":"SearchAction","target":{"@type":"EntryPoint","urlTemplate":"http:\/\/leroy.rs\/?s={search_term_string}"},"query-input":{"@type":"PropertyValueSpecification","valueRequired":true,"valueName":"search_term_string"}}],"inLanguage":"sr-RS"},{"@type":"Organization","@id":"http:\/\/leroy.rs\/#organization","name":"LeRoy, Real Estate company","url":"http:\/\/leroy.rs\/","logo":{"@type":"ImageObject","inLanguage":"sr-RS","@id":"http:\/\/leroy.rs\/#\/schema\/logo\/image\/","url":"https:\/\/leroy.rs\/wp-content\/uploads\/2016\/05\/LEROY_logo.jpg","contentUrl":"https:\/\/leroy.rs\/wp-content\/uploads\/2016\/05\/LEROY_logo.jpg","width":480,"height":334,"caption":"LeRoy, Real Estate company"},"image":{"@id":"http:\/\/leroy.rs\/#\/schema\/logo\/image\/"}}]}},"_links":{"self":[{"href":"http:\/\/leroy.rs\/sr\/wp-json\/wp\/v2\/pages\/322","targetHints":{"allow":["GET"]}}],"collection":[{"href":"http:\/\/leroy.rs\/sr\/wp-json\/wp\/v2\/pages"}],"about":[{"href":"http:\/\/leroy.rs\/sr\/wp-json\/wp\/v2\/types\/page"}],"author":[{"embeddable":true,"href":"http:\/\/leroy.rs\/sr\/wp-json\/wp\/v2\/users\/1"}],"replies":[{"embeddable":true,"href":"http:\/\/leroy.rs\/sr\/wp-json\/wp\/v2\/comments?post=322"}],"version-history":[{"count":52,"href":"http:\/\/leroy.rs\/sr\/wp-json\/wp\/v2\/pages\/322\/revisions"}],"predecessor-version":[{"id":1052,"href":"http:\/\/leroy.rs\/sr\/wp-json\/wp\/v2\/pages\/322\/revisions\/1052"}],"wp:featuredmedia":[{"embeddable":true,"href":"http:\/\/leroy.rs\/sr\/wp-json\/wp\/v2\/media\/513"}],"wp:attachment":[{"href":"http:\/\/leroy.rs\/sr\/wp-json\/wp\/v2\/media?parent=322"}],"curies":[{"name":"wp","href":"https:\/\/api.w.org\/{rel}","templated":true}]}}